{"id":1947,"date":"2024-06-28T12:26:32","date_gmt":"2024-06-28T12:26:32","guid":{"rendered":"https:\/\/ecosocent.eu\/o4-online-non-formal-education-training-for-youth-workers-eco-se-e-training\/"},"modified":"2024-11-29T10:36:32","modified_gmt":"2024-11-29T10:36:32","slug":"o4-online-neformalni-obrazovni-trening-za-radnike-s-mladima-eco-se-e-trening","status":"publish","type":"page","link":"https:\/\/ecosocent.eu\/bs\/o4-online-neformalni-obrazovni-trening-za-radnike-s-mladima-eco-se-e-trening\/","title":{"rendered":"O4: Online neformalni obrazovni trening za radnike s mladima &#8220;Eco-SE E-trening&#8221;"},"content":{"rendered":"<p>&#8220;Ovaj Eco-SE e-training ima za cilj motivisati i pripremiti radnike sa mladima za promociju eko-socijalnog pristupa preduzetni\u0161tvu me\u0111u mladima. Cil jje promovisati odr\u017eivi razvoj i podsticati kulturu inovacija me\u0111u mla\u0111om generacijom. Program e-obuke je strukturiran u \u0161est modula e-u\u010denja koji se isporu\u010duju tokom dvodnevnog razdoblja obuke. Svaki modul pa\u017eljivo je osmi\u0161ljen kako bi pokrio razli\u010dite aspekte eko-socijalnog preduzetni\u0161tva, pru\u017eaju\u0107i produbljena znanja i prakti\u010dne vje\u0161tine. Kurikulum uklju\u010duje sljede\u0107e teme:<\/p>\n<ul>\n<li style=\"font-weight: 400;\" aria-level=\"1\"><strong>Uvod u preduzetni\u0161tvo:<\/strong> Cilj ovog modula je upoznati omladinske radnike s osnovnim konceptima preduzetni\u0161tva, uklju\u010duju\u0107i karakteristike uspje\u0161nih preduzetnika, preduzetni\u010dki na\u010din razmi\u0161ljanja i proces pokretanja i vo\u0111enja preduze\u0107a. Kao rezultat toga, u\u010desnici \u2013 radnici koji rade s mladima ima\u0107e znanje i digitalne alate za edukaciju mladih o razli\u010ditim vrstama preduzetni\u0161tva i klju\u010dnim vje\u0161tinama potrebnim za uspjeh.<\/li>\n<li style=\"font-weight: 400;\" aria-level=\"1\"><strong>Uvod u eko-socijalno preduzetni\u0161tvo:<\/strong> Ova sesija za radnike sa mladima istra\u017euje na\u010dela eko-socijalnog preduzetni\u0161tva, fokusiraju\u0107i se na preduze\u0107a koja imaju za cilj rje\u0161avanje dru\u0161tvenih i ekolo\u0161kih pitanja. Kao rezultat toga, radnici koji rade s mladima razumjeti \u0107e eko-dru\u0161tveni koncept u poslovanju i znati kako mlade ljude upoznati s poslovima koji nisu samo profitabilni, ve\u0107 i pozitivno doprinose dru\u0161tvu i okolini.<\/li>\n<li style=\"font-weight: 400;\" aria-level=\"1\"><strong>Odr\u017eivost i dru\u0161tvena odgovornost:<\/strong> U ovom modulu, radnici sa mladima nau\u010diti \u0107e o va\u017enosti odr\u017eivosti i dru\u0161tvene odgovornosti preduze\u0107a (CSR) u poslovanju. Dobiti \u0107e znanja i digitalne alate za upoznavanje mladih sa odr\u017eivim poslovnim praksama, eti\u010dkim odlu\u010divanjem i na\u010dinima na koje kompanije mogu uravnote\u017eiti profit sa pozitivnim dru\u0161tvenim i ekolo\u0161kim uticajem.<\/li>\n<li style=\"font-weight: 400;\" aria-level=\"1\"><strong>Inovacija i kreativnost:<\/strong> Ova sesija nagla\u0161ava ulogu inovativnosti i kreativnosti u preduzetni\u0161tvu. Radnici sa mladima, kao u\u010desnici, istra\u017eiti \u0107e tehnike za generisanje kreativnih ideja, razvoj inovativnih proizvoda i usluga te podsticanje kulture inovacija u svojim organizacijama. Kao rezultat toga, dobiti \u0107e znanja i materijale o tome kako mlade ljude opremiti kreativnim vje\u0161tinama u poslovanju.<\/li>\n<li style=\"font-weight: 400;\" aria-level=\"1\"><strong>Poslovno planiranje i strategija:<\/strong> Ovaj modul obuhvata osnove poslovnog planiranja i razvoja strategije. Radnici s mladima vje\u017eba\u0107e izradu poslovnih planova, provo\u0111enje istra\u017eivanja tr\u017ei\u0161ta i razvijanje strate\u0161kih ciljeva i akcijskih planova za vo\u0111enje svog poslovanja prema rastu i uspjehu. Kao rezultat toga, ima\u0107e znanje, digitalne alate i materijale (npr. Canvas model) za upoznavanje mladih ljudi sa poslovnim planiranjem i strate\u0161kim pristupima na po\u010detku ovog procesa.<\/li>\n<li style=\"font-weight: 400;\" aria-level=\"1\"><strong>Marketing i prodaja:<\/strong> Zavr\u0161ni modul usmjeren je na u\u010dinkovite marketin\u0161ke i prodajne strategije. Radnici sa mladima nau\u010di\u0107e tehnike za razumijevanje potreba kupaca, razvoj marketin\u0161kih kampanja, kori\u0161tenje digitalnih marketin\u0161kih alata i izgradnju jakih prodajnih tehnika za poticanje rasta poslovanja. Kao rezultat toga, ima\u0107e osnovna znanja i materijale za upoznavanje mladih sa u\u010dinkovitim marketingom i planiranjem prodaje.&#8221;<\/li>\n<\/ul>\n","protected":false},"excerpt":{"rendered":"<p>&#8220;Ovaj Eco-SE e-training ima za cilj motivisati i pripremiti radnike sa mladima za promociju eko-socijalnog pristupa preduzetni\u0161tvu me\u0111u mladima. Cil jje promovisati odr\u017eivi razvoj i podsticati kulturu inovacija me\u0111u mla\u0111om generacijom. Program e-obuke je strukturiran u \u0161est modula e-u\u010denja koji se isporu\u010duju tokom dvodnevnog razdoblja obuke. Svaki modul pa\u017eljivo je osmi\u0161ljen kako bi pokrio razli\u010dite [&hellip;]<\/p>\n","protected":false},"author":1,"featured_media":0,"parent":0,"menu_order":0,"comment_status":"closed","ping_status":"closed","template":"templates\/template-book4.php","meta":{"footnotes":""},"class_list":["post-1947","page","type-page","status-publish","hentry"],"acf":[],"yoast_head":"<!-- This site is optimized with the Yoast SEO plugin v20.0 - https:\/\/yoast.com\/wordpress\/plugins\/seo\/ -->\n<title>O4: Online neformalni obrazovni trening za radnike s mladima &quot;Eco-SE E-trening&quot; - BC4ESE<\/title>\n<meta name=\"robots\" content=\"index, follow, max-snippet:-1, max-image-preview:large, max-video-preview:-1\" \/>\n<link rel=\"canonical\" href=\"https:\/\/ecosocent.eu\/bs\/o4-online-neformalni-obrazovni-trening-za-radnike-s-mladima-eco-se-e-trening\/\" \/>\n<meta property=\"og:locale\" content=\"bs_BA\" \/>\n<meta property=\"og:type\" content=\"article\" \/>\n<meta property=\"og:title\" content=\"O4: Online neformalni obrazovni trening za radnike s mladima &quot;Eco-SE E-trening&quot; - BC4ESE\" \/>\n<meta property=\"og:description\" content=\"&#8220;Ovaj Eco-SE e-training ima za cilj motivisati i pripremiti radnike sa mladima za promociju eko-socijalnog pristupa preduzetni\u0161tvu me\u0111u mladima. Cil jje promovisati odr\u017eivi razvoj i podsticati kulturu inovacija me\u0111u mla\u0111om generacijom. Program e-obuke je strukturiran u \u0161est modula e-u\u010denja koji se isporu\u010duju tokom dvodnevnog razdoblja obuke. Svaki modul pa\u017eljivo je osmi\u0161ljen kako bi pokrio razli\u010dite [&hellip;]\" \/>\n<meta property=\"og:url\" content=\"https:\/\/ecosocent.eu\/bs\/o4-online-neformalni-obrazovni-trening-za-radnike-s-mladima-eco-se-e-trening\/\" \/>\n<meta property=\"og:site_name\" content=\"BC4ESE\" \/>\n<meta property=\"article:modified_time\" content=\"2024-11-29T10:36:32+00:00\" \/>\n<meta name=\"twitter:card\" content=\"summary_large_image\" \/>\n<meta name=\"twitter:label1\" content=\"Est. reading time\" \/>\n\t<meta name=\"twitter:data1\" content=\"2 minute\" \/>\n<script type=\"application\/ld+json\" class=\"yoast-schema-graph\">{\"@context\":\"https:\/\/schema.org\",\"@graph\":[{\"@type\":\"WebPage\",\"@id\":\"https:\/\/ecosocent.eu\/bs\/o4-online-neformalni-obrazovni-trening-za-radnike-s-mladima-eco-se-e-trening\/\",\"url\":\"https:\/\/ecosocent.eu\/bs\/o4-online-neformalni-obrazovni-trening-za-radnike-s-mladima-eco-se-e-trening\/\",\"name\":\"O4: Online neformalni obrazovni trening za radnike s mladima \\\"Eco-SE E-trening\\\" - BC4ESE\",\"isPartOf\":{\"@id\":\"https:\/\/ecosocent.eu\/bs\/#website\"},\"datePublished\":\"2024-06-28T12:26:32+00:00\",\"dateModified\":\"2024-11-29T10:36:32+00:00\",\"breadcrumb\":{\"@id\":\"https:\/\/ecosocent.eu\/bs\/o4-online-neformalni-obrazovni-trening-za-radnike-s-mladima-eco-se-e-trening\/#breadcrumb\"},\"inLanguage\":\"bs-BA\",\"potentialAction\":[{\"@type\":\"ReadAction\",\"target\":[\"https:\/\/ecosocent.eu\/bs\/o4-online-neformalni-obrazovni-trening-za-radnike-s-mladima-eco-se-e-trening\/\"]}]},{\"@type\":\"BreadcrumbList\",\"@id\":\"https:\/\/ecosocent.eu\/bs\/o4-online-neformalni-obrazovni-trening-za-radnike-s-mladima-eco-se-e-trening\/#breadcrumb\",\"itemListElement\":[{\"@type\":\"ListItem\",\"position\":1,\"name\":\"Home\",\"item\":\"https:\/\/ecosocent.eu\/bs\/\"},{\"@type\":\"ListItem\",\"position\":2,\"name\":\"O4: Online neformalni obrazovni trening za radnike s mladima &#8220;Eco-SE E-trening&#8221;\"}]},{\"@type\":\"WebSite\",\"@id\":\"https:\/\/ecosocent.eu\/bs\/#website\",\"url\":\"https:\/\/ecosocent.eu\/bs\/\",\"name\":\"BC4ESE\",\"description\":\"Building capacities for innovation in the eco-social entrepreneurship education\",\"potentialAction\":[{\"@type\":\"SearchAction\",\"target\":{\"@type\":\"EntryPoint\",\"urlTemplate\":\"https:\/\/ecosocent.eu\/bs\/?s={search_term_string}\"},\"query-input\":\"required name=search_term_string\"}],\"inLanguage\":\"bs-BA\"}]}<\/script>\n<!-- \/ Yoast SEO plugin. -->","yoast_head_json":{"title":"O4: Online neformalni obrazovni trening za radnike s mladima \"Eco-SE E-trening\" - BC4ESE","robots":{"index":"index","follow":"follow","max-snippet":"max-snippet:-1","max-image-preview":"max-image-preview:large","max-video-preview":"max-video-preview:-1"},"canonical":"https:\/\/ecosocent.eu\/bs\/o4-online-neformalni-obrazovni-trening-za-radnike-s-mladima-eco-se-e-trening\/","og_locale":"bs_BA","og_type":"article","og_title":"O4: Online neformalni obrazovni trening za radnike s mladima \"Eco-SE E-trening\" - BC4ESE","og_description":"&#8220;Ovaj Eco-SE e-training ima za cilj motivisati i pripremiti radnike sa mladima za promociju eko-socijalnog pristupa preduzetni\u0161tvu me\u0111u mladima. Cil jje promovisati odr\u017eivi razvoj i podsticati kulturu inovacija me\u0111u mla\u0111om generacijom. Program e-obuke je strukturiran u \u0161est modula e-u\u010denja koji se isporu\u010duju tokom dvodnevnog razdoblja obuke. Svaki modul pa\u017eljivo je osmi\u0161ljen kako bi pokrio razli\u010dite [&hellip;]","og_url":"https:\/\/ecosocent.eu\/bs\/o4-online-neformalni-obrazovni-trening-za-radnike-s-mladima-eco-se-e-trening\/","og_site_name":"BC4ESE","article_modified_time":"2024-11-29T10:36:32+00:00","twitter_card":"summary_large_image","twitter_misc":{"Est. reading time":"2 minute"},"schema":{"@context":"https:\/\/schema.org","@graph":[{"@type":"WebPage","@id":"https:\/\/ecosocent.eu\/bs\/o4-online-neformalni-obrazovni-trening-za-radnike-s-mladima-eco-se-e-trening\/","url":"https:\/\/ecosocent.eu\/bs\/o4-online-neformalni-obrazovni-trening-za-radnike-s-mladima-eco-se-e-trening\/","name":"O4: Online neformalni obrazovni trening za radnike s mladima \"Eco-SE E-trening\" - BC4ESE","isPartOf":{"@id":"https:\/\/ecosocent.eu\/bs\/#website"},"datePublished":"2024-06-28T12:26:32+00:00","dateModified":"2024-11-29T10:36:32+00:00","breadcrumb":{"@id":"https:\/\/ecosocent.eu\/bs\/o4-online-neformalni-obrazovni-trening-za-radnike-s-mladima-eco-se-e-trening\/#breadcrumb"},"inLanguage":"bs-BA","potentialAction":[{"@type":"ReadAction","target":["https:\/\/ecosocent.eu\/bs\/o4-online-neformalni-obrazovni-trening-za-radnike-s-mladima-eco-se-e-trening\/"]}]},{"@type":"BreadcrumbList","@id":"https:\/\/ecosocent.eu\/bs\/o4-online-neformalni-obrazovni-trening-za-radnike-s-mladima-eco-se-e-trening\/#breadcrumb","itemListElement":[{"@type":"ListItem","position":1,"name":"Home","item":"https:\/\/ecosocent.eu\/bs\/"},{"@type":"ListItem","position":2,"name":"O4: Online neformalni obrazovni trening za radnike s mladima &#8220;Eco-SE E-trening&#8221;"}]},{"@type":"WebSite","@id":"https:\/\/ecosocent.eu\/bs\/#website","url":"https:\/\/ecosocent.eu\/bs\/","name":"BC4ESE","description":"Building capacities for innovation in the eco-social entrepreneurship education","potentialAction":[{"@type":"SearchAction","target":{"@type":"EntryPoint","urlTemplate":"https:\/\/ecosocent.eu\/bs\/?s={search_term_string}"},"query-input":"required name=search_term_string"}],"inLanguage":"bs-BA"}]}},"_links":{"self":[{"href":"https:\/\/ecosocent.eu\/bs\/wp-json\/wp\/v2\/pages\/1947","targetHints":{"allow":["GET"]}}],"collection":[{"href":"https:\/\/ecosocent.eu\/bs\/wp-json\/wp\/v2\/pages"}],"about":[{"href":"https:\/\/ecosocent.eu\/bs\/wp-json\/wp\/v2\/types\/page"}],"author":[{"embeddable":true,"href":"https:\/\/ecosocent.eu\/bs\/wp-json\/wp\/v2\/users\/1"}],"replies":[{"embeddable":true,"href":"https:\/\/ecosocent.eu\/bs\/wp-json\/wp\/v2\/comments?post=1947"}],"version-history":[{"count":4,"href":"https:\/\/ecosocent.eu\/bs\/wp-json\/wp\/v2\/pages\/1947\/revisions"}],"predecessor-version":[{"id":2008,"href":"https:\/\/ecosocent.eu\/bs\/wp-json\/wp\/v2\/pages\/1947\/revisions\/2008"}],"wp:attachment":[{"href":"https:\/\/ecosocent.eu\/bs\/wp-json\/wp\/v2\/media?parent=1947"}],"curies":[{"name":"wp","href":"https:\/\/api.w.org\/{rel}","templated":true}]}}