{"id":488,"date":"2022-12-01T14:22:43","date_gmt":"2022-12-01T14:22:43","guid":{"rendered":"https:\/\/ecosocent.eu\/eco-social-entrepreneurship-analysis-needs-obstacles-and-good-practices\/"},"modified":"2023-02-23T13:22:48","modified_gmt":"2023-02-23T13:22:48","slug":"analiza-eko-socijalnog-preduzetnistva-potrebe-prepreke-i-dobre-prakse","status":"publish","type":"page","link":"https:\/\/ecosocent.eu\/bs\/analiza-eko-socijalnog-preduzetnistva-potrebe-prepreke-i-dobre-prakse\/","title":{"rendered":"Analiza eko-socijalnog preduzetni\u0161tva:  potrebe, prepreke i dobre prakse"},"content":{"rendered":"<p style=\"text-align: left;\">Cilj ovog dokumenta je sagledati eko-socijalnu ekonomiju u evropskim zemljama i partnerskim zemljama Zapadnog Balkana. Kona\u010dni cilj je podsta\u0107i vi\u0161e mladih ljudi na pokretanje i razvoj eko-socijalnih preduze\u0107a i osigurati im pristup odgovaraju\u0107oj pomo\u0107i i podr\u0161ci u svakoj fazi njihovog preduzetni\u010dkog puta<\/p>\n<p style=\"text-align: left;\">Diesis Network i CDP \u201cGlobus\u201d odgovorni su partneri za izradu ovog dokumenta i podr\u0161ku svim partnerima na projektu: koordiniraju\u0107i partner CEDRA Split (Hrvatska), Agencija za lokalni razvoj Prozor-Rama (Bosna i Hercegovina), Mladi ambasadori (Srbija), ADP-Zid i Centar za stru\u010dno obrazovanje (Crna Gora) i Hub Nicosia (Kipar).<br \/>\nOvaj dokument podijeljen je u dva glavna dijela: op\u0161te informacije o pozadini socijalnog\/dru\u0161tvenog preduzetni\u0161tva i konceptu eko-socijalnog preduzetni\u0161tva te analiza u zemlji.<br \/>\nZa svaku zemlju, fokusirali smo se na sljede\u0107e ta\u010dke:<\/p>\n<ol style=\"text-align: left;\" type=\"a\">\n<li style=\"text-align: left;\">a.)\u00a0Istra\u017eivanje i analizu postoje\u0107eg stanja eko-socijalnog preduzetni\u0161tva u partnerskim zemljama<\/li>\n<li style=\"text-align: left;\">b.)\u00a0Istra\u017eivanje prepreka za razvoj eko-dru\u0161tvenih projekata i aktivnosti kroz socijalno\/dru\u0161tveno preduzetni\u0161tvo<\/li>\n<li style=\"text-align: left;\">c.)\u00a0Primjere dobre prakse postoje\u0107ih eko-dru\u0161tvenih preduzetnika u partnerskim zemljama, EU i svijetu.<\/li>\n<\/ol>\n<p style=\"text-align: left;\">S obzirom na to da je Zapadni Balkan jedan od regiona u Evropi koji su najvi\u0161e pogo\u0111eni klimatskim promjenama i da se procjenjuje da \u0107e isti trend biti do kraja vijeka, aktivnosti predvi\u0111ene Zelenom agendom za Zapadni Balkan u okviru Ekonomskog i investicijskog plana za Zapadni Balkan klju\u010dni su faktori za postizanje cilja klimatske neutralnosti. Eko socijalno preduzetni\u0161tvo \u010dini zna\u010dajan dio Zelene agende, \u0161to zasigurno mo\u017ee podsta\u0107i region da tra\u017ei opcije za smanjenje otiska potro\u0161nje i pove\u0107anje stope kru\u017ene upotrebe materijala, \u0161to \u0107e zauzvrat podsta\u0107i ekonomski rast. <sup>1<\/sup><\/p>\n<h6 style=\"text-align: left;\"><sup>1<\/sup> Radni dokument Komisije (2020), Smjernice za implementaciju Zelene agende za Zapadni Balkan koje prati Saop\u0161tenje Komisije Evropskom parlamentu, Vije\u0107u, Evropskom ekonomskom i socijalnom odboru i Odboru regija. Ekonomski i investicijski plan za Zapadni Balkan, SWD\/2020\/223 final<\/h6>\n","protected":false},"excerpt":{"rendered":"<p>Cilj ovog dokumenta je sagledati eko-socijalnu ekonomiju u evropskim zemljama i partnerskim zemljama Zapadnog Balkana. Kona\u010dni cilj je podsta\u0107i vi\u0161e mladih ljudi na pokretanje i razvoj eko-socijalnih preduze\u0107a i osigurati im pristup odgovaraju\u0107oj pomo\u0107i i podr\u0161ci u svakoj fazi njihovog preduzetni\u010dkog puta Diesis Network i CDP \u201cGlobus\u201d odgovorni su partneri za izradu ovog dokumenta i [&hellip;]<\/p>\n","protected":false},"author":1,"featured_media":411,"parent":0,"menu_order":0,"comment_status":"closed","ping_status":"closed","template":"templates\/template-book.php","meta":{"footnotes":""},"class_list":["post-488","page","type-page","status-publish","has-post-thumbnail","hentry"],"acf":[],"yoast_head":"<!-- This site is optimized with the Yoast SEO plugin v20.0 - https:\/\/yoast.com\/wordpress\/plugins\/seo\/ -->\n<title>Analiza eko-socijalnog preduzetni\u0161tva: potrebe, prepreke i dobre prakse - BC4ESE<\/title>\n<meta name=\"robots\" content=\"index, follow, max-snippet:-1, max-image-preview:large, max-video-preview:-1\" \/>\n<link rel=\"canonical\" href=\"https:\/\/ecosocent.eu\/bs\/analiza-eko-socijalnog-preduzetnistva-potrebe-prepreke-i-dobre-prakse\/\" \/>\n<meta property=\"og:locale\" content=\"bs_BA\" \/>\n<meta property=\"og:type\" content=\"article\" \/>\n<meta property=\"og:title\" content=\"Analiza eko-socijalnog preduzetni\u0161tva: potrebe, prepreke i dobre prakse - BC4ESE\" \/>\n<meta property=\"og:description\" content=\"Cilj ovog dokumenta je sagledati eko-socijalnu ekonomiju u evropskim zemljama i partnerskim zemljama Zapadnog Balkana. Kona\u010dni cilj je podsta\u0107i vi\u0161e mladih ljudi na pokretanje i razvoj eko-socijalnih preduze\u0107a i osigurati im pristup odgovaraju\u0107oj pomo\u0107i i podr\u0161ci u svakoj fazi njihovog preduzetni\u010dkog puta Diesis Network i CDP \u201cGlobus\u201d odgovorni su partneri za izradu ovog dokumenta i [&hellip;]\" \/>\n<meta property=\"og:url\" content=\"https:\/\/ecosocent.eu\/bs\/analiza-eko-socijalnog-preduzetnistva-potrebe-prepreke-i-dobre-prakse\/\" \/>\n<meta property=\"og:site_name\" content=\"BC4ESE\" \/>\n<meta property=\"article:modified_time\" content=\"2023-02-23T13:22:48+00:00\" \/>\n<meta property=\"og:image\" content=\"https:\/\/ecosocent.eu\/wp-content\/uploads\/2022\/12\/io1.png\" \/>\n\t<meta property=\"og:image:width\" content=\"624\" \/>\n\t<meta property=\"og:image:height\" content=\"390\" \/>\n\t<meta property=\"og:image:type\" content=\"image\/png\" \/>\n<meta name=\"twitter:card\" content=\"summary_large_image\" \/>\n<meta name=\"twitter:label1\" content=\"Est. reading time\" \/>\n\t<meta name=\"twitter:data1\" content=\"2 minute\" \/>\n<script type=\"application\/ld+json\" class=\"yoast-schema-graph\">{\"@context\":\"https:\/\/schema.org\",\"@graph\":[{\"@type\":\"WebPage\",\"@id\":\"https:\/\/ecosocent.eu\/bs\/analiza-eko-socijalnog-preduzetnistva-potrebe-prepreke-i-dobre-prakse\/\",\"url\":\"https:\/\/ecosocent.eu\/bs\/analiza-eko-socijalnog-preduzetnistva-potrebe-prepreke-i-dobre-prakse\/\",\"name\":\"Analiza eko-socijalnog preduzetni\u0161tva: potrebe, prepreke i dobre prakse - BC4ESE\",\"isPartOf\":{\"@id\":\"https:\/\/ecosocent.eu\/bs\/#website\"},\"datePublished\":\"2022-12-01T14:22:43+00:00\",\"dateModified\":\"2023-02-23T13:22:48+00:00\",\"breadcrumb\":{\"@id\":\"https:\/\/ecosocent.eu\/bs\/analiza-eko-socijalnog-preduzetnistva-potrebe-prepreke-i-dobre-prakse\/#breadcrumb\"},\"inLanguage\":\"bs-BA\",\"potentialAction\":[{\"@type\":\"ReadAction\",\"target\":[\"https:\/\/ecosocent.eu\/bs\/analiza-eko-socijalnog-preduzetnistva-potrebe-prepreke-i-dobre-prakse\/\"]}]},{\"@type\":\"BreadcrumbList\",\"@id\":\"https:\/\/ecosocent.eu\/bs\/analiza-eko-socijalnog-preduzetnistva-potrebe-prepreke-i-dobre-prakse\/#breadcrumb\",\"itemListElement\":[{\"@type\":\"ListItem\",\"position\":1,\"name\":\"Home\",\"item\":\"https:\/\/ecosocent.eu\/bs\/\"},{\"@type\":\"ListItem\",\"position\":2,\"name\":\"Analiza eko-socijalnog preduzetni\u0161tva: potrebe, prepreke i dobre prakse\"}]},{\"@type\":\"WebSite\",\"@id\":\"https:\/\/ecosocent.eu\/bs\/#website\",\"url\":\"https:\/\/ecosocent.eu\/bs\/\",\"name\":\"BC4ESE\",\"description\":\"Building capacities for innovation in the eco-social entrepreneurship education\",\"potentialAction\":[{\"@type\":\"SearchAction\",\"target\":{\"@type\":\"EntryPoint\",\"urlTemplate\":\"https:\/\/ecosocent.eu\/bs\/?s={search_term_string}\"},\"query-input\":\"required name=search_term_string\"}],\"inLanguage\":\"bs-BA\"}]}<\/script>\n<!-- \/ Yoast SEO plugin. -->","yoast_head_json":{"title":"Analiza eko-socijalnog preduzetni\u0161tva: potrebe, prepreke i dobre prakse - BC4ESE","robots":{"index":"index","follow":"follow","max-snippet":"max-snippet:-1","max-image-preview":"max-image-preview:large","max-video-preview":"max-video-preview:-1"},"canonical":"https:\/\/ecosocent.eu\/bs\/analiza-eko-socijalnog-preduzetnistva-potrebe-prepreke-i-dobre-prakse\/","og_locale":"bs_BA","og_type":"article","og_title":"Analiza eko-socijalnog preduzetni\u0161tva: potrebe, prepreke i dobre prakse - BC4ESE","og_description":"Cilj ovog dokumenta je sagledati eko-socijalnu ekonomiju u evropskim zemljama i partnerskim zemljama Zapadnog Balkana. Kona\u010dni cilj je podsta\u0107i vi\u0161e mladih ljudi na pokretanje i razvoj eko-socijalnih preduze\u0107a i osigurati im pristup odgovaraju\u0107oj pomo\u0107i i podr\u0161ci u svakoj fazi njihovog preduzetni\u010dkog puta Diesis Network i CDP \u201cGlobus\u201d odgovorni su partneri za izradu ovog dokumenta i [&hellip;]","og_url":"https:\/\/ecosocent.eu\/bs\/analiza-eko-socijalnog-preduzetnistva-potrebe-prepreke-i-dobre-prakse\/","og_site_name":"BC4ESE","article_modified_time":"2023-02-23T13:22:48+00:00","og_image":[{"width":624,"height":390,"url":"https:\/\/ecosocent.eu\/wp-content\/uploads\/2022\/12\/io1.png","type":"image\/png"}],"twitter_card":"summary_large_image","twitter_misc":{"Est. reading time":"2 minute"},"schema":{"@context":"https:\/\/schema.org","@graph":[{"@type":"WebPage","@id":"https:\/\/ecosocent.eu\/bs\/analiza-eko-socijalnog-preduzetnistva-potrebe-prepreke-i-dobre-prakse\/","url":"https:\/\/ecosocent.eu\/bs\/analiza-eko-socijalnog-preduzetnistva-potrebe-prepreke-i-dobre-prakse\/","name":"Analiza eko-socijalnog preduzetni\u0161tva: potrebe, prepreke i dobre prakse - BC4ESE","isPartOf":{"@id":"https:\/\/ecosocent.eu\/bs\/#website"},"datePublished":"2022-12-01T14:22:43+00:00","dateModified":"2023-02-23T13:22:48+00:00","breadcrumb":{"@id":"https:\/\/ecosocent.eu\/bs\/analiza-eko-socijalnog-preduzetnistva-potrebe-prepreke-i-dobre-prakse\/#breadcrumb"},"inLanguage":"bs-BA","potentialAction":[{"@type":"ReadAction","target":["https:\/\/ecosocent.eu\/bs\/analiza-eko-socijalnog-preduzetnistva-potrebe-prepreke-i-dobre-prakse\/"]}]},{"@type":"BreadcrumbList","@id":"https:\/\/ecosocent.eu\/bs\/analiza-eko-socijalnog-preduzetnistva-potrebe-prepreke-i-dobre-prakse\/#breadcrumb","itemListElement":[{"@type":"ListItem","position":1,"name":"Home","item":"https:\/\/ecosocent.eu\/bs\/"},{"@type":"ListItem","position":2,"name":"Analiza eko-socijalnog preduzetni\u0161tva: potrebe, prepreke i dobre prakse"}]},{"@type":"WebSite","@id":"https:\/\/ecosocent.eu\/bs\/#website","url":"https:\/\/ecosocent.eu\/bs\/","name":"BC4ESE","description":"Building capacities for innovation in the eco-social entrepreneurship education","potentialAction":[{"@type":"SearchAction","target":{"@type":"EntryPoint","urlTemplate":"https:\/\/ecosocent.eu\/bs\/?s={search_term_string}"},"query-input":"required name=search_term_string"}],"inLanguage":"bs-BA"}]}},"_links":{"self":[{"href":"https:\/\/ecosocent.eu\/bs\/wp-json\/wp\/v2\/pages\/488","targetHints":{"allow":["GET"]}}],"collection":[{"href":"https:\/\/ecosocent.eu\/bs\/wp-json\/wp\/v2\/pages"}],"about":[{"href":"https:\/\/ecosocent.eu\/bs\/wp-json\/wp\/v2\/types\/page"}],"author":[{"embeddable":true,"href":"https:\/\/ecosocent.eu\/bs\/wp-json\/wp\/v2\/users\/1"}],"replies":[{"embeddable":true,"href":"https:\/\/ecosocent.eu\/bs\/wp-json\/wp\/v2\/comments?post=488"}],"version-history":[{"count":8,"href":"https:\/\/ecosocent.eu\/bs\/wp-json\/wp\/v2\/pages\/488\/revisions"}],"predecessor-version":[{"id":803,"href":"https:\/\/ecosocent.eu\/bs\/wp-json\/wp\/v2\/pages\/488\/revisions\/803"}],"wp:featuredmedia":[{"embeddable":true,"href":"https:\/\/ecosocent.eu\/bs\/wp-json\/wp\/v2\/media\/411"}],"wp:attachment":[{"href":"https:\/\/ecosocent.eu\/bs\/wp-json\/wp\/v2\/media?parent=488"}],"curies":[{"name":"wp","href":"https:\/\/api.w.org\/{rel}","templated":true}]}}