{"id":987,"date":"2023-07-19T13:18:03","date_gmt":"2023-07-19T13:18:03","guid":{"rendered":"https:\/\/ecosocent.eu\/gamified-eco-entrepreneurship-education\/"},"modified":"2023-09-04T12:03:14","modified_gmt":"2023-09-04T12:03:14","slug":"igrificirana-eko-poduzetnicka-edukacija","status":"publish","type":"page","link":"https:\/\/ecosocent.eu\/bs\/igrificirana-eko-poduzetnicka-edukacija\/","title":{"rendered":"Igrificirana eko-poduzetni\u010dka edukacija"},"content":{"rendered":"<p style=\"text-align: left;\">Cilj ovog dokumenta je sagledati digitalnu igrifikaciju i metodologiju obrazovanja za digitalne uzore u pou\u010davanju tema o poduzetni\u0161tvu za mlade u europskim zemljama i zemljama Zapadnog Balkana, \u010dlanicama konzorcija projekta BC4ESE. Jedan od ciljeva ove publikacije je razviti gamificirane digitalne obrazovne resurse, alate i aktivnosti koji podu\u010davaju i promi\u010du dru\u0161tveno i eko-poduzetni\u0161tvo me\u0111u mladima, dok je krajnji cilj potaknuti vi\u0161e mladih ljudi na pokretanje i razvoj eko-dru\u0161tvenih poduze\u0107a i osigurati da imaju pristup odgovaraju\u0107oj pomo\u0107i i podr\u0161ci u svakoj fazi svog poduzetni\u010dkog puta.<\/p>\n<p style=\"text-align: left;\">ADP-Zid i Hub Nicosia su odgovorni partneri za izradu ovog isporu\u010divog rezultata uz podr\u0161ku svih partnera na projektu: koordiniraju\u0107i partner CEDRA Split (Hrvatska), Agencija za lokalni razvoj Prozor-Rama i CDP Globus (Bosna i Hercegovina) , Mladi ambasadori (Srbija), Diesis Network (Belgija) i CSO (Crna Gora).<\/p>\n<p style=\"text-align: left;\">Ovaj dokument podijeljen je u dva glavna dijela: op\u0107e pozadinske informacije o konceptu igrifikacije i u\u010denja temeljenog na igrama te njihovoj primjeni u poduzetni\u010dkom obrazovanju i analiza svake zemlje.<\/p>\n<p style=\"text-align: left;\"><span style=\"font-weight: 400;\">Za svaku dr\u017eavu usredoto\u010dili smo se na sljede\u0107e to\u010dke:\u202f\u00a0<\/span><\/p>\n<ol style=\"text-align: left;\">\n<li style=\"font-weight: 400;\" aria-level=\"1\">Postoje\u0107e stanje u vezi s metodologijom digitalne gamifikacije i metodologijom obrazovanja digitalnih uzora u pou\u010davanju mladih o temama o poduzetni\u0161tvu<\/li>\n<li style=\"font-weight: 400;\" aria-level=\"1\">Primjeri dobre prakse o igranim digitalnim obrazovnim resursima, alatima i aktivnostima koji podu\u010davaju i promi\u010du dru\u0161tveno i eko-poduzetni\u0161tvo mladih u partnerskim zemljama.<\/li>\n<\/ol>\n","protected":false},"excerpt":{"rendered":"<p>Cilj ovog dokumenta je sagledati digitalnu igrifikaciju i metodologiju obrazovanja za digitalne uzore u pou\u010davanju tema o poduzetni\u0161tvu za mlade u europskim zemljama i zemljama Zapadnog Balkana, \u010dlanicama konzorcija projekta BC4ESE. Jedan od ciljeva ove publikacije je razviti gamificirane digitalne obrazovne resurse, alate i aktivnosti koji podu\u010davaju i promi\u010du dru\u0161tveno i eko-poduzetni\u0161tvo me\u0111u mladima, dok [&hellip;]<\/p>\n","protected":false},"author":1,"featured_media":0,"parent":0,"menu_order":0,"comment_status":"closed","ping_status":"closed","template":"templates\/template-book2.php","meta":{"footnotes":""},"class_list":["post-987","page","type-page","status-publish","hentry"],"acf":[],"yoast_head":"<!-- This site is optimized with the Yoast SEO plugin v20.0 - https:\/\/yoast.com\/wordpress\/plugins\/seo\/ -->\n<title>Igrificirana eko-poduzetni\u010dka edukacija - BC4ESE<\/title>\n<meta name=\"robots\" content=\"index, follow, max-snippet:-1, max-image-preview:large, max-video-preview:-1\" \/>\n<link rel=\"canonical\" href=\"https:\/\/ecosocent.eu\/bs\/igrificirana-eko-poduzetnicka-edukacija\/\" \/>\n<meta property=\"og:locale\" content=\"bs_BA\" \/>\n<meta property=\"og:type\" content=\"article\" \/>\n<meta property=\"og:title\" content=\"Igrificirana eko-poduzetni\u010dka edukacija - BC4ESE\" \/>\n<meta property=\"og:description\" content=\"Cilj ovog dokumenta je sagledati digitalnu igrifikaciju i metodologiju obrazovanja za digitalne uzore u pou\u010davanju tema o poduzetni\u0161tvu za mlade u europskim zemljama i zemljama Zapadnog Balkana, \u010dlanicama konzorcija projekta BC4ESE. Jedan od ciljeva ove publikacije je razviti gamificirane digitalne obrazovne resurse, alate i aktivnosti koji podu\u010davaju i promi\u010du dru\u0161tveno i eko-poduzetni\u0161tvo me\u0111u mladima, dok [&hellip;]\" \/>\n<meta property=\"og:url\" content=\"https:\/\/ecosocent.eu\/bs\/igrificirana-eko-poduzetnicka-edukacija\/\" \/>\n<meta property=\"og:site_name\" content=\"BC4ESE\" \/>\n<meta property=\"article:modified_time\" content=\"2023-09-04T12:03:14+00:00\" \/>\n<meta name=\"twitter:card\" content=\"summary_large_image\" \/>\n<meta name=\"twitter:label1\" content=\"Est. reading time\" \/>\n\t<meta name=\"twitter:data1\" content=\"1 minuta\" \/>\n<script type=\"application\/ld+json\" class=\"yoast-schema-graph\">{\"@context\":\"https:\/\/schema.org\",\"@graph\":[{\"@type\":\"WebPage\",\"@id\":\"https:\/\/ecosocent.eu\/bs\/igrificirana-eko-poduzetnicka-edukacija\/\",\"url\":\"https:\/\/ecosocent.eu\/bs\/igrificirana-eko-poduzetnicka-edukacija\/\",\"name\":\"Igrificirana eko-poduzetni\u010dka edukacija - BC4ESE\",\"isPartOf\":{\"@id\":\"https:\/\/ecosocent.eu\/bs\/#website\"},\"datePublished\":\"2023-07-19T13:18:03+00:00\",\"dateModified\":\"2023-09-04T12:03:14+00:00\",\"breadcrumb\":{\"@id\":\"https:\/\/ecosocent.eu\/bs\/igrificirana-eko-poduzetnicka-edukacija\/#breadcrumb\"},\"inLanguage\":\"bs-BA\",\"potentialAction\":[{\"@type\":\"ReadAction\",\"target\":[\"https:\/\/ecosocent.eu\/bs\/igrificirana-eko-poduzetnicka-edukacija\/\"]}]},{\"@type\":\"BreadcrumbList\",\"@id\":\"https:\/\/ecosocent.eu\/bs\/igrificirana-eko-poduzetnicka-edukacija\/#breadcrumb\",\"itemListElement\":[{\"@type\":\"ListItem\",\"position\":1,\"name\":\"Home\",\"item\":\"https:\/\/ecosocent.eu\/bs\/\"},{\"@type\":\"ListItem\",\"position\":2,\"name\":\"Igrificirana eko-poduzetni\u010dka edukacija\"}]},{\"@type\":\"WebSite\",\"@id\":\"https:\/\/ecosocent.eu\/bs\/#website\",\"url\":\"https:\/\/ecosocent.eu\/bs\/\",\"name\":\"BC4ESE\",\"description\":\"Building capacities for innovation in the eco-social entrepreneurship education\",\"potentialAction\":[{\"@type\":\"SearchAction\",\"target\":{\"@type\":\"EntryPoint\",\"urlTemplate\":\"https:\/\/ecosocent.eu\/bs\/?s={search_term_string}\"},\"query-input\":\"required name=search_term_string\"}],\"inLanguage\":\"bs-BA\"}]}<\/script>\n<!-- \/ Yoast SEO plugin. -->","yoast_head_json":{"title":"Igrificirana eko-poduzetni\u010dka edukacija - BC4ESE","robots":{"index":"index","follow":"follow","max-snippet":"max-snippet:-1","max-image-preview":"max-image-preview:large","max-video-preview":"max-video-preview:-1"},"canonical":"https:\/\/ecosocent.eu\/bs\/igrificirana-eko-poduzetnicka-edukacija\/","og_locale":"bs_BA","og_type":"article","og_title":"Igrificirana eko-poduzetni\u010dka edukacija - BC4ESE","og_description":"Cilj ovog dokumenta je sagledati digitalnu igrifikaciju i metodologiju obrazovanja za digitalne uzore u pou\u010davanju tema o poduzetni\u0161tvu za mlade u europskim zemljama i zemljama Zapadnog Balkana, \u010dlanicama konzorcija projekta BC4ESE. Jedan od ciljeva ove publikacije je razviti gamificirane digitalne obrazovne resurse, alate i aktivnosti koji podu\u010davaju i promi\u010du dru\u0161tveno i eko-poduzetni\u0161tvo me\u0111u mladima, dok [&hellip;]","og_url":"https:\/\/ecosocent.eu\/bs\/igrificirana-eko-poduzetnicka-edukacija\/","og_site_name":"BC4ESE","article_modified_time":"2023-09-04T12:03:14+00:00","twitter_card":"summary_large_image","twitter_misc":{"Est. reading time":"1 minuta"},"schema":{"@context":"https:\/\/schema.org","@graph":[{"@type":"WebPage","@id":"https:\/\/ecosocent.eu\/bs\/igrificirana-eko-poduzetnicka-edukacija\/","url":"https:\/\/ecosocent.eu\/bs\/igrificirana-eko-poduzetnicka-edukacija\/","name":"Igrificirana eko-poduzetni\u010dka edukacija - BC4ESE","isPartOf":{"@id":"https:\/\/ecosocent.eu\/bs\/#website"},"datePublished":"2023-07-19T13:18:03+00:00","dateModified":"2023-09-04T12:03:14+00:00","breadcrumb":{"@id":"https:\/\/ecosocent.eu\/bs\/igrificirana-eko-poduzetnicka-edukacija\/#breadcrumb"},"inLanguage":"bs-BA","potentialAction":[{"@type":"ReadAction","target":["https:\/\/ecosocent.eu\/bs\/igrificirana-eko-poduzetnicka-edukacija\/"]}]},{"@type":"BreadcrumbList","@id":"https:\/\/ecosocent.eu\/bs\/igrificirana-eko-poduzetnicka-edukacija\/#breadcrumb","itemListElement":[{"@type":"ListItem","position":1,"name":"Home","item":"https:\/\/ecosocent.eu\/bs\/"},{"@type":"ListItem","position":2,"name":"Igrificirana eko-poduzetni\u010dka edukacija"}]},{"@type":"WebSite","@id":"https:\/\/ecosocent.eu\/bs\/#website","url":"https:\/\/ecosocent.eu\/bs\/","name":"BC4ESE","description":"Building capacities for innovation in the eco-social entrepreneurship education","potentialAction":[{"@type":"SearchAction","target":{"@type":"EntryPoint","urlTemplate":"https:\/\/ecosocent.eu\/bs\/?s={search_term_string}"},"query-input":"required name=search_term_string"}],"inLanguage":"bs-BA"}]}},"_links":{"self":[{"href":"https:\/\/ecosocent.eu\/bs\/wp-json\/wp\/v2\/pages\/987","targetHints":{"allow":["GET"]}}],"collection":[{"href":"https:\/\/ecosocent.eu\/bs\/wp-json\/wp\/v2\/pages"}],"about":[{"href":"https:\/\/ecosocent.eu\/bs\/wp-json\/wp\/v2\/types\/page"}],"author":[{"embeddable":true,"href":"https:\/\/ecosocent.eu\/bs\/wp-json\/wp\/v2\/users\/1"}],"replies":[{"embeddable":true,"href":"https:\/\/ecosocent.eu\/bs\/wp-json\/wp\/v2\/comments?post=987"}],"version-history":[{"count":9,"href":"https:\/\/ecosocent.eu\/bs\/wp-json\/wp\/v2\/pages\/987\/revisions"}],"predecessor-version":[{"id":1147,"href":"https:\/\/ecosocent.eu\/bs\/wp-json\/wp\/v2\/pages\/987\/revisions\/1147"}],"wp:attachment":[{"href":"https:\/\/ecosocent.eu\/bs\/wp-json\/wp\/v2\/media?parent=987"}],"curies":[{"name":"wp","href":"https:\/\/api.w.org\/{rel}","templated":true}]}}