{"id":1035,"date":"2023-07-19T13:18:03","date_gmt":"2023-07-19T13:18:03","guid":{"rendered":"https:\/\/ecosocent.eu\/gamifikacija-u-obrazovanju-za-eko-poduzetnistvo\/"},"modified":"2023-09-04T12:04:54","modified_gmt":"2023-09-04T12:04:54","slug":"education-eco-entrepreneuriale-gamifiee","status":"publish","type":"page","link":"https:\/\/ecosocent.eu\/fr\/education-eco-entrepreneuriale-gamifiee\/","title":{"rendered":"\u00c9ducation \u00e9co-entrepreneuriale gamifi\u00e9e"},"content":{"rendered":"<p style=\"text-align: left;\">L&#8217;objectif de ce document est d&#8217;examiner la m\u00e9thodologie de la gamification num\u00e9rique et de l&#8217;\u00e9ducation aux mod\u00e8les num\u00e9riques dans l&#8217;enseignement des sujets li\u00e9s \u00e0 l&#8217;entreprenariat aux jeunes des pays europ\u00e9ens et des Western Balkans , membres du consortium du projet BC4ESE. L&#8217;un des objectifs de cette publication est de d\u00e9velopper des ressources, des outils et des activit\u00e9s p\u00e9dagogiques num\u00e9riques gamifi\u00e9s qui enseignent et promeuvent l&#8217;entreprenariat social et l&#8217;\u00e9co-entreprenariat parmi les jeunes. Le but ultime est d&#8217;encourager davantage de jeunes \u00e0 cr\u00e9er et \u00e0 d\u00e9velopper des entreprises \u00e9co-sociales et de s&#8217;assurer qu&#8217;ils ont acc\u00e8s \u00e0 une assistance et \u00e0 un soutien appropri\u00e9s \u00e0 chaque phase de leur parcours entrepreneurial.<\/p>\n<p style=\"text-align: left;\">ADP-Zid et Hub Nicosia sont les partenaires responsables de la production de ce document avec le soutien de tous les partenaires du projet : le partenaire coordinateur CEDRA Split (Croatie), l&#8217;agence de d\u00e9veloppement local Prozor-Rama et CDP Globus (Bosnie-Herz\u00e9govine), les jeunes ambassadeurs (Serbie), le r\u00e9seau Diesis (Belgique) et l&#8217;OSC (Mont\u00e9n\u00e9gro).<\/p>\n<p style=\"text-align: left;\">Ce document est divis\u00e9 en deux parties principales : les informations g\u00e9n\u00e9rales sur le concept de gamification et d&#8217;apprentissage par le jeu et leur application dans la formation \u00e0 l&#8217;entrepreneuriat, et l&#8217;analyse de chaque pays.<\/p>\n<p style=\"text-align: left;\"><span style=\"font-weight: 400;\">Pour chaque pays, nous nous sommes concentr\u00e9s sur les points suivants : <\/span><\/p>\n<ol style=\"text-align: left;\">\n<li style=\"font-weight: 400;\" aria-level=\"1\">\u00c9tat actuel de la question concernant la m\u00e9thodologie de la gamification num\u00e9rique et la m\u00e9thodologie de l&#8217;\u00e9ducation par les mod\u00e8les num\u00e9riques dans l&#8217;enseignement des sujets li\u00e9s \u00e0 l&#8217;entrepreneuriat aux jeunes.<\/li>\n<li style=\"font-weight: 400;\" aria-level=\"1\">Exemples de bonnes pratiques en mati\u00e8re de ressources, d&#8217;outils et d&#8217;activit\u00e9s \u00e9ducatives num\u00e9riques ludiques qui enseignent et promeuvent l&#8217;entreprenariat social et l&#8217;\u00e9co-entreprenariat aupr\u00e8s des jeunes dans les pays partenaires.<\/li>\n<\/ol>\n","protected":false},"excerpt":{"rendered":"<p>L&#8217;objectif de ce document est d&#8217;examiner la m\u00e9thodologie de la gamification num\u00e9rique et de l&#8217;\u00e9ducation aux mod\u00e8les num\u00e9riques dans l&#8217;enseignement des sujets li\u00e9s \u00e0 l&#8217;entreprenariat aux jeunes des pays europ\u00e9ens et des Western Balkans , membres du consortium du projet BC4ESE. L&#8217;un des objectifs de cette publication est de d\u00e9velopper des ressources, des outils et [&hellip;]<\/p>\n","protected":false},"author":1,"featured_media":0,"parent":0,"menu_order":0,"comment_status":"closed","ping_status":"closed","template":"templates\/template-book2.php","meta":{"footnotes":""},"class_list":["post-1035","page","type-page","status-publish","hentry"],"acf":[],"yoast_head":"<!-- This site is optimized with the Yoast SEO plugin v20.0 - https:\/\/yoast.com\/wordpress\/plugins\/seo\/ -->\n<title>\u00c9ducation \u00e9co-entrepreneuriale gamifi\u00e9e - BC4ESE<\/title>\n<meta name=\"robots\" content=\"index, follow, max-snippet:-1, max-image-preview:large, max-video-preview:-1\" \/>\n<link rel=\"canonical\" href=\"https:\/\/ecosocent.eu\/fr\/education-eco-entrepreneuriale-gamifiee\/\" \/>\n<meta property=\"og:locale\" content=\"fr_FR\" \/>\n<meta property=\"og:type\" content=\"article\" \/>\n<meta property=\"og:title\" content=\"\u00c9ducation \u00e9co-entrepreneuriale gamifi\u00e9e - BC4ESE\" \/>\n<meta property=\"og:description\" content=\"L&#8217;objectif de ce document est d&#8217;examiner la m\u00e9thodologie de la gamification num\u00e9rique et de l&#8217;\u00e9ducation aux mod\u00e8les num\u00e9riques dans l&#8217;enseignement des sujets li\u00e9s \u00e0 l&#8217;entreprenariat aux jeunes des pays europ\u00e9ens et des Western Balkans , membres du consortium du projet BC4ESE. L&#8217;un des objectifs de cette publication est de d\u00e9velopper des ressources, des outils et [&hellip;]\" \/>\n<meta property=\"og:url\" content=\"https:\/\/ecosocent.eu\/fr\/education-eco-entrepreneuriale-gamifiee\/\" \/>\n<meta property=\"og:site_name\" content=\"BC4ESE\" \/>\n<meta property=\"article:modified_time\" content=\"2023-09-04T12:04:54+00:00\" \/>\n<meta name=\"twitter:card\" content=\"summary_large_image\" \/>\n<meta name=\"twitter:label1\" content=\"Dur\u00e9e de lecture estim\u00e9e\" \/>\n\t<meta name=\"twitter:data1\" content=\"1 minute\" \/>\n<script type=\"application\/ld+json\" class=\"yoast-schema-graph\">{\"@context\":\"https:\/\/schema.org\",\"@graph\":[{\"@type\":\"WebPage\",\"@id\":\"https:\/\/ecosocent.eu\/fr\/education-eco-entrepreneuriale-gamifiee\/\",\"url\":\"https:\/\/ecosocent.eu\/fr\/education-eco-entrepreneuriale-gamifiee\/\",\"name\":\"\u00c9ducation \u00e9co-entrepreneuriale gamifi\u00e9e - BC4ESE\",\"isPartOf\":{\"@id\":\"https:\/\/ecosocent.eu\/fr\/#website\"},\"datePublished\":\"2023-07-19T13:18:03+00:00\",\"dateModified\":\"2023-09-04T12:04:54+00:00\",\"breadcrumb\":{\"@id\":\"https:\/\/ecosocent.eu\/fr\/education-eco-entrepreneuriale-gamifiee\/#breadcrumb\"},\"inLanguage\":\"fr-FR\",\"potentialAction\":[{\"@type\":\"ReadAction\",\"target\":[\"https:\/\/ecosocent.eu\/fr\/education-eco-entrepreneuriale-gamifiee\/\"]}]},{\"@type\":\"BreadcrumbList\",\"@id\":\"https:\/\/ecosocent.eu\/fr\/education-eco-entrepreneuriale-gamifiee\/#breadcrumb\",\"itemListElement\":[{\"@type\":\"ListItem\",\"position\":1,\"name\":\"Home\",\"item\":\"https:\/\/ecosocent.eu\/fr\/\"},{\"@type\":\"ListItem\",\"position\":2,\"name\":\"\u00c9ducation \u00e9co-entrepreneuriale gamifi\u00e9e\"}]},{\"@type\":\"WebSite\",\"@id\":\"https:\/\/ecosocent.eu\/fr\/#website\",\"url\":\"https:\/\/ecosocent.eu\/fr\/\",\"name\":\"BC4ESE\",\"description\":\"Building capacities for innovation in the eco-social entrepreneurship education\",\"potentialAction\":[{\"@type\":\"SearchAction\",\"target\":{\"@type\":\"EntryPoint\",\"urlTemplate\":\"https:\/\/ecosocent.eu\/fr\/?s={search_term_string}\"},\"query-input\":\"required name=search_term_string\"}],\"inLanguage\":\"fr-FR\"}]}<\/script>\n<!-- \/ Yoast SEO plugin. -->","yoast_head_json":{"title":"\u00c9ducation \u00e9co-entrepreneuriale gamifi\u00e9e - BC4ESE","robots":{"index":"index","follow":"follow","max-snippet":"max-snippet:-1","max-image-preview":"max-image-preview:large","max-video-preview":"max-video-preview:-1"},"canonical":"https:\/\/ecosocent.eu\/fr\/education-eco-entrepreneuriale-gamifiee\/","og_locale":"fr_FR","og_type":"article","og_title":"\u00c9ducation \u00e9co-entrepreneuriale gamifi\u00e9e - BC4ESE","og_description":"L&#8217;objectif de ce document est d&#8217;examiner la m\u00e9thodologie de la gamification num\u00e9rique et de l&#8217;\u00e9ducation aux mod\u00e8les num\u00e9riques dans l&#8217;enseignement des sujets li\u00e9s \u00e0 l&#8217;entreprenariat aux jeunes des pays europ\u00e9ens et des Western Balkans , membres du consortium du projet BC4ESE. L&#8217;un des objectifs de cette publication est de d\u00e9velopper des ressources, des outils et [&hellip;]","og_url":"https:\/\/ecosocent.eu\/fr\/education-eco-entrepreneuriale-gamifiee\/","og_site_name":"BC4ESE","article_modified_time":"2023-09-04T12:04:54+00:00","twitter_card":"summary_large_image","twitter_misc":{"Dur\u00e9e de lecture estim\u00e9e":"1 minute"},"schema":{"@context":"https:\/\/schema.org","@graph":[{"@type":"WebPage","@id":"https:\/\/ecosocent.eu\/fr\/education-eco-entrepreneuriale-gamifiee\/","url":"https:\/\/ecosocent.eu\/fr\/education-eco-entrepreneuriale-gamifiee\/","name":"\u00c9ducation \u00e9co-entrepreneuriale gamifi\u00e9e - BC4ESE","isPartOf":{"@id":"https:\/\/ecosocent.eu\/fr\/#website"},"datePublished":"2023-07-19T13:18:03+00:00","dateModified":"2023-09-04T12:04:54+00:00","breadcrumb":{"@id":"https:\/\/ecosocent.eu\/fr\/education-eco-entrepreneuriale-gamifiee\/#breadcrumb"},"inLanguage":"fr-FR","potentialAction":[{"@type":"ReadAction","target":["https:\/\/ecosocent.eu\/fr\/education-eco-entrepreneuriale-gamifiee\/"]}]},{"@type":"BreadcrumbList","@id":"https:\/\/ecosocent.eu\/fr\/education-eco-entrepreneuriale-gamifiee\/#breadcrumb","itemListElement":[{"@type":"ListItem","position":1,"name":"Home","item":"https:\/\/ecosocent.eu\/fr\/"},{"@type":"ListItem","position":2,"name":"\u00c9ducation \u00e9co-entrepreneuriale gamifi\u00e9e"}]},{"@type":"WebSite","@id":"https:\/\/ecosocent.eu\/fr\/#website","url":"https:\/\/ecosocent.eu\/fr\/","name":"BC4ESE","description":"Building capacities for innovation in the eco-social entrepreneurship education","potentialAction":[{"@type":"SearchAction","target":{"@type":"EntryPoint","urlTemplate":"https:\/\/ecosocent.eu\/fr\/?s={search_term_string}"},"query-input":"required name=search_term_string"}],"inLanguage":"fr-FR"}]}},"_links":{"self":[{"href":"https:\/\/ecosocent.eu\/fr\/wp-json\/wp\/v2\/pages\/1035","targetHints":{"allow":["GET"]}}],"collection":[{"href":"https:\/\/ecosocent.eu\/fr\/wp-json\/wp\/v2\/pages"}],"about":[{"href":"https:\/\/ecosocent.eu\/fr\/wp-json\/wp\/v2\/types\/page"}],"author":[{"embeddable":true,"href":"https:\/\/ecosocent.eu\/fr\/wp-json\/wp\/v2\/users\/1"}],"replies":[{"embeddable":true,"href":"https:\/\/ecosocent.eu\/fr\/wp-json\/wp\/v2\/comments?post=1035"}],"version-history":[{"count":8,"href":"https:\/\/ecosocent.eu\/fr\/wp-json\/wp\/v2\/pages\/1035\/revisions"}],"predecessor-version":[{"id":1149,"href":"https:\/\/ecosocent.eu\/fr\/wp-json\/wp\/v2\/pages\/1035\/revisions\/1149"}],"wp:attachment":[{"href":"https:\/\/ecosocent.eu\/fr\/wp-json\/wp\/v2\/media?parent=1035"}],"curies":[{"name":"wp","href":"https:\/\/api.w.org\/{rel}","templated":true}]}}