{"id":1697,"date":"2024-02-09T09:48:25","date_gmt":"2024-02-09T09:48:25","guid":{"rendered":"https:\/\/ecosocent.eu\/o3-interactive-web-platform-eco-se-e-lab\/"},"modified":"2025-04-24T09:13:25","modified_gmt":"2025-04-24T09:13:25","slug":"o3-plateforme-web-interactive-eco-se-e-lab","status":"publish","type":"page","link":"https:\/\/ecosocent.eu\/fr\/o3-plateforme-web-interactive-eco-se-e-lab\/","title":{"rendered":"O3 : Plateforme web interactive \u00ab Eco-SE-E-lab"},"content":{"rendered":"<p><span data-sheets-root=\"1\" data-sheets-value=\"{&quot;1&quot;:2,&quot;2&quot;:&quot;Cette plateforme web interactive propose 18 modules \u00e9ducatifs attrayants con\u00e7us pour plonger les apprenants dans le monde de l'entrepreneuriat \u00e9co-social. Chaque module a pour but d'inculquer et de promouvoir des th\u00e8mes et des comp\u00e9tences essentiels en mati\u00e8re d'entrepreneuriat \u00e9cosocial. \u00c0 travers une vari\u00e9t\u00e9 de jeux en ligne, de d\u00e9fis virtuels et d'activit\u00e9s num\u00e9riques, les participants explorent les parcours d'entrepreneurs \u00e9co-sociaux de la vie r\u00e9elle, tir\u00e9s des id\u00e9es glan\u00e9es dans le livre \u00e9lectronique \\&quot;Analyse de l'entrepreneuriat \u00e9co-social : besoins, obstacles et bonnes pratiques\\&quot;.\\nChaque exp\u00e9rience de jeu propose un r\u00e9cit mettant en sc\u00e8ne une ou plusieurs entreprises \u00e9co-sociales, soigneusement choisies comme mod\u00e8les exemplaires pour les entrepreneurs \u00e9co-sociaux en herbe. Ces modules sont m\u00e9ticuleusement con\u00e7us sur la base de sc\u00e9narios \u00e9ducatifs d\u00e9crits dans le livre \u00e9lectronique \\&quot;Gamified eco-entrepreneurship education\\&quot;, dans le but d'\u00e9duquer et d'inspirer.&quot;}\" data-sheets-userformat=\"{&quot;2&quot;:963,&quot;3&quot;:{&quot;1&quot;:0},&quot;4&quot;:{&quot;1&quot;:2,&quot;2&quot;:16777215},&quot;9&quot;:0,&quot;10&quot;:1,&quot;11&quot;:4,&quot;12&quot;:0}\">Cette plateforme web interactive propose 18 modules \u00e9ducatifs attrayants con\u00e7us pour plonger les apprenants dans le monde de l&#8217;entrepreneuriat \u00e9co-social. Chaque module a pour but d&#8217;inculquer et de promouvoir des th\u00e8mes et des comp\u00e9tences essentiels en mati\u00e8re d&#8217;entrepreneuriat \u00e9cosocial. \u00c0 travers une vari\u00e9t\u00e9 de jeux en ligne, de d\u00e9fis virtuels et d&#8217;activit\u00e9s num\u00e9riques, les participants explorent les parcours d&#8217;entrepreneurs \u00e9co-sociaux de la vie r\u00e9elle, tir\u00e9s des id\u00e9es glan\u00e9es dans le livre \u00e9lectronique &#8220;Analyse de l&#8217;entrepreneuriat \u00e9co-social : besoins, obstacles et bonnes pratiques&#8221;.<\/span><\/p>\n<p><span data-sheets-root=\"1\" data-sheets-value=\"{&quot;1&quot;:2,&quot;2&quot;:&quot;Cette plateforme web interactive propose 18 modules \u00e9ducatifs attrayants con\u00e7us pour plonger les apprenants dans le monde de l'entrepreneuriat \u00e9co-social. Chaque module a pour but d'inculquer et de promouvoir des th\u00e8mes et des comp\u00e9tences essentiels en mati\u00e8re d'entrepreneuriat \u00e9cosocial. \u00c0 travers une vari\u00e9t\u00e9 de jeux en ligne, de d\u00e9fis virtuels et d'activit\u00e9s num\u00e9riques, les participants explorent les parcours d'entrepreneurs \u00e9co-sociaux de la vie r\u00e9elle, tir\u00e9s des id\u00e9es glan\u00e9es dans le livre \u00e9lectronique \\&quot;Analyse de l'entrepreneuriat \u00e9co-social : besoins, obstacles et bonnes pratiques\\&quot;.\\nChaque exp\u00e9rience de jeu propose un r\u00e9cit mettant en sc\u00e8ne une ou plusieurs entreprises \u00e9co-sociales, soigneusement choisies comme mod\u00e8les exemplaires pour les entrepreneurs \u00e9co-sociaux en herbe. Ces modules sont m\u00e9ticuleusement con\u00e7us sur la base de sc\u00e9narios \u00e9ducatifs d\u00e9crits dans le livre \u00e9lectronique \\&quot;Gamified eco-entrepreneurship education\\&quot;, dans le but d'\u00e9duquer et d'inspirer.&quot;}\" data-sheets-userformat=\"{&quot;2&quot;:963,&quot;3&quot;:{&quot;1&quot;:0},&quot;4&quot;:{&quot;1&quot;:2,&quot;2&quot;:16777215},&quot;9&quot;:0,&quot;10&quot;:1,&quot;11&quot;:4,&quot;12&quot;:0}\">Chaque exp\u00e9rience de jeu propose un r\u00e9cit mettant en sc\u00e8ne une ou plusieurs entreprises \u00e9co-sociales, soigneusement choisies comme mod\u00e8les exemplaires pour les entrepreneurs \u00e9co-sociaux en herbe. Ces modules sont m\u00e9ticuleusement con\u00e7us sur la base de sc\u00e9narios \u00e9ducatifs d\u00e9crits dans le livre \u00e9lectronique &#8220;Gamified eco-entrepreneurship education&#8221;, dans le but d&#8217;\u00e9duquer et d&#8217;inspirer.<\/span><\/p>\n","protected":false},"excerpt":{"rendered":"<p>Cette plateforme web interactive propose 18 modules \u00e9ducatifs attrayants con\u00e7us pour plonger les apprenants dans le monde de l&#8217;entrepreneuriat \u00e9co-social. Chaque module a pour but d&#8217;inculquer et de promouvoir des th\u00e8mes et des comp\u00e9tences essentiels en mati\u00e8re d&#8217;entrepreneuriat \u00e9cosocial. \u00c0 travers une vari\u00e9t\u00e9 de jeux en ligne, de d\u00e9fis virtuels et d&#8217;activit\u00e9s num\u00e9riques, les participants [&hellip;]<\/p>\n","protected":false},"author":1,"featured_media":0,"parent":0,"menu_order":0,"comment_status":"closed","ping_status":"closed","template":"templates\/template-book3.php","meta":{"footnotes":""},"class_list":["post-1697","page","type-page","status-publish","hentry"],"acf":[],"yoast_head":"<!-- This site is optimized with the Yoast SEO plugin v20.0 - https:\/\/yoast.com\/wordpress\/plugins\/seo\/ -->\n<title>O3 : Plateforme web interactive \u00ab Eco-SE-E-lab - BC4ESE<\/title>\n<meta name=\"robots\" content=\"index, follow, max-snippet:-1, max-image-preview:large, max-video-preview:-1\" \/>\n<link rel=\"canonical\" href=\"https:\/\/ecosocent.eu\/fr\/o3-plateforme-web-interactive-eco-se-e-lab\/\" \/>\n<meta property=\"og:locale\" content=\"fr_FR\" \/>\n<meta property=\"og:type\" content=\"article\" \/>\n<meta property=\"og:title\" content=\"O3 : Plateforme web interactive \u00ab Eco-SE-E-lab - BC4ESE\" \/>\n<meta property=\"og:description\" content=\"Cette plateforme web interactive propose 18 modules \u00e9ducatifs attrayants con\u00e7us pour plonger les apprenants dans le monde de l&#8217;entrepreneuriat \u00e9co-social. Chaque module a pour but d&#8217;inculquer et de promouvoir des th\u00e8mes et des comp\u00e9tences essentiels en mati\u00e8re d&#8217;entrepreneuriat \u00e9cosocial. \u00c0 travers une vari\u00e9t\u00e9 de jeux en ligne, de d\u00e9fis virtuels et d&#8217;activit\u00e9s num\u00e9riques, les participants [&hellip;]\" \/>\n<meta property=\"og:url\" content=\"https:\/\/ecosocent.eu\/fr\/o3-plateforme-web-interactive-eco-se-e-lab\/\" \/>\n<meta property=\"og:site_name\" content=\"BC4ESE\" \/>\n<meta property=\"article:modified_time\" content=\"2025-04-24T09:13:25+00:00\" \/>\n<meta name=\"twitter:card\" content=\"summary_large_image\" \/>\n<meta name=\"twitter:label1\" content=\"Dur\u00e9e de lecture estim\u00e9e\" \/>\n\t<meta name=\"twitter:data1\" content=\"1 minute\" \/>\n<script type=\"application\/ld+json\" class=\"yoast-schema-graph\">{\"@context\":\"https:\/\/schema.org\",\"@graph\":[{\"@type\":\"WebPage\",\"@id\":\"https:\/\/ecosocent.eu\/fr\/o3-plateforme-web-interactive-eco-se-e-lab\/\",\"url\":\"https:\/\/ecosocent.eu\/fr\/o3-plateforme-web-interactive-eco-se-e-lab\/\",\"name\":\"O3 : Plateforme web interactive \u00ab Eco-SE-E-lab - BC4ESE\",\"isPartOf\":{\"@id\":\"https:\/\/ecosocent.eu\/fr\/#website\"},\"datePublished\":\"2024-02-09T09:48:25+00:00\",\"dateModified\":\"2025-04-24T09:13:25+00:00\",\"breadcrumb\":{\"@id\":\"https:\/\/ecosocent.eu\/fr\/o3-plateforme-web-interactive-eco-se-e-lab\/#breadcrumb\"},\"inLanguage\":\"fr-FR\",\"potentialAction\":[{\"@type\":\"ReadAction\",\"target\":[\"https:\/\/ecosocent.eu\/fr\/o3-plateforme-web-interactive-eco-se-e-lab\/\"]}]},{\"@type\":\"BreadcrumbList\",\"@id\":\"https:\/\/ecosocent.eu\/fr\/o3-plateforme-web-interactive-eco-se-e-lab\/#breadcrumb\",\"itemListElement\":[{\"@type\":\"ListItem\",\"position\":1,\"name\":\"Home\",\"item\":\"https:\/\/ecosocent.eu\/fr\/\"},{\"@type\":\"ListItem\",\"position\":2,\"name\":\"O3 : Plateforme web interactive \u00ab Eco-SE-E-lab\"}]},{\"@type\":\"WebSite\",\"@id\":\"https:\/\/ecosocent.eu\/fr\/#website\",\"url\":\"https:\/\/ecosocent.eu\/fr\/\",\"name\":\"BC4ESE\",\"description\":\"Building capacities for innovation in the eco-social entrepreneurship education\",\"potentialAction\":[{\"@type\":\"SearchAction\",\"target\":{\"@type\":\"EntryPoint\",\"urlTemplate\":\"https:\/\/ecosocent.eu\/fr\/?s={search_term_string}\"},\"query-input\":\"required name=search_term_string\"}],\"inLanguage\":\"fr-FR\"}]}<\/script>\n<!-- \/ Yoast SEO plugin. -->","yoast_head_json":{"title":"O3 : Plateforme web interactive \u00ab Eco-SE-E-lab - BC4ESE","robots":{"index":"index","follow":"follow","max-snippet":"max-snippet:-1","max-image-preview":"max-image-preview:large","max-video-preview":"max-video-preview:-1"},"canonical":"https:\/\/ecosocent.eu\/fr\/o3-plateforme-web-interactive-eco-se-e-lab\/","og_locale":"fr_FR","og_type":"article","og_title":"O3 : Plateforme web interactive \u00ab Eco-SE-E-lab - BC4ESE","og_description":"Cette plateforme web interactive propose 18 modules \u00e9ducatifs attrayants con\u00e7us pour plonger les apprenants dans le monde de l&#8217;entrepreneuriat \u00e9co-social. Chaque module a pour but d&#8217;inculquer et de promouvoir des th\u00e8mes et des comp\u00e9tences essentiels en mati\u00e8re d&#8217;entrepreneuriat \u00e9cosocial. \u00c0 travers une vari\u00e9t\u00e9 de jeux en ligne, de d\u00e9fis virtuels et d&#8217;activit\u00e9s num\u00e9riques, les participants [&hellip;]","og_url":"https:\/\/ecosocent.eu\/fr\/o3-plateforme-web-interactive-eco-se-e-lab\/","og_site_name":"BC4ESE","article_modified_time":"2025-04-24T09:13:25+00:00","twitter_card":"summary_large_image","twitter_misc":{"Dur\u00e9e de lecture estim\u00e9e":"1 minute"},"schema":{"@context":"https:\/\/schema.org","@graph":[{"@type":"WebPage","@id":"https:\/\/ecosocent.eu\/fr\/o3-plateforme-web-interactive-eco-se-e-lab\/","url":"https:\/\/ecosocent.eu\/fr\/o3-plateforme-web-interactive-eco-se-e-lab\/","name":"O3 : Plateforme web interactive \u00ab Eco-SE-E-lab - BC4ESE","isPartOf":{"@id":"https:\/\/ecosocent.eu\/fr\/#website"},"datePublished":"2024-02-09T09:48:25+00:00","dateModified":"2025-04-24T09:13:25+00:00","breadcrumb":{"@id":"https:\/\/ecosocent.eu\/fr\/o3-plateforme-web-interactive-eco-se-e-lab\/#breadcrumb"},"inLanguage":"fr-FR","potentialAction":[{"@type":"ReadAction","target":["https:\/\/ecosocent.eu\/fr\/o3-plateforme-web-interactive-eco-se-e-lab\/"]}]},{"@type":"BreadcrumbList","@id":"https:\/\/ecosocent.eu\/fr\/o3-plateforme-web-interactive-eco-se-e-lab\/#breadcrumb","itemListElement":[{"@type":"ListItem","position":1,"name":"Home","item":"https:\/\/ecosocent.eu\/fr\/"},{"@type":"ListItem","position":2,"name":"O3 : Plateforme web interactive \u00ab Eco-SE-E-lab"}]},{"@type":"WebSite","@id":"https:\/\/ecosocent.eu\/fr\/#website","url":"https:\/\/ecosocent.eu\/fr\/","name":"BC4ESE","description":"Building capacities for innovation in the eco-social entrepreneurship education","potentialAction":[{"@type":"SearchAction","target":{"@type":"EntryPoint","urlTemplate":"https:\/\/ecosocent.eu\/fr\/?s={search_term_string}"},"query-input":"required name=search_term_string"}],"inLanguage":"fr-FR"}]}},"_links":{"self":[{"href":"https:\/\/ecosocent.eu\/fr\/wp-json\/wp\/v2\/pages\/1697","targetHints":{"allow":["GET"]}}],"collection":[{"href":"https:\/\/ecosocent.eu\/fr\/wp-json\/wp\/v2\/pages"}],"about":[{"href":"https:\/\/ecosocent.eu\/fr\/wp-json\/wp\/v2\/types\/page"}],"author":[{"embeddable":true,"href":"https:\/\/ecosocent.eu\/fr\/wp-json\/wp\/v2\/users\/1"}],"replies":[{"embeddable":true,"href":"https:\/\/ecosocent.eu\/fr\/wp-json\/wp\/v2\/comments?post=1697"}],"version-history":[{"count":5,"href":"https:\/\/ecosocent.eu\/fr\/wp-json\/wp\/v2\/pages\/1697\/revisions"}],"predecessor-version":[{"id":2091,"href":"https:\/\/ecosocent.eu\/fr\/wp-json\/wp\/v2\/pages\/1697\/revisions\/2091"}],"wp:attachment":[{"href":"https:\/\/ecosocent.eu\/fr\/wp-json\/wp\/v2\/media?parent=1697"}],"curies":[{"name":"wp","href":"https:\/\/api.w.org\/{rel}","templated":true}]}}