{"id":1955,"date":"2024-06-28T12:26:32","date_gmt":"2024-06-28T12:26:32","guid":{"rendered":"https:\/\/ecosocent.eu\/o4-online-neformalno-obrazovanje-za-osobe-koje-rade-s-mladima-eco-se-e-training\/"},"modified":"2024-11-29T10:43:12","modified_gmt":"2024-11-29T10:43:12","slug":"o4-formation-en-ligne-a-leducation-non-formelle-pour-les-animateurs-de-jeunesse-eco-se-e-training","status":"publish","type":"page","link":"https:\/\/ecosocent.eu\/fr\/o4-formation-en-ligne-a-leducation-non-formelle-pour-les-animateurs-de-jeunesse-eco-se-e-training\/","title":{"rendered":"O4 : Formation en ligne \u00e0 l&#8217;\u00e9ducation non formelle pour les animateurs de jeunesse \u00ab Eco-SE E-training \u00bb."},"content":{"rendered":"<p>Cette formation en ligne Eco-SE vise \u00e0 motiver et \u00e0 pr\u00e9parer les animateurs de jeunesse \u00e0 promouvoir une approche \u00e9cosociale de l&#8217;entrepreneuriat chez les jeunes. Elle vise \u00e0 promouvoir le d\u00e9veloppement durable et \u00e0 favoriser une culture de l&#8217;innovation au sein de la jeune g\u00e9n\u00e9ration. Le programme de formation en ligne est structur\u00e9 en six modules d&#8217;apprentissage en ligne dispens\u00e9s au cours d&#8217;une p\u00e9riode de formation de deux jours. Chaque module est soigneusement con\u00e7u pour couvrir diff\u00e9rents aspects de l&#8217;entrepreneuriat \u00e9co-social, en fournissant des connaissances approfondies et des comp\u00e9tences pratiques. Le programme comprend les sujets suivants :<\/p>\n<ul>\n<li style=\"font-weight: 400;\" aria-level=\"1\"><strong>Introduction \u00e0 l&#8217;esprit d&#8217;entreprise:<\/strong> Ce module vise \u00e0 pr\u00e9senter aux animateurs de jeunesse les concepts de base de l&#8217;entrepreneuriat, y compris les caract\u00e9ristiques des entrepreneurs qui r\u00e9ussissent, l&#8217;\u00e9tat d&#8217;esprit entrepreneurial et le processus de cr\u00e9ation et de gestion d&#8217;une entreprise. En cons\u00e9quence, les participants &#8211; animateurs de jeunesse &#8211; auront les connaissances et les outils num\u00e9riques pour \u00e9duquer les jeunes sur les diff\u00e9rents types d&#8217;entrepreneuriat et les comp\u00e9tences cl\u00e9s n\u00e9cessaires pour r\u00e9ussir.<\/li>\n<li style=\"font-weight: 400;\" aria-level=\"1\"><strong>Introduction \u00e0 l&#8217;entrepreneuriat \u00e9cosocial:<\/strong> Cette session destin\u00e9e aux animateurs de jeunesse explore les principes de l&#8217;entrepreneuriat \u00e9cosocial, en se concentrant sur les entreprises qui visent \u00e0 r\u00e9soudre des probl\u00e8mes sociaux et environnementaux. Les animateurs de jeunesse comprendront ainsi le concept \u00e9cosocial dans le monde des affaires et sauront comment pr\u00e9senter aux jeunes des entreprises qui ne sont pas seulement rentables, mais qui apportent \u00e9galement une contribution positive \u00e0 la soci\u00e9t\u00e9 et \u00e0 l&#8217;environnement.<\/li>\n<li style=\"font-weight: 400;\" aria-level=\"1\"><strong>Durabilit\u00e9 et responsabilit\u00e9 sociale:<\/strong> Dans ce module, les travailleurs de jeunesse apprendront l&#8217;importance de la durabilit\u00e9 et de la responsabilit\u00e9 sociale des entreprises (RSE) dans le monde des affaires. Ils recevront des connaissances et des outils num\u00e9riques pour initier les jeunes aux pratiques commerciales durables, \u00e0 la prise de d\u00e9cision \u00e9thique et \u00e0 la mani\u00e8re dont les entreprises peuvent concilier profit et impact social et environnemental positif.<\/li>\n<li style=\"font-weight: 400;\" aria-level=\"1\"><strong>Innovation et cr\u00e9ativit\u00e9:<\/strong> Cette session met en lumi\u00e8re le r\u00f4le de l&#8217;innovation et de la cr\u00e9ativit\u00e9 dans l&#8217;esprit d&#8217;entreprise. Les jeunes travailleurs, en tant que participants, exploreront des techniques pour g\u00e9n\u00e9rer des id\u00e9es cr\u00e9atives, d\u00e9velopper des produits et services innovants, et encourager une culture de l&#8217;innovation dans leurs organisations. Ils acquerront ainsi des connaissances et du mat\u00e9riel sur la mani\u00e8re de doter les jeunes de comp\u00e9tences cr\u00e9atives dans le monde des affaires.<\/li>\n<li style=\"font-weight: 400;\" aria-level=\"1\"><strong>Planification et strat\u00e9gie d&#8217;entreprise:<\/strong> Ce module couvre les bases de la planification d&#8217;entreprise et du d\u00e9veloppement de strat\u00e9gies. Les jeunes travailleurs s&#8217;exerceront \u00e0 cr\u00e9er des plans d&#8217;entreprise, \u00e0 mener des \u00e9tudes de march\u00e9 et \u00e0 d\u00e9velopper des objectifs strat\u00e9giques et des plans d&#8217;action pour guider leur entreprise vers la croissance et le succ\u00e8s. Ils disposeront ainsi des connaissances, des outils num\u00e9riques et du mat\u00e9riel (par exemple, le mod\u00e8le Canvas) n\u00e9cessaires pour initier les jeunes \u00e0 la planification d&#8217;entreprise et aux approches strat\u00e9giques au d\u00e9but de ce processus.<\/li>\n<li style=\"font-weight: 400;\" aria-level=\"1\"><strong>Marketing et ventes:<\/strong> Le dernier module se concentre sur les strat\u00e9gies efficaces de marketing et de vente. Les jeunes travailleurs apprendront des techniques pour comprendre les besoins des clients, d\u00e9velopper des campagnes de marketing, utiliser des outils de marketing num\u00e9rique et d\u00e9velopper des techniques de vente solides pour stimuler la croissance de l&#8217;entreprise. Ils disposeront ainsi des connaissances de base et du mat\u00e9riel n\u00e9cessaire pour initier les jeunes \u00e0 une planification efficace du marketing et des ventes<\/li>\n<\/ul>\n","protected":false},"excerpt":{"rendered":"<p>Cette formation en ligne Eco-SE vise \u00e0 motiver et \u00e0 pr\u00e9parer les animateurs de jeunesse \u00e0 promouvoir une approche \u00e9cosociale de l&#8217;entrepreneuriat chez les jeunes. Elle vise \u00e0 promouvoir le d\u00e9veloppement durable et \u00e0 favoriser une culture de l&#8217;innovation au sein de la jeune g\u00e9n\u00e9ration. Le programme de formation en ligne est structur\u00e9 en six [&hellip;]<\/p>\n","protected":false},"author":1,"featured_media":0,"parent":0,"menu_order":0,"comment_status":"closed","ping_status":"closed","template":"templates\/template-book4.php","meta":{"footnotes":""},"class_list":["post-1955","page","type-page","status-publish","hentry"],"acf":[],"yoast_head":"<!-- This site is optimized with the Yoast SEO plugin v20.0 - https:\/\/yoast.com\/wordpress\/plugins\/seo\/ -->\n<title>O4 : Formation en ligne \u00e0 l&#039;\u00e9ducation non formelle pour les animateurs de jeunesse \u00ab Eco-SE E-training \u00bb. - BC4ESE<\/title>\n<meta name=\"robots\" content=\"index, follow, max-snippet:-1, max-image-preview:large, max-video-preview:-1\" \/>\n<link rel=\"canonical\" href=\"https:\/\/ecosocent.eu\/fr\/o4-formation-en-ligne-a-leducation-non-formelle-pour-les-animateurs-de-jeunesse-eco-se-e-training\/\" \/>\n<meta property=\"og:locale\" content=\"fr_FR\" \/>\n<meta property=\"og:type\" content=\"article\" \/>\n<meta property=\"og:title\" content=\"O4 : Formation en ligne \u00e0 l&#039;\u00e9ducation non formelle pour les animateurs de jeunesse \u00ab Eco-SE E-training \u00bb. - BC4ESE\" \/>\n<meta property=\"og:description\" content=\"Cette formation en ligne Eco-SE vise \u00e0 motiver et \u00e0 pr\u00e9parer les animateurs de jeunesse \u00e0 promouvoir une approche \u00e9cosociale de l&#8217;entrepreneuriat chez les jeunes. Elle vise \u00e0 promouvoir le d\u00e9veloppement durable et \u00e0 favoriser une culture de l&#8217;innovation au sein de la jeune g\u00e9n\u00e9ration. Le programme de formation en ligne est structur\u00e9 en six [&hellip;]\" \/>\n<meta property=\"og:url\" content=\"https:\/\/ecosocent.eu\/fr\/o4-formation-en-ligne-a-leducation-non-formelle-pour-les-animateurs-de-jeunesse-eco-se-e-training\/\" \/>\n<meta property=\"og:site_name\" content=\"BC4ESE\" \/>\n<meta property=\"article:modified_time\" content=\"2024-11-29T10:43:12+00:00\" \/>\n<meta name=\"twitter:card\" content=\"summary_large_image\" \/>\n<meta name=\"twitter:label1\" content=\"Dur\u00e9e de lecture estim\u00e9e\" \/>\n\t<meta name=\"twitter:data1\" content=\"3 minutes\" \/>\n<script type=\"application\/ld+json\" class=\"yoast-schema-graph\">{\"@context\":\"https:\/\/schema.org\",\"@graph\":[{\"@type\":\"WebPage\",\"@id\":\"https:\/\/ecosocent.eu\/fr\/o4-formation-en-ligne-a-leducation-non-formelle-pour-les-animateurs-de-jeunesse-eco-se-e-training\/\",\"url\":\"https:\/\/ecosocent.eu\/fr\/o4-formation-en-ligne-a-leducation-non-formelle-pour-les-animateurs-de-jeunesse-eco-se-e-training\/\",\"name\":\"O4 : Formation en ligne \u00e0 l'\u00e9ducation non formelle pour les animateurs de jeunesse \u00ab Eco-SE E-training \u00bb. - BC4ESE\",\"isPartOf\":{\"@id\":\"https:\/\/ecosocent.eu\/fr\/#website\"},\"datePublished\":\"2024-06-28T12:26:32+00:00\",\"dateModified\":\"2024-11-29T10:43:12+00:00\",\"breadcrumb\":{\"@id\":\"https:\/\/ecosocent.eu\/fr\/o4-formation-en-ligne-a-leducation-non-formelle-pour-les-animateurs-de-jeunesse-eco-se-e-training\/#breadcrumb\"},\"inLanguage\":\"fr-FR\",\"potentialAction\":[{\"@type\":\"ReadAction\",\"target\":[\"https:\/\/ecosocent.eu\/fr\/o4-formation-en-ligne-a-leducation-non-formelle-pour-les-animateurs-de-jeunesse-eco-se-e-training\/\"]}]},{\"@type\":\"BreadcrumbList\",\"@id\":\"https:\/\/ecosocent.eu\/fr\/o4-formation-en-ligne-a-leducation-non-formelle-pour-les-animateurs-de-jeunesse-eco-se-e-training\/#breadcrumb\",\"itemListElement\":[{\"@type\":\"ListItem\",\"position\":1,\"name\":\"Home\",\"item\":\"https:\/\/ecosocent.eu\/fr\/\"},{\"@type\":\"ListItem\",\"position\":2,\"name\":\"O4 : Formation en ligne \u00e0 l&#8217;\u00e9ducation non formelle pour les animateurs de jeunesse \u00ab Eco-SE E-training \u00bb.\"}]},{\"@type\":\"WebSite\",\"@id\":\"https:\/\/ecosocent.eu\/fr\/#website\",\"url\":\"https:\/\/ecosocent.eu\/fr\/\",\"name\":\"BC4ESE\",\"description\":\"Building capacities for innovation in the eco-social entrepreneurship education\",\"potentialAction\":[{\"@type\":\"SearchAction\",\"target\":{\"@type\":\"EntryPoint\",\"urlTemplate\":\"https:\/\/ecosocent.eu\/fr\/?s={search_term_string}\"},\"query-input\":\"required name=search_term_string\"}],\"inLanguage\":\"fr-FR\"}]}<\/script>\n<!-- \/ Yoast SEO plugin. -->","yoast_head_json":{"title":"O4 : Formation en ligne \u00e0 l'\u00e9ducation non formelle pour les animateurs de jeunesse \u00ab Eco-SE E-training \u00bb. - BC4ESE","robots":{"index":"index","follow":"follow","max-snippet":"max-snippet:-1","max-image-preview":"max-image-preview:large","max-video-preview":"max-video-preview:-1"},"canonical":"https:\/\/ecosocent.eu\/fr\/o4-formation-en-ligne-a-leducation-non-formelle-pour-les-animateurs-de-jeunesse-eco-se-e-training\/","og_locale":"fr_FR","og_type":"article","og_title":"O4 : Formation en ligne \u00e0 l'\u00e9ducation non formelle pour les animateurs de jeunesse \u00ab Eco-SE E-training \u00bb. - BC4ESE","og_description":"Cette formation en ligne Eco-SE vise \u00e0 motiver et \u00e0 pr\u00e9parer les animateurs de jeunesse \u00e0 promouvoir une approche \u00e9cosociale de l&#8217;entrepreneuriat chez les jeunes. Elle vise \u00e0 promouvoir le d\u00e9veloppement durable et \u00e0 favoriser une culture de l&#8217;innovation au sein de la jeune g\u00e9n\u00e9ration. Le programme de formation en ligne est structur\u00e9 en six [&hellip;]","og_url":"https:\/\/ecosocent.eu\/fr\/o4-formation-en-ligne-a-leducation-non-formelle-pour-les-animateurs-de-jeunesse-eco-se-e-training\/","og_site_name":"BC4ESE","article_modified_time":"2024-11-29T10:43:12+00:00","twitter_card":"summary_large_image","twitter_misc":{"Dur\u00e9e de lecture estim\u00e9e":"3 minutes"},"schema":{"@context":"https:\/\/schema.org","@graph":[{"@type":"WebPage","@id":"https:\/\/ecosocent.eu\/fr\/o4-formation-en-ligne-a-leducation-non-formelle-pour-les-animateurs-de-jeunesse-eco-se-e-training\/","url":"https:\/\/ecosocent.eu\/fr\/o4-formation-en-ligne-a-leducation-non-formelle-pour-les-animateurs-de-jeunesse-eco-se-e-training\/","name":"O4 : Formation en ligne \u00e0 l'\u00e9ducation non formelle pour les animateurs de jeunesse \u00ab Eco-SE E-training \u00bb. - BC4ESE","isPartOf":{"@id":"https:\/\/ecosocent.eu\/fr\/#website"},"datePublished":"2024-06-28T12:26:32+00:00","dateModified":"2024-11-29T10:43:12+00:00","breadcrumb":{"@id":"https:\/\/ecosocent.eu\/fr\/o4-formation-en-ligne-a-leducation-non-formelle-pour-les-animateurs-de-jeunesse-eco-se-e-training\/#breadcrumb"},"inLanguage":"fr-FR","potentialAction":[{"@type":"ReadAction","target":["https:\/\/ecosocent.eu\/fr\/o4-formation-en-ligne-a-leducation-non-formelle-pour-les-animateurs-de-jeunesse-eco-se-e-training\/"]}]},{"@type":"BreadcrumbList","@id":"https:\/\/ecosocent.eu\/fr\/o4-formation-en-ligne-a-leducation-non-formelle-pour-les-animateurs-de-jeunesse-eco-se-e-training\/#breadcrumb","itemListElement":[{"@type":"ListItem","position":1,"name":"Home","item":"https:\/\/ecosocent.eu\/fr\/"},{"@type":"ListItem","position":2,"name":"O4 : Formation en ligne \u00e0 l&#8217;\u00e9ducation non formelle pour les animateurs de jeunesse \u00ab Eco-SE E-training \u00bb."}]},{"@type":"WebSite","@id":"https:\/\/ecosocent.eu\/fr\/#website","url":"https:\/\/ecosocent.eu\/fr\/","name":"BC4ESE","description":"Building capacities for innovation in the eco-social entrepreneurship education","potentialAction":[{"@type":"SearchAction","target":{"@type":"EntryPoint","urlTemplate":"https:\/\/ecosocent.eu\/fr\/?s={search_term_string}"},"query-input":"required name=search_term_string"}],"inLanguage":"fr-FR"}]}},"_links":{"self":[{"href":"https:\/\/ecosocent.eu\/fr\/wp-json\/wp\/v2\/pages\/1955","targetHints":{"allow":["GET"]}}],"collection":[{"href":"https:\/\/ecosocent.eu\/fr\/wp-json\/wp\/v2\/pages"}],"about":[{"href":"https:\/\/ecosocent.eu\/fr\/wp-json\/wp\/v2\/types\/page"}],"author":[{"embeddable":true,"href":"https:\/\/ecosocent.eu\/fr\/wp-json\/wp\/v2\/users\/1"}],"replies":[{"embeddable":true,"href":"https:\/\/ecosocent.eu\/fr\/wp-json\/wp\/v2\/comments?post=1955"}],"version-history":[{"count":3,"href":"https:\/\/ecosocent.eu\/fr\/wp-json\/wp\/v2\/pages\/1955\/revisions"}],"predecessor-version":[{"id":2014,"href":"https:\/\/ecosocent.eu\/fr\/wp-json\/wp\/v2\/pages\/1955\/revisions\/2014"}],"wp:attachment":[{"href":"https:\/\/ecosocent.eu\/fr\/wp-json\/wp\/v2\/media?parent=1955"}],"curies":[{"name":"wp","href":"https:\/\/api.w.org\/{rel}","templated":true}]}}