{"id":690,"date":"2022-12-01T14:22:43","date_gmt":"2022-12-01T14:22:43","guid":{"rendered":"https:\/\/ecosocent.eu\/eco-social-entrepreneurship-analysis-needs-obstacles-and-good-practices\/"},"modified":"2023-02-09T09:41:02","modified_gmt":"2023-02-09T09:41:02","slug":"analyse-de-lentrepreneuriat-eco-social-besoins-obstacles-et-bonnes-pratiques","status":"publish","type":"page","link":"https:\/\/ecosocent.eu\/fr\/analyse-de-lentrepreneuriat-eco-social-besoins-obstacles-et-bonnes-pratiques\/","title":{"rendered":"Analyse de l&#8217;entrepreneuriat \u00e9co-social : besoins, obstacles et bonnes pratiques"},"content":{"rendered":"<p style=\"text-align: left;\">L&#8217;objectif de ce document est d&#8217;examiner l&#8217;\u00e9conomie \u00e9co-sociale dans les pays europ\u00e9ens et chez les partenaires des projets dans les pays des Balkans occidentaux. L&#8217;objectif ultime est d&#8217;inciter davantage de jeunes \u00e0 cr\u00e9er et \u00e0 d\u00e9velopper des entreprises \u00e9co-sociales et de s&#8217;assurer qu&#8217;ils ont acc\u00e8s \u00e0 une aide et un soutien appropri\u00e9s \u00e0 chaque \u00e9tape de leur parcours entrepreneurial.<\/p>\n<p style=\"text-align: left;\">Diesis Network et CDP &#8220;Globus&#8221; sont les partenaires responsables de la production de ce document et du soutien de tous les partenaires du projet : partenaire de coordination CEDRA Split (Croatie), Agence de d\u00e9veloppement local Prozor-Rama (Bosnie-Herz\u00e9govine), Jeunes ambassadeurs (Serbie), ADP-ZID et CSO (Mont\u00e9n\u00e9gro) et The Hub Nicosia (Chypre).<br \/>\nCe document est divis\u00e9 en deux parties principales : les informations g\u00e9n\u00e9rales sur l&#8217;entrepreneuriat social et le concept d&#8217;entrepreneuriat \u00e9co-social et l&#8217;analyse par pays.<br \/>\nPour chaque pays, nous nous sommes concentr\u00e9s sur les points suivants :<\/p>\n<ol style=\"text-align: left;\" type=\"a\">\n<li style=\"text-align: left;\">a.) Recherche et analyse de l&#8217;\u00e9tat actuel de la question concernant l&#8217;entrepreneuriat \u00e9co-social dans les pays partenaires<\/li>\n<li style=\"text-align: left;\">b.) Recherche sur les obstacles emp\u00eachant le d\u00e9veloppement de projets et d&#8217;activit\u00e9s \u00e9co-sociales par le biais de l&#8217;entrepreneuriat social<\/li>\n<li style=\"text-align: left;\">c.) Exemples de bonnes pratiques d&#8217;entrepreneurs \u00e9co-sociaux existants dans les pays partenaires, l&#8217;UE et le monde.<\/li>\n<\/ol>\n<p style=\"text-align: left;\">\u00c9tant donn\u00e9 que les Balkans occidentaux sont l&#8217;une des r\u00e9gions d&#8217;Europe les plus touch\u00e9es par le changement climatique et que l&#8217;on estime qu&#8217;ils conna\u00eetront la m\u00eame tendance d&#8217;ici la fin du si\u00e8cle, les actions pr\u00e9vues par l&#8217;agenda vert pour les Balkans occidentaux dans le cadre du plan \u00e9conomique et d&#8217;investissement pour les Balkans occidentaux sont des \u00e9l\u00e9ments cl\u00e9s pour atteindre l&#8217;objectif de neutralit\u00e9 climatique. L&#8217;entrepreneuriat \u00e9co-social constitue une partie importante de l&#8217;agenda vert, qui peut certainement inciter la r\u00e9gion \u00e0 rechercher des options pour r\u00e9duire l&#8217;empreinte de la consommation et augmenter le taux d&#8217;utilisation des mat\u00e9riaux circulaires, ce qui \u00e0 son tour stimulera la croissance \u00e9conomique.<sup>1<\/sup><\/p>\n<h6 style=\"text-align: left;\"><sup>1<\/sup> Document de travail des services de la Commission (2020), Lignes directrices pour la mise en \u0153uvre de l&#8217;agenda vert pour les Balkans occidentaux accompagnant la communication de la Commission au Parlement europ\u00e9en, au Conseil, au Comit\u00e9 \u00e9conomique et social europ\u00e9en et au Comit\u00e9 des r\u00e9gions. Un plan \u00e9conomique et d&#8217;investissement pour les Balkans occidentaux, SWD\/2020\/223 final.<\/h6>\n","protected":false},"excerpt":{"rendered":"<p>L&#8217;objectif de ce document est d&#8217;examiner l&#8217;\u00e9conomie \u00e9co-sociale dans les pays europ\u00e9ens et chez les partenaires des projets dans les pays des Balkans occidentaux. L&#8217;objectif ultime est d&#8217;inciter davantage de jeunes \u00e0 cr\u00e9er et \u00e0 d\u00e9velopper des entreprises \u00e9co-sociales et de s&#8217;assurer qu&#8217;ils ont acc\u00e8s \u00e0 une aide et un soutien appropri\u00e9s \u00e0 chaque \u00e9tape [&hellip;]<\/p>\n","protected":false},"author":1,"featured_media":413,"parent":0,"menu_order":0,"comment_status":"closed","ping_status":"closed","template":"templates\/template-book.php","meta":{"footnotes":""},"class_list":["post-690","page","type-page","status-publish","has-post-thumbnail","hentry"],"acf":[],"yoast_head":"<!-- This site is optimized with the Yoast SEO plugin v20.0 - https:\/\/yoast.com\/wordpress\/plugins\/seo\/ -->\n<title>Analyse de l&#039;entrepreneuriat \u00e9co-social : besoins, obstacles et bonnes pratiques - BC4ESE<\/title>\n<meta name=\"robots\" content=\"index, follow, max-snippet:-1, max-image-preview:large, max-video-preview:-1\" \/>\n<link rel=\"canonical\" href=\"https:\/\/ecosocent.eu\/fr\/analyse-de-lentrepreneuriat-eco-social-besoins-obstacles-et-bonnes-pratiques\/\" \/>\n<meta property=\"og:locale\" content=\"fr_FR\" \/>\n<meta property=\"og:type\" content=\"article\" \/>\n<meta property=\"og:title\" content=\"Analyse de l&#039;entrepreneuriat \u00e9co-social : besoins, obstacles et bonnes pratiques - BC4ESE\" \/>\n<meta property=\"og:description\" content=\"L&#8217;objectif de ce document est d&#8217;examiner l&#8217;\u00e9conomie \u00e9co-sociale dans les pays europ\u00e9ens et chez les partenaires des projets dans les pays des Balkans occidentaux. L&#8217;objectif ultime est d&#8217;inciter davantage de jeunes \u00e0 cr\u00e9er et \u00e0 d\u00e9velopper des entreprises \u00e9co-sociales et de s&#8217;assurer qu&#8217;ils ont acc\u00e8s \u00e0 une aide et un soutien appropri\u00e9s \u00e0 chaque \u00e9tape [&hellip;]\" \/>\n<meta property=\"og:url\" content=\"https:\/\/ecosocent.eu\/fr\/analyse-de-lentrepreneuriat-eco-social-besoins-obstacles-et-bonnes-pratiques\/\" \/>\n<meta property=\"og:site_name\" content=\"BC4ESE\" \/>\n<meta property=\"article:modified_time\" content=\"2023-02-09T09:41:02+00:00\" \/>\n<meta property=\"og:image\" content=\"https:\/\/ecosocent.eu\/wp-content\/uploads\/2022\/12\/io1.png\" \/>\n\t<meta property=\"og:image:width\" content=\"624\" \/>\n\t<meta property=\"og:image:height\" content=\"390\" \/>\n\t<meta property=\"og:image:type\" content=\"image\/png\" \/>\n<meta name=\"twitter:card\" content=\"summary_large_image\" \/>\n<meta name=\"twitter:label1\" content=\"Dur\u00e9e de lecture estim\u00e9e\" \/>\n\t<meta name=\"twitter:data1\" content=\"2 minutes\" \/>\n<script type=\"application\/ld+json\" class=\"yoast-schema-graph\">{\"@context\":\"https:\/\/schema.org\",\"@graph\":[{\"@type\":\"WebPage\",\"@id\":\"https:\/\/ecosocent.eu\/fr\/analyse-de-lentrepreneuriat-eco-social-besoins-obstacles-et-bonnes-pratiques\/\",\"url\":\"https:\/\/ecosocent.eu\/fr\/analyse-de-lentrepreneuriat-eco-social-besoins-obstacles-et-bonnes-pratiques\/\",\"name\":\"Analyse de l'entrepreneuriat \u00e9co-social : besoins, obstacles et bonnes pratiques - BC4ESE\",\"isPartOf\":{\"@id\":\"https:\/\/ecosocent.eu\/fr\/#website\"},\"datePublished\":\"2022-12-01T14:22:43+00:00\",\"dateModified\":\"2023-02-09T09:41:02+00:00\",\"breadcrumb\":{\"@id\":\"https:\/\/ecosocent.eu\/fr\/analyse-de-lentrepreneuriat-eco-social-besoins-obstacles-et-bonnes-pratiques\/#breadcrumb\"},\"inLanguage\":\"fr-FR\",\"potentialAction\":[{\"@type\":\"ReadAction\",\"target\":[\"https:\/\/ecosocent.eu\/fr\/analyse-de-lentrepreneuriat-eco-social-besoins-obstacles-et-bonnes-pratiques\/\"]}]},{\"@type\":\"BreadcrumbList\",\"@id\":\"https:\/\/ecosocent.eu\/fr\/analyse-de-lentrepreneuriat-eco-social-besoins-obstacles-et-bonnes-pratiques\/#breadcrumb\",\"itemListElement\":[{\"@type\":\"ListItem\",\"position\":1,\"name\":\"Home\",\"item\":\"https:\/\/ecosocent.eu\/fr\/\"},{\"@type\":\"ListItem\",\"position\":2,\"name\":\"Analyse de l&#8217;entrepreneuriat \u00e9co-social : besoins, obstacles et bonnes pratiques\"}]},{\"@type\":\"WebSite\",\"@id\":\"https:\/\/ecosocent.eu\/fr\/#website\",\"url\":\"https:\/\/ecosocent.eu\/fr\/\",\"name\":\"BC4ESE\",\"description\":\"Building capacities for innovation in the eco-social entrepreneurship education\",\"potentialAction\":[{\"@type\":\"SearchAction\",\"target\":{\"@type\":\"EntryPoint\",\"urlTemplate\":\"https:\/\/ecosocent.eu\/fr\/?s={search_term_string}\"},\"query-input\":\"required name=search_term_string\"}],\"inLanguage\":\"fr-FR\"}]}<\/script>\n<!-- \/ Yoast SEO plugin. -->","yoast_head_json":{"title":"Analyse de l'entrepreneuriat \u00e9co-social : besoins, obstacles et bonnes pratiques - BC4ESE","robots":{"index":"index","follow":"follow","max-snippet":"max-snippet:-1","max-image-preview":"max-image-preview:large","max-video-preview":"max-video-preview:-1"},"canonical":"https:\/\/ecosocent.eu\/fr\/analyse-de-lentrepreneuriat-eco-social-besoins-obstacles-et-bonnes-pratiques\/","og_locale":"fr_FR","og_type":"article","og_title":"Analyse de l'entrepreneuriat \u00e9co-social : besoins, obstacles et bonnes pratiques - BC4ESE","og_description":"L&#8217;objectif de ce document est d&#8217;examiner l&#8217;\u00e9conomie \u00e9co-sociale dans les pays europ\u00e9ens et chez les partenaires des projets dans les pays des Balkans occidentaux. L&#8217;objectif ultime est d&#8217;inciter davantage de jeunes \u00e0 cr\u00e9er et \u00e0 d\u00e9velopper des entreprises \u00e9co-sociales et de s&#8217;assurer qu&#8217;ils ont acc\u00e8s \u00e0 une aide et un soutien appropri\u00e9s \u00e0 chaque \u00e9tape [&hellip;]","og_url":"https:\/\/ecosocent.eu\/fr\/analyse-de-lentrepreneuriat-eco-social-besoins-obstacles-et-bonnes-pratiques\/","og_site_name":"BC4ESE","article_modified_time":"2023-02-09T09:41:02+00:00","og_image":[{"width":624,"height":390,"url":"https:\/\/ecosocent.eu\/wp-content\/uploads\/2022\/12\/io1.png","type":"image\/png"}],"twitter_card":"summary_large_image","twitter_misc":{"Dur\u00e9e de lecture estim\u00e9e":"2 minutes"},"schema":{"@context":"https:\/\/schema.org","@graph":[{"@type":"WebPage","@id":"https:\/\/ecosocent.eu\/fr\/analyse-de-lentrepreneuriat-eco-social-besoins-obstacles-et-bonnes-pratiques\/","url":"https:\/\/ecosocent.eu\/fr\/analyse-de-lentrepreneuriat-eco-social-besoins-obstacles-et-bonnes-pratiques\/","name":"Analyse de l'entrepreneuriat \u00e9co-social : besoins, obstacles et bonnes pratiques - BC4ESE","isPartOf":{"@id":"https:\/\/ecosocent.eu\/fr\/#website"},"datePublished":"2022-12-01T14:22:43+00:00","dateModified":"2023-02-09T09:41:02+00:00","breadcrumb":{"@id":"https:\/\/ecosocent.eu\/fr\/analyse-de-lentrepreneuriat-eco-social-besoins-obstacles-et-bonnes-pratiques\/#breadcrumb"},"inLanguage":"fr-FR","potentialAction":[{"@type":"ReadAction","target":["https:\/\/ecosocent.eu\/fr\/analyse-de-lentrepreneuriat-eco-social-besoins-obstacles-et-bonnes-pratiques\/"]}]},{"@type":"BreadcrumbList","@id":"https:\/\/ecosocent.eu\/fr\/analyse-de-lentrepreneuriat-eco-social-besoins-obstacles-et-bonnes-pratiques\/#breadcrumb","itemListElement":[{"@type":"ListItem","position":1,"name":"Home","item":"https:\/\/ecosocent.eu\/fr\/"},{"@type":"ListItem","position":2,"name":"Analyse de l&#8217;entrepreneuriat \u00e9co-social : besoins, obstacles et bonnes pratiques"}]},{"@type":"WebSite","@id":"https:\/\/ecosocent.eu\/fr\/#website","url":"https:\/\/ecosocent.eu\/fr\/","name":"BC4ESE","description":"Building capacities for innovation in the eco-social entrepreneurship education","potentialAction":[{"@type":"SearchAction","target":{"@type":"EntryPoint","urlTemplate":"https:\/\/ecosocent.eu\/fr\/?s={search_term_string}"},"query-input":"required name=search_term_string"}],"inLanguage":"fr-FR"}]}},"_links":{"self":[{"href":"https:\/\/ecosocent.eu\/fr\/wp-json\/wp\/v2\/pages\/690","targetHints":{"allow":["GET"]}}],"collection":[{"href":"https:\/\/ecosocent.eu\/fr\/wp-json\/wp\/v2\/pages"}],"about":[{"href":"https:\/\/ecosocent.eu\/fr\/wp-json\/wp\/v2\/types\/page"}],"author":[{"embeddable":true,"href":"https:\/\/ecosocent.eu\/fr\/wp-json\/wp\/v2\/users\/1"}],"replies":[{"embeddable":true,"href":"https:\/\/ecosocent.eu\/fr\/wp-json\/wp\/v2\/comments?post=690"}],"version-history":[{"count":6,"href":"https:\/\/ecosocent.eu\/fr\/wp-json\/wp\/v2\/pages\/690\/revisions"}],"predecessor-version":[{"id":796,"href":"https:\/\/ecosocent.eu\/fr\/wp-json\/wp\/v2\/pages\/690\/revisions\/796"}],"wp:featuredmedia":[{"embeddable":true,"href":"https:\/\/ecosocent.eu\/fr\/wp-json\/wp\/v2\/media\/413"}],"wp:attachment":[{"href":"https:\/\/ecosocent.eu\/fr\/wp-json\/wp\/v2\/media?parent=690"}],"curies":[{"name":"wp","href":"https:\/\/api.w.org\/{rel}","templated":true}]}}