{"id":1014,"date":"2023-07-19T13:18:03","date_gmt":"2023-07-19T13:18:03","guid":{"rendered":"https:\/\/ecosocent.eu\/igrifikacija-u-obrazovanju-za-eko-poduzetnistvo\/"},"modified":"2023-09-04T12:01:40","modified_gmt":"2023-09-04T12:01:40","slug":"gamificirano-eko-poduzetnicko-obrazovanje","status":"publish","type":"page","link":"https:\/\/ecosocent.eu\/hr\/gamificirano-eko-poduzetnicko-obrazovanje\/","title":{"rendered":"Gamificirano eko-poduzetni\u010dko obrazovanje"},"content":{"rendered":"<p style=\"text-align: left;\">Cilj ovog dokumenta je analizirati digitalnu gamifikaciju i metodologiju digitalnog modela obrazovanja u pou\u010davanju tema vezanim uz poduzetni\u0161tvo mladih u zemljama Europe i Zapadnog Balkana, koje su \u010dlanice konzorcija projekta BC4ESE. Jedan od ciljeva ove publikacije je tako\u0111er razvoj gamificiranih digitalnih obrazovnih resursa, alata i aktivnosti koji pou\u010davaju i promi\u010du dru\u0161tveno i ekolo\u0161ko poduzetni\u0161tvo me\u0111u mladima. Krajnji cilj je potaknuti \u0161to ve\u0107i broj mladih da pokrenu i razvijaju eko-dru\u0161tvena poduze\u0107a te im osigurati odgovaraju\u0107u pomo\u0107 i podr\u0161ku tijekom svake faze njihovog poduzetni\u010dkog puta.<\/p>\n<p style=\"text-align: left;\">Partneri odgovorni za izradu rezultata su ADP-Zid i Hub Nicosia uz podr\u0161ku svih projektnih partnera: koordinatora CEDRA Split (Hrvatska), Agencije za lokalni razvoj Prozor-Rama i CDP Globus (Bosna i Hercegovina), Mladih ambasadora (Srbija), Diesis Network (Belgija) i CSO (Crna Gora).<\/p>\n<p style=\"text-align: left;\">Ovaj dokument je podijeljen na dva glavna dijela: op\u0107e informacije o konceptu gamifikacije i u\u010denju putem igara i njihova primjena u poduzetni\u010dkom obrazovanju te analiza situacije svake zemlje obuhva\u0107ene projektom.<\/p>\n<p style=\"text-align: left;\">Za svaku zemlju, naglasak je na sljede\u0107im to\u010dkama:<\/p>\n<ol style=\"text-align: left;\">\n<li style=\"font-weight: 400;\" aria-level=\"1\">Trenuta\u010dno stanje u vezi s metodologijom digitalne gamifikacije i metodologijom digitalnog modela obrazovanja u podu\u010davanju poduzetni\u0161tva mladima;<\/li>\n<li style=\"font-weight: 400;\" aria-level=\"1\">Primjeri dobre prakse gamificiranih digitalnih obrazovnih resursa, alata i aktivnosti koje podu\u010davaju i promi\u010du dru\u0161tveno i eko-poduzetni\u0161tvo me\u0111u mladima u partnerskim zemljama<\/li>\n<\/ol>\n","protected":false},"excerpt":{"rendered":"<p>Cilj ovog dokumenta je analizirati digitalnu gamifikaciju i metodologiju digitalnog modela obrazovanja u pou\u010davanju tema vezanim uz poduzetni\u0161tvo mladih u zemljama Europe i Zapadnog Balkana, koje su \u010dlanice konzorcija projekta BC4ESE. Jedan od ciljeva ove publikacije je tako\u0111er razvoj gamificiranih digitalnih obrazovnih resursa, alata i aktivnosti koji pou\u010davaju i promi\u010du dru\u0161tveno i ekolo\u0161ko poduzetni\u0161tvo me\u0111u [&hellip;]<\/p>\n","protected":false},"author":1,"featured_media":0,"parent":0,"menu_order":0,"comment_status":"closed","ping_status":"closed","template":"templates\/template-book2.php","meta":{"footnotes":""},"class_list":["post-1014","page","type-page","status-publish","hentry"],"acf":[],"yoast_head":"<!-- This site is optimized with the Yoast SEO plugin v20.0 - https:\/\/yoast.com\/wordpress\/plugins\/seo\/ -->\n<title>Gamificirano eko-poduzetni\u010dko obrazovanje - BC4ESE<\/title>\n<meta name=\"robots\" content=\"index, follow, max-snippet:-1, max-image-preview:large, max-video-preview:-1\" \/>\n<link rel=\"canonical\" href=\"https:\/\/ecosocent.eu\/hr\/gamificirano-eko-poduzetnicko-obrazovanje\/\" \/>\n<meta property=\"og:locale\" content=\"hr_HR\" \/>\n<meta property=\"og:type\" content=\"article\" \/>\n<meta property=\"og:title\" content=\"Gamificirano eko-poduzetni\u010dko obrazovanje - BC4ESE\" \/>\n<meta property=\"og:description\" content=\"Cilj ovog dokumenta je analizirati digitalnu gamifikaciju i metodologiju digitalnog modela obrazovanja u pou\u010davanju tema vezanim uz poduzetni\u0161tvo mladih u zemljama Europe i Zapadnog Balkana, koje su \u010dlanice konzorcija projekta BC4ESE. Jedan od ciljeva ove publikacije je tako\u0111er razvoj gamificiranih digitalnih obrazovnih resursa, alata i aktivnosti koji pou\u010davaju i promi\u010du dru\u0161tveno i ekolo\u0161ko poduzetni\u0161tvo me\u0111u [&hellip;]\" \/>\n<meta property=\"og:url\" content=\"https:\/\/ecosocent.eu\/hr\/gamificirano-eko-poduzetnicko-obrazovanje\/\" \/>\n<meta property=\"og:site_name\" content=\"BC4ESE\" \/>\n<meta property=\"article:modified_time\" content=\"2023-09-04T12:01:40+00:00\" \/>\n<meta name=\"twitter:card\" content=\"summary_large_image\" \/>\n<meta name=\"twitter:label1\" content=\"Procijenjeno vrijeme \u010ditanja\" \/>\n\t<meta name=\"twitter:data1\" content=\"1 minuta\" \/>\n<script type=\"application\/ld+json\" class=\"yoast-schema-graph\">{\"@context\":\"https:\/\/schema.org\",\"@graph\":[{\"@type\":\"WebPage\",\"@id\":\"https:\/\/ecosocent.eu\/hr\/gamificirano-eko-poduzetnicko-obrazovanje\/\",\"url\":\"https:\/\/ecosocent.eu\/hr\/gamificirano-eko-poduzetnicko-obrazovanje\/\",\"name\":\"Gamificirano eko-poduzetni\u010dko obrazovanje - BC4ESE\",\"isPartOf\":{\"@id\":\"https:\/\/ecosocent.eu\/hr\/#website\"},\"datePublished\":\"2023-07-19T13:18:03+00:00\",\"dateModified\":\"2023-09-04T12:01:40+00:00\",\"breadcrumb\":{\"@id\":\"https:\/\/ecosocent.eu\/hr\/gamificirano-eko-poduzetnicko-obrazovanje\/#breadcrumb\"},\"inLanguage\":\"hr\",\"potentialAction\":[{\"@type\":\"ReadAction\",\"target\":[\"https:\/\/ecosocent.eu\/hr\/gamificirano-eko-poduzetnicko-obrazovanje\/\"]}]},{\"@type\":\"BreadcrumbList\",\"@id\":\"https:\/\/ecosocent.eu\/hr\/gamificirano-eko-poduzetnicko-obrazovanje\/#breadcrumb\",\"itemListElement\":[{\"@type\":\"ListItem\",\"position\":1,\"name\":\"Home\",\"item\":\"https:\/\/ecosocent.eu\/hr\/\"},{\"@type\":\"ListItem\",\"position\":2,\"name\":\"Gamificirano eko-poduzetni\u010dko obrazovanje\"}]},{\"@type\":\"WebSite\",\"@id\":\"https:\/\/ecosocent.eu\/hr\/#website\",\"url\":\"https:\/\/ecosocent.eu\/hr\/\",\"name\":\"BC4ESE\",\"description\":\"Building capacities for innovation in the eco-social entrepreneurship education\",\"potentialAction\":[{\"@type\":\"SearchAction\",\"target\":{\"@type\":\"EntryPoint\",\"urlTemplate\":\"https:\/\/ecosocent.eu\/hr\/?s={search_term_string}\"},\"query-input\":\"required name=search_term_string\"}],\"inLanguage\":\"hr\"}]}<\/script>\n<!-- \/ Yoast SEO plugin. -->","yoast_head_json":{"title":"Gamificirano eko-poduzetni\u010dko obrazovanje - BC4ESE","robots":{"index":"index","follow":"follow","max-snippet":"max-snippet:-1","max-image-preview":"max-image-preview:large","max-video-preview":"max-video-preview:-1"},"canonical":"https:\/\/ecosocent.eu\/hr\/gamificirano-eko-poduzetnicko-obrazovanje\/","og_locale":"hr_HR","og_type":"article","og_title":"Gamificirano eko-poduzetni\u010dko obrazovanje - BC4ESE","og_description":"Cilj ovog dokumenta je analizirati digitalnu gamifikaciju i metodologiju digitalnog modela obrazovanja u pou\u010davanju tema vezanim uz poduzetni\u0161tvo mladih u zemljama Europe i Zapadnog Balkana, koje su \u010dlanice konzorcija projekta BC4ESE. Jedan od ciljeva ove publikacije je tako\u0111er razvoj gamificiranih digitalnih obrazovnih resursa, alata i aktivnosti koji pou\u010davaju i promi\u010du dru\u0161tveno i ekolo\u0161ko poduzetni\u0161tvo me\u0111u [&hellip;]","og_url":"https:\/\/ecosocent.eu\/hr\/gamificirano-eko-poduzetnicko-obrazovanje\/","og_site_name":"BC4ESE","article_modified_time":"2023-09-04T12:01:40+00:00","twitter_card":"summary_large_image","twitter_misc":{"Procijenjeno vrijeme \u010ditanja":"1 minuta"},"schema":{"@context":"https:\/\/schema.org","@graph":[{"@type":"WebPage","@id":"https:\/\/ecosocent.eu\/hr\/gamificirano-eko-poduzetnicko-obrazovanje\/","url":"https:\/\/ecosocent.eu\/hr\/gamificirano-eko-poduzetnicko-obrazovanje\/","name":"Gamificirano eko-poduzetni\u010dko obrazovanje - BC4ESE","isPartOf":{"@id":"https:\/\/ecosocent.eu\/hr\/#website"},"datePublished":"2023-07-19T13:18:03+00:00","dateModified":"2023-09-04T12:01:40+00:00","breadcrumb":{"@id":"https:\/\/ecosocent.eu\/hr\/gamificirano-eko-poduzetnicko-obrazovanje\/#breadcrumb"},"inLanguage":"hr","potentialAction":[{"@type":"ReadAction","target":["https:\/\/ecosocent.eu\/hr\/gamificirano-eko-poduzetnicko-obrazovanje\/"]}]},{"@type":"BreadcrumbList","@id":"https:\/\/ecosocent.eu\/hr\/gamificirano-eko-poduzetnicko-obrazovanje\/#breadcrumb","itemListElement":[{"@type":"ListItem","position":1,"name":"Home","item":"https:\/\/ecosocent.eu\/hr\/"},{"@type":"ListItem","position":2,"name":"Gamificirano eko-poduzetni\u010dko obrazovanje"}]},{"@type":"WebSite","@id":"https:\/\/ecosocent.eu\/hr\/#website","url":"https:\/\/ecosocent.eu\/hr\/","name":"BC4ESE","description":"Building capacities for innovation in the eco-social entrepreneurship education","potentialAction":[{"@type":"SearchAction","target":{"@type":"EntryPoint","urlTemplate":"https:\/\/ecosocent.eu\/hr\/?s={search_term_string}"},"query-input":"required name=search_term_string"}],"inLanguage":"hr"}]}},"_links":{"self":[{"href":"https:\/\/ecosocent.eu\/hr\/wp-json\/wp\/v2\/pages\/1014","targetHints":{"allow":["GET"]}}],"collection":[{"href":"https:\/\/ecosocent.eu\/hr\/wp-json\/wp\/v2\/pages"}],"about":[{"href":"https:\/\/ecosocent.eu\/hr\/wp-json\/wp\/v2\/types\/page"}],"author":[{"embeddable":true,"href":"https:\/\/ecosocent.eu\/hr\/wp-json\/wp\/v2\/users\/1"}],"replies":[{"embeddable":true,"href":"https:\/\/ecosocent.eu\/hr\/wp-json\/wp\/v2\/comments?post=1014"}],"version-history":[{"count":4,"href":"https:\/\/ecosocent.eu\/hr\/wp-json\/wp\/v2\/pages\/1014\/revisions"}],"predecessor-version":[{"id":1145,"href":"https:\/\/ecosocent.eu\/hr\/wp-json\/wp\/v2\/pages\/1014\/revisions\/1145"}],"wp:attachment":[{"href":"https:\/\/ecosocent.eu\/hr\/wp-json\/wp\/v2\/media?parent=1014"}],"curies":[{"name":"wp","href":"https:\/\/api.w.org\/{rel}","templated":true}]}}