{"id":1694,"date":"2024-02-09T09:48:25","date_gmt":"2024-02-09T09:48:25","guid":{"rendered":"https:\/\/ecosocent.eu\/o3-interactive-web-platform-eco-se-e-lab\/"},"modified":"2025-04-24T09:13:05","modified_gmt":"2025-04-24T09:13:05","slug":"o3-interaktivna-web-platforma-eco-se-e-lab","status":"publish","type":"page","link":"https:\/\/ecosocent.eu\/hr\/o3-interaktivna-web-platforma-eco-se-e-lab\/","title":{"rendered":"O3: Interaktivna web platforma \u201cEco-SE-E-lab\u201d"},"content":{"rendered":"<p><span data-sheets-root=\"1\" data-sheets-value=\"{&quot;1&quot;:2,&quot;2&quot;:&quot;Ova interaktivna web platforma sadr\u017ei 18 interaktivnih edukativnih modula osmi\u0161ljenih za uranjanje mladih u svijet eko-dru\u0161tvenog poduzetni\u0161tva. Svaki modul posve\u0107en je usvajanju i promicanju klju\u010dnih tema i kompetencija eko-dru\u0161tvenog poduzetni\u0161tva. Kroz razne online igre, virtualne izazove i digitalne aktivnosti, sudionici istra\u017euju putovanja stvarnih eko-dru\u0161tvenih poduzetnika, koriste\u0107i uvide dobivene iz e-knjige \u201eAnaliza eko-dru\u0161tvenog poduzetni\u0161tva: potrebe, prepreke i dobre prakse.\u201d Svako iskustvo igranja nudi narativ koji prikazuje jedno ili vi\u0161e eko-dru\u0161tvenih poduze\u0107a, pa\u017eljivo odabranih kao uzori za budu\u0107e eko-dru\u0161tvene poduzetnike. Ovi moduli su pomno izra\u0111eni prema obrazovnim scenarijima iznesenima u e-knjizi \u201eGamificirano obrazovanje o eko-poduzetni\u0161tvu,\u201d s ciljem da educiraju i inspiriraju.&quot;}\" data-sheets-userformat=\"{&quot;2&quot;:13251,&quot;3&quot;:{&quot;1&quot;:0},&quot;4&quot;:{&quot;1&quot;:2,&quot;2&quot;:16777215},&quot;9&quot;:0,&quot;10&quot;:1,&quot;11&quot;:4,&quot;12&quot;:0,&quot;15&quot;:&quot;Raleway&quot;,&quot;16&quot;:10}\">Ova interaktivna web platforma sadr\u017ei 18 interaktivnih edukativnih modula osmi\u0161ljenih za uranjanje mladih u svijet eko-dru\u0161tvenog poduzetni\u0161tva. Svaki modul posve\u0107en je usvajanju i promicanju klju\u010dnih tema i kompetencija eko-dru\u0161tvenog poduzetni\u0161tva. Kroz razne online igre, virtualne izazove i digitalne aktivnosti, sudionici istra\u017euju putovanja stvarnih eko-dru\u0161tvenih poduzetnika, koriste\u0107i uvide dobivene iz e-knjige \u201eAnaliza eko-dru\u0161tvenog poduzetni\u0161tva: potrebe, prepreke i dobre prakse.\u201d <\/span><\/p>\n<p><span data-sheets-root=\"1\" data-sheets-value=\"{&quot;1&quot;:2,&quot;2&quot;:&quot;Ova interaktivna web platforma sadr\u017ei 18 interaktivnih edukativnih modula osmi\u0161ljenih za uranjanje mladih u svijet eko-dru\u0161tvenog poduzetni\u0161tva. Svaki modul posve\u0107en je usvajanju i promicanju klju\u010dnih tema i kompetencija eko-dru\u0161tvenog poduzetni\u0161tva. Kroz razne online igre, virtualne izazove i digitalne aktivnosti, sudionici istra\u017euju putovanja stvarnih eko-dru\u0161tvenih poduzetnika, koriste\u0107i uvide dobivene iz e-knjige \u201eAnaliza eko-dru\u0161tvenog poduzetni\u0161tva: potrebe, prepreke i dobre prakse.\u201d Svako iskustvo igranja nudi narativ koji prikazuje jedno ili vi\u0161e eko-dru\u0161tvenih poduze\u0107a, pa\u017eljivo odabranih kao uzori za budu\u0107e eko-dru\u0161tvene poduzetnike. Ovi moduli su pomno izra\u0111eni prema obrazovnim scenarijima iznesenima u e-knjizi \u201eGamificirano obrazovanje o eko-poduzetni\u0161tvu,\u201d s ciljem da educiraju i inspiriraju.&quot;}\" data-sheets-userformat=\"{&quot;2&quot;:13251,&quot;3&quot;:{&quot;1&quot;:0},&quot;4&quot;:{&quot;1&quot;:2,&quot;2&quot;:16777215},&quot;9&quot;:0,&quot;10&quot;:1,&quot;11&quot;:4,&quot;12&quot;:0,&quot;15&quot;:&quot;Raleway&quot;,&quot;16&quot;:10}\">Svako iskustvo igranja nudi narativ koji prikazuje jedno ili vi\u0161e eko-dru\u0161tvenih poduze\u0107a, pa\u017eljivo odabranih kao uzori za budu\u0107e eko-dru\u0161tvene poduzetnike. Ovi moduli su pomno izra\u0111eni prema obrazovnim scenarijima iznesenima u e-knjizi \u201eGamificirano obrazovanje o eko-poduzetni\u0161tvu,\u201d s ciljem da educiraju i inspiriraju.<\/span><\/p>\n","protected":false},"excerpt":{"rendered":"<p>Ova interaktivna web platforma sadr\u017ei 18 interaktivnih edukativnih modula osmi\u0161ljenih za uranjanje mladih u svijet eko-dru\u0161tvenog poduzetni\u0161tva. Svaki modul posve\u0107en je usvajanju i promicanju klju\u010dnih tema i kompetencija eko-dru\u0161tvenog poduzetni\u0161tva. Kroz razne online igre, virtualne izazove i digitalne aktivnosti, sudionici istra\u017euju putovanja stvarnih eko-dru\u0161tvenih poduzetnika, koriste\u0107i uvide dobivene iz e-knjige \u201eAnaliza eko-dru\u0161tvenog poduzetni\u0161tva: potrebe, prepreke [&hellip;]<\/p>\n","protected":false},"author":1,"featured_media":0,"parent":0,"menu_order":0,"comment_status":"closed","ping_status":"closed","template":"templates\/template-book3.php","meta":{"footnotes":""},"class_list":["post-1694","page","type-page","status-publish","hentry"],"acf":[],"yoast_head":"<!-- This site is optimized with the Yoast SEO plugin v20.0 - https:\/\/yoast.com\/wordpress\/plugins\/seo\/ -->\n<title>O3: Interaktivna web platforma \u201cEco-SE-E-lab\u201d - BC4ESE<\/title>\n<meta name=\"robots\" content=\"index, follow, max-snippet:-1, max-image-preview:large, max-video-preview:-1\" \/>\n<link rel=\"canonical\" href=\"https:\/\/ecosocent.eu\/hr\/o3-interaktivna-web-platforma-eco-se-e-lab\/\" \/>\n<meta property=\"og:locale\" content=\"hr_HR\" \/>\n<meta property=\"og:type\" content=\"article\" \/>\n<meta property=\"og:title\" content=\"O3: Interaktivna web platforma \u201cEco-SE-E-lab\u201d - BC4ESE\" \/>\n<meta property=\"og:description\" content=\"Ova interaktivna web platforma sadr\u017ei 18 interaktivnih edukativnih modula osmi\u0161ljenih za uranjanje mladih u svijet eko-dru\u0161tvenog poduzetni\u0161tva. Svaki modul posve\u0107en je usvajanju i promicanju klju\u010dnih tema i kompetencija eko-dru\u0161tvenog poduzetni\u0161tva. Kroz razne online igre, virtualne izazove i digitalne aktivnosti, sudionici istra\u017euju putovanja stvarnih eko-dru\u0161tvenih poduzetnika, koriste\u0107i uvide dobivene iz e-knjige \u201eAnaliza eko-dru\u0161tvenog poduzetni\u0161tva: potrebe, prepreke [&hellip;]\" \/>\n<meta property=\"og:url\" content=\"https:\/\/ecosocent.eu\/hr\/o3-interaktivna-web-platforma-eco-se-e-lab\/\" \/>\n<meta property=\"og:site_name\" content=\"BC4ESE\" \/>\n<meta property=\"article:modified_time\" content=\"2025-04-24T09:13:05+00:00\" \/>\n<meta name=\"twitter:card\" content=\"summary_large_image\" \/>\n<meta name=\"twitter:label1\" content=\"Procijenjeno vrijeme \u010ditanja\" \/>\n\t<meta name=\"twitter:data1\" content=\"1 minuta\" \/>\n<script type=\"application\/ld+json\" class=\"yoast-schema-graph\">{\"@context\":\"https:\/\/schema.org\",\"@graph\":[{\"@type\":\"WebPage\",\"@id\":\"https:\/\/ecosocent.eu\/hr\/o3-interaktivna-web-platforma-eco-se-e-lab\/\",\"url\":\"https:\/\/ecosocent.eu\/hr\/o3-interaktivna-web-platforma-eco-se-e-lab\/\",\"name\":\"O3: Interaktivna web platforma \u201cEco-SE-E-lab\u201d - BC4ESE\",\"isPartOf\":{\"@id\":\"https:\/\/ecosocent.eu\/hr\/#website\"},\"datePublished\":\"2024-02-09T09:48:25+00:00\",\"dateModified\":\"2025-04-24T09:13:05+00:00\",\"breadcrumb\":{\"@id\":\"https:\/\/ecosocent.eu\/hr\/o3-interaktivna-web-platforma-eco-se-e-lab\/#breadcrumb\"},\"inLanguage\":\"hr\",\"potentialAction\":[{\"@type\":\"ReadAction\",\"target\":[\"https:\/\/ecosocent.eu\/hr\/o3-interaktivna-web-platforma-eco-se-e-lab\/\"]}]},{\"@type\":\"BreadcrumbList\",\"@id\":\"https:\/\/ecosocent.eu\/hr\/o3-interaktivna-web-platforma-eco-se-e-lab\/#breadcrumb\",\"itemListElement\":[{\"@type\":\"ListItem\",\"position\":1,\"name\":\"Home\",\"item\":\"https:\/\/ecosocent.eu\/hr\/\"},{\"@type\":\"ListItem\",\"position\":2,\"name\":\"O3: Interaktivna web platforma \u201cEco-SE-E-lab\u201d\"}]},{\"@type\":\"WebSite\",\"@id\":\"https:\/\/ecosocent.eu\/hr\/#website\",\"url\":\"https:\/\/ecosocent.eu\/hr\/\",\"name\":\"BC4ESE\",\"description\":\"Building capacities for innovation in the eco-social entrepreneurship education\",\"potentialAction\":[{\"@type\":\"SearchAction\",\"target\":{\"@type\":\"EntryPoint\",\"urlTemplate\":\"https:\/\/ecosocent.eu\/hr\/?s={search_term_string}\"},\"query-input\":\"required name=search_term_string\"}],\"inLanguage\":\"hr\"}]}<\/script>\n<!-- \/ Yoast SEO plugin. -->","yoast_head_json":{"title":"O3: Interaktivna web platforma \u201cEco-SE-E-lab\u201d - BC4ESE","robots":{"index":"index","follow":"follow","max-snippet":"max-snippet:-1","max-image-preview":"max-image-preview:large","max-video-preview":"max-video-preview:-1"},"canonical":"https:\/\/ecosocent.eu\/hr\/o3-interaktivna-web-platforma-eco-se-e-lab\/","og_locale":"hr_HR","og_type":"article","og_title":"O3: Interaktivna web platforma \u201cEco-SE-E-lab\u201d - BC4ESE","og_description":"Ova interaktivna web platforma sadr\u017ei 18 interaktivnih edukativnih modula osmi\u0161ljenih za uranjanje mladih u svijet eko-dru\u0161tvenog poduzetni\u0161tva. Svaki modul posve\u0107en je usvajanju i promicanju klju\u010dnih tema i kompetencija eko-dru\u0161tvenog poduzetni\u0161tva. Kroz razne online igre, virtualne izazove i digitalne aktivnosti, sudionici istra\u017euju putovanja stvarnih eko-dru\u0161tvenih poduzetnika, koriste\u0107i uvide dobivene iz e-knjige \u201eAnaliza eko-dru\u0161tvenog poduzetni\u0161tva: potrebe, prepreke [&hellip;]","og_url":"https:\/\/ecosocent.eu\/hr\/o3-interaktivna-web-platforma-eco-se-e-lab\/","og_site_name":"BC4ESE","article_modified_time":"2025-04-24T09:13:05+00:00","twitter_card":"summary_large_image","twitter_misc":{"Procijenjeno vrijeme \u010ditanja":"1 minuta"},"schema":{"@context":"https:\/\/schema.org","@graph":[{"@type":"WebPage","@id":"https:\/\/ecosocent.eu\/hr\/o3-interaktivna-web-platforma-eco-se-e-lab\/","url":"https:\/\/ecosocent.eu\/hr\/o3-interaktivna-web-platforma-eco-se-e-lab\/","name":"O3: Interaktivna web platforma \u201cEco-SE-E-lab\u201d - BC4ESE","isPartOf":{"@id":"https:\/\/ecosocent.eu\/hr\/#website"},"datePublished":"2024-02-09T09:48:25+00:00","dateModified":"2025-04-24T09:13:05+00:00","breadcrumb":{"@id":"https:\/\/ecosocent.eu\/hr\/o3-interaktivna-web-platforma-eco-se-e-lab\/#breadcrumb"},"inLanguage":"hr","potentialAction":[{"@type":"ReadAction","target":["https:\/\/ecosocent.eu\/hr\/o3-interaktivna-web-platforma-eco-se-e-lab\/"]}]},{"@type":"BreadcrumbList","@id":"https:\/\/ecosocent.eu\/hr\/o3-interaktivna-web-platforma-eco-se-e-lab\/#breadcrumb","itemListElement":[{"@type":"ListItem","position":1,"name":"Home","item":"https:\/\/ecosocent.eu\/hr\/"},{"@type":"ListItem","position":2,"name":"O3: Interaktivna web platforma \u201cEco-SE-E-lab\u201d"}]},{"@type":"WebSite","@id":"https:\/\/ecosocent.eu\/hr\/#website","url":"https:\/\/ecosocent.eu\/hr\/","name":"BC4ESE","description":"Building capacities for innovation in the eco-social entrepreneurship education","potentialAction":[{"@type":"SearchAction","target":{"@type":"EntryPoint","urlTemplate":"https:\/\/ecosocent.eu\/hr\/?s={search_term_string}"},"query-input":"required name=search_term_string"}],"inLanguage":"hr"}]}},"_links":{"self":[{"href":"https:\/\/ecosocent.eu\/hr\/wp-json\/wp\/v2\/pages\/1694","targetHints":{"allow":["GET"]}}],"collection":[{"href":"https:\/\/ecosocent.eu\/hr\/wp-json\/wp\/v2\/pages"}],"about":[{"href":"https:\/\/ecosocent.eu\/hr\/wp-json\/wp\/v2\/types\/page"}],"author":[{"embeddable":true,"href":"https:\/\/ecosocent.eu\/hr\/wp-json\/wp\/v2\/users\/1"}],"replies":[{"embeddable":true,"href":"https:\/\/ecosocent.eu\/hr\/wp-json\/wp\/v2\/comments?post=1694"}],"version-history":[{"count":4,"href":"https:\/\/ecosocent.eu\/hr\/wp-json\/wp\/v2\/pages\/1694\/revisions"}],"predecessor-version":[{"id":2090,"href":"https:\/\/ecosocent.eu\/hr\/wp-json\/wp\/v2\/pages\/1694\/revisions\/2090"}],"wp:attachment":[{"href":"https:\/\/ecosocent.eu\/hr\/wp-json\/wp\/v2\/media?parent=1694"}],"curies":[{"name":"wp","href":"https:\/\/api.w.org\/{rel}","templated":true}]}}