{"id":1951,"date":"2024-06-28T12:26:32","date_gmt":"2024-06-28T12:26:32","guid":{"rendered":"https:\/\/ecosocent.eu\/o4-online-neformalni-obrazovni-trening-za-radnike-s-mladima-eco-se-e-trening\/"},"modified":"2024-11-29T10:37:46","modified_gmt":"2024-11-29T10:37:46","slug":"o4-online-neformalno-obrazovanje-za-osobe-koje-rade-s-mladima-eco-se-e-training","status":"publish","type":"page","link":"https:\/\/ecosocent.eu\/hr\/o4-online-neformalno-obrazovanje-za-osobe-koje-rade-s-mladima-eco-se-e-training\/","title":{"rendered":"O4: Online neformalno obrazovanje za osobe koje rade s mladima \u201cEco-SE E-training\u201d"},"content":{"rendered":"<p>Ovaj e-trening iz podru\u010dja eko-dru\u0161tvenog poduzetni\u0161tva ima za cilj motivirati i pripremiti osobe koje rade s mladima da promi\u010du eko-dru\u0161tveni pristup poduzetni\u0161tvu me\u0111u mladima. Cilj je promovirati odr\u017eivi razvoj i potaknuti kulturu inovacija me\u0111u mla\u0111om generacijom. Program e-treninga sastoji se od \u0161est e-learning modula koji se provode tijekom dvodnevnog razdoblja treninga. Svaki modul pa\u017eljivo je osmi\u0161ljen kako bi obuhvatio razli\u010dite aspekte eko-dru\u0161tvenog poduzetni\u0161tva, pru\u017eaju\u0107i duboko znanje i prakti\u010dne vje\u0161tine. Kurikulum uklju\u010duje sljede\u0107e teme:<\/p>\n<ul>\n<li style=\"font-weight: 400;\" aria-level=\"1\"><strong>Uvod u poduzetni\u0161tvo:<\/strong> Ovaj modul ima za cilj upoznati osobe koje rade s mladima s osnovnim pojmovima poduzetni\u0161tva, uklju\u010duju\u0107i karakteristike uspje\u0161nih poduzetnika, poduzetni\u010dki na\u010din razmi\u0161ljanja i proces pokretanja i vo\u0111enja poslovanja. Kao rezultat toga, sudionici \u2013 osobe koje rade s mladima \u2013 ste\u0107i \u0107e znanje i digitalne alate za educiranje mladih o razli\u010ditim vrstama poduzetni\u0161tava i klju\u010dnim vje\u0161tinama potrebnim za uspjeh.<\/li>\n<li style=\"font-weight: 400;\" aria-level=\"1\">Uvod u eko-dru\u0161tveno poduzetni\u0161tvo: Ova sesija za osobe koje rade s mladima istra\u017euje principe eko-dru\u0161tvenog poduzetni\u0161tva, fokusiraju\u0107i se na poduze\u0107a koja imaju za cilj rje\u0161avanje socijalnih i okoli\u0161nih problema. Kao rezultat toga, osobe koje rade s mladima razumjet \u0107e eko-dru\u0161tveni koncept u poslovanju i znati kako uputiti mlade u poduze\u0107a koja nisu samo profitabilna, ve\u0107 i pozitivno doprinose dru\u0161tvu i okoli\u0161u.<\/li>\n<li style=\"font-weight: 400;\" aria-level=\"1\"><strong>Odr\u017eivi razvoj i dru\u0161tvena odgovornost:<\/strong> U ovom modulu, osobe koje rade s mladima u\u010dit \u0107e o va\u017enosti odr\u017eivosti i korporativne dru\u0161tvene odgovornosti (CSR) u poslovanju. Ste\u0107i \u0107e znanje i digitalne alate kako bi mladima predstavili odr\u017eive poslovne prakse, eti\u010dko odlu\u010divanje te na\u010din na koji poduze\u0107a mogu uskladiti profit s pozitivnim dru\u0161tvenim i okoli\u0161nim utjecajem.<\/li>\n<li style=\"font-weight: 400;\" aria-level=\"1\"><strong>Inovacija i kreativnost:<\/strong> Ova sesija nagla\u0161ava ulogu inovacija i kreativnosti u poduzetni\u0161tvu. Osobe koje rade s mladima, kao sudionici, istra\u017eit \u0107e tehnike za generiranje kreativnih ideja, razvoj inovativnih proizvoda i usluga te poticanje kulture inovacija u svojim organizacijama. Kao rezultat, ste\u0107i \u0107e znanje i materijale o tome kako opremiti mlade kreativnim vje\u0161tinama u poslovanju.<\/li>\n<li style=\"font-weight: 400;\" aria-level=\"1\"><strong>Planiranje poslovanja i strategija:<\/strong> Ovaj modul obuhva\u0107a osnove planiranja poslovanja i razvoja strategije. Osobe koje rade s mladima vje\u017ebat \u0107e izradu poslovnih planova, provo\u0111enje istra\u017eivanja tr\u017ei\u0161ta te razvoj strate\u0161kih ciljeva i akcijskih planova koji \u0107e usmjeriti njihova poduze\u0107a prema rastu i uspjehu. Kao rezultat, ste\u0107i \u0107e znanje, digitalne alate i materijale (npr. Canvas model) za uvo\u0111enje mladih u planiranje poslovanja i strate\u0161ke pristupe u po\u010detnoj fazi ovog procesa.<\/li>\n<li style=\"font-weight: 400;\" aria-level=\"1\"><strong>Marketing i prodaja:<\/strong> Posljednji modul fokusira se na u\u010dinkovite strategije marketinga i prodaje. Osobe koje rade s mladima u\u010dit \u0107e tehnike za razumijevanje potreba kupaca, razvoj marketin\u0161kih kampanja, kori\u0161tenje digitalnih marketin\u0161kih alata i izgradnju sna\u017enih prodajnih tehnika za poticanje rasta poslovanja. Kao rezultat, ste\u0107i \u0107e osnovno znanje i materijale za predstavljanje mladima u\u010dinkovitog planiranja marketinga i prodaje.<\/li>\n<\/ul>\n","protected":false},"excerpt":{"rendered":"<p>Ovaj e-trening iz podru\u010dja eko-dru\u0161tvenog poduzetni\u0161tva ima za cilj motivirati i pripremiti osobe koje rade s mladima da promi\u010du eko-dru\u0161tveni pristup poduzetni\u0161tvu me\u0111u mladima. Cilj je promovirati odr\u017eivi razvoj i potaknuti kulturu inovacija me\u0111u mla\u0111om generacijom. Program e-treninga sastoji se od \u0161est e-learning modula koji se provode tijekom dvodnevnog razdoblja treninga. Svaki modul pa\u017eljivo je [&hellip;]<\/p>\n","protected":false},"author":1,"featured_media":0,"parent":0,"menu_order":0,"comment_status":"closed","ping_status":"closed","template":"templates\/template-book4.php","meta":{"footnotes":""},"class_list":["post-1951","page","type-page","status-publish","hentry"],"acf":[],"yoast_head":"<!-- This site is optimized with the Yoast SEO plugin v20.0 - https:\/\/yoast.com\/wordpress\/plugins\/seo\/ -->\n<title>O4: Online neformalno obrazovanje za osobe koje rade s mladima \u201cEco-SE E-training\u201d - BC4ESE<\/title>\n<meta name=\"robots\" content=\"index, follow, max-snippet:-1, max-image-preview:large, max-video-preview:-1\" \/>\n<link rel=\"canonical\" href=\"https:\/\/ecosocent.eu\/hr\/o4-online-neformalno-obrazovanje-za-osobe-koje-rade-s-mladima-eco-se-e-training\/\" \/>\n<meta property=\"og:locale\" content=\"hr_HR\" \/>\n<meta property=\"og:type\" content=\"article\" \/>\n<meta property=\"og:title\" content=\"O4: Online neformalno obrazovanje za osobe koje rade s mladima \u201cEco-SE E-training\u201d - BC4ESE\" \/>\n<meta property=\"og:description\" content=\"Ovaj e-trening iz podru\u010dja eko-dru\u0161tvenog poduzetni\u0161tva ima za cilj motivirati i pripremiti osobe koje rade s mladima da promi\u010du eko-dru\u0161tveni pristup poduzetni\u0161tvu me\u0111u mladima. Cilj je promovirati odr\u017eivi razvoj i potaknuti kulturu inovacija me\u0111u mla\u0111om generacijom. Program e-treninga sastoji se od \u0161est e-learning modula koji se provode tijekom dvodnevnog razdoblja treninga. Svaki modul pa\u017eljivo je [&hellip;]\" \/>\n<meta property=\"og:url\" content=\"https:\/\/ecosocent.eu\/hr\/o4-online-neformalno-obrazovanje-za-osobe-koje-rade-s-mladima-eco-se-e-training\/\" \/>\n<meta property=\"og:site_name\" content=\"BC4ESE\" \/>\n<meta property=\"article:modified_time\" content=\"2024-11-29T10:37:46+00:00\" \/>\n<meta name=\"twitter:card\" content=\"summary_large_image\" \/>\n<meta name=\"twitter:label1\" content=\"Procijenjeno vrijeme \u010ditanja\" \/>\n\t<meta name=\"twitter:data1\" content=\"2 minute\" \/>\n<script type=\"application\/ld+json\" class=\"yoast-schema-graph\">{\"@context\":\"https:\/\/schema.org\",\"@graph\":[{\"@type\":\"WebPage\",\"@id\":\"https:\/\/ecosocent.eu\/hr\/o4-online-neformalno-obrazovanje-za-osobe-koje-rade-s-mladima-eco-se-e-training\/\",\"url\":\"https:\/\/ecosocent.eu\/hr\/o4-online-neformalno-obrazovanje-za-osobe-koje-rade-s-mladima-eco-se-e-training\/\",\"name\":\"O4: Online neformalno obrazovanje za osobe koje rade s mladima \u201cEco-SE E-training\u201d - BC4ESE\",\"isPartOf\":{\"@id\":\"https:\/\/ecosocent.eu\/hr\/#website\"},\"datePublished\":\"2024-06-28T12:26:32+00:00\",\"dateModified\":\"2024-11-29T10:37:46+00:00\",\"breadcrumb\":{\"@id\":\"https:\/\/ecosocent.eu\/hr\/o4-online-neformalno-obrazovanje-za-osobe-koje-rade-s-mladima-eco-se-e-training\/#breadcrumb\"},\"inLanguage\":\"hr\",\"potentialAction\":[{\"@type\":\"ReadAction\",\"target\":[\"https:\/\/ecosocent.eu\/hr\/o4-online-neformalno-obrazovanje-za-osobe-koje-rade-s-mladima-eco-se-e-training\/\"]}]},{\"@type\":\"BreadcrumbList\",\"@id\":\"https:\/\/ecosocent.eu\/hr\/o4-online-neformalno-obrazovanje-za-osobe-koje-rade-s-mladima-eco-se-e-training\/#breadcrumb\",\"itemListElement\":[{\"@type\":\"ListItem\",\"position\":1,\"name\":\"Home\",\"item\":\"https:\/\/ecosocent.eu\/hr\/\"},{\"@type\":\"ListItem\",\"position\":2,\"name\":\"O4: Online neformalno obrazovanje za osobe koje rade s mladima \u201cEco-SE E-training\u201d\"}]},{\"@type\":\"WebSite\",\"@id\":\"https:\/\/ecosocent.eu\/hr\/#website\",\"url\":\"https:\/\/ecosocent.eu\/hr\/\",\"name\":\"BC4ESE\",\"description\":\"Building capacities for innovation in the eco-social entrepreneurship education\",\"potentialAction\":[{\"@type\":\"SearchAction\",\"target\":{\"@type\":\"EntryPoint\",\"urlTemplate\":\"https:\/\/ecosocent.eu\/hr\/?s={search_term_string}\"},\"query-input\":\"required name=search_term_string\"}],\"inLanguage\":\"hr\"}]}<\/script>\n<!-- \/ Yoast SEO plugin. -->","yoast_head_json":{"title":"O4: Online neformalno obrazovanje za osobe koje rade s mladima \u201cEco-SE E-training\u201d - BC4ESE","robots":{"index":"index","follow":"follow","max-snippet":"max-snippet:-1","max-image-preview":"max-image-preview:large","max-video-preview":"max-video-preview:-1"},"canonical":"https:\/\/ecosocent.eu\/hr\/o4-online-neformalno-obrazovanje-za-osobe-koje-rade-s-mladima-eco-se-e-training\/","og_locale":"hr_HR","og_type":"article","og_title":"O4: Online neformalno obrazovanje za osobe koje rade s mladima \u201cEco-SE E-training\u201d - BC4ESE","og_description":"Ovaj e-trening iz podru\u010dja eko-dru\u0161tvenog poduzetni\u0161tva ima za cilj motivirati i pripremiti osobe koje rade s mladima da promi\u010du eko-dru\u0161tveni pristup poduzetni\u0161tvu me\u0111u mladima. Cilj je promovirati odr\u017eivi razvoj i potaknuti kulturu inovacija me\u0111u mla\u0111om generacijom. Program e-treninga sastoji se od \u0161est e-learning modula koji se provode tijekom dvodnevnog razdoblja treninga. Svaki modul pa\u017eljivo je [&hellip;]","og_url":"https:\/\/ecosocent.eu\/hr\/o4-online-neformalno-obrazovanje-za-osobe-koje-rade-s-mladima-eco-se-e-training\/","og_site_name":"BC4ESE","article_modified_time":"2024-11-29T10:37:46+00:00","twitter_card":"summary_large_image","twitter_misc":{"Procijenjeno vrijeme \u010ditanja":"2 minute"},"schema":{"@context":"https:\/\/schema.org","@graph":[{"@type":"WebPage","@id":"https:\/\/ecosocent.eu\/hr\/o4-online-neformalno-obrazovanje-za-osobe-koje-rade-s-mladima-eco-se-e-training\/","url":"https:\/\/ecosocent.eu\/hr\/o4-online-neformalno-obrazovanje-za-osobe-koje-rade-s-mladima-eco-se-e-training\/","name":"O4: Online neformalno obrazovanje za osobe koje rade s mladima \u201cEco-SE E-training\u201d - BC4ESE","isPartOf":{"@id":"https:\/\/ecosocent.eu\/hr\/#website"},"datePublished":"2024-06-28T12:26:32+00:00","dateModified":"2024-11-29T10:37:46+00:00","breadcrumb":{"@id":"https:\/\/ecosocent.eu\/hr\/o4-online-neformalno-obrazovanje-za-osobe-koje-rade-s-mladima-eco-se-e-training\/#breadcrumb"},"inLanguage":"hr","potentialAction":[{"@type":"ReadAction","target":["https:\/\/ecosocent.eu\/hr\/o4-online-neformalno-obrazovanje-za-osobe-koje-rade-s-mladima-eco-se-e-training\/"]}]},{"@type":"BreadcrumbList","@id":"https:\/\/ecosocent.eu\/hr\/o4-online-neformalno-obrazovanje-za-osobe-koje-rade-s-mladima-eco-se-e-training\/#breadcrumb","itemListElement":[{"@type":"ListItem","position":1,"name":"Home","item":"https:\/\/ecosocent.eu\/hr\/"},{"@type":"ListItem","position":2,"name":"O4: Online neformalno obrazovanje za osobe koje rade s mladima \u201cEco-SE E-training\u201d"}]},{"@type":"WebSite","@id":"https:\/\/ecosocent.eu\/hr\/#website","url":"https:\/\/ecosocent.eu\/hr\/","name":"BC4ESE","description":"Building capacities for innovation in the eco-social entrepreneurship education","potentialAction":[{"@type":"SearchAction","target":{"@type":"EntryPoint","urlTemplate":"https:\/\/ecosocent.eu\/hr\/?s={search_term_string}"},"query-input":"required name=search_term_string"}],"inLanguage":"hr"}]}},"_links":{"self":[{"href":"https:\/\/ecosocent.eu\/hr\/wp-json\/wp\/v2\/pages\/1951","targetHints":{"allow":["GET"]}}],"collection":[{"href":"https:\/\/ecosocent.eu\/hr\/wp-json\/wp\/v2\/pages"}],"about":[{"href":"https:\/\/ecosocent.eu\/hr\/wp-json\/wp\/v2\/types\/page"}],"author":[{"embeddable":true,"href":"https:\/\/ecosocent.eu\/hr\/wp-json\/wp\/v2\/users\/1"}],"replies":[{"embeddable":true,"href":"https:\/\/ecosocent.eu\/hr\/wp-json\/wp\/v2\/comments?post=1951"}],"version-history":[{"count":3,"href":"https:\/\/ecosocent.eu\/hr\/wp-json\/wp\/v2\/pages\/1951\/revisions"}],"predecessor-version":[{"id":2011,"href":"https:\/\/ecosocent.eu\/hr\/wp-json\/wp\/v2\/pages\/1951\/revisions\/2011"}],"wp:attachment":[{"href":"https:\/\/ecosocent.eu\/hr\/wp-json\/wp\/v2\/media?parent=1951"}],"curies":[{"name":"wp","href":"https:\/\/api.w.org\/{rel}","templated":true}]}}