{"id":484,"date":"2022-12-01T14:22:43","date_gmt":"2022-12-01T14:22:43","guid":{"rendered":"https:\/\/ecosocent.eu\/eco-social-entrepreneurship-analysis-needs-obstacles-and-good-practices\/"},"modified":"2023-02-23T13:22:18","modified_gmt":"2023-02-23T13:22:18","slug":"analiza-eko-drustvenog-poduzetnistva-potrebe-prepreke-i-dobre-prakse","status":"publish","type":"page","link":"https:\/\/ecosocent.eu\/hr\/analiza-eko-drustvenog-poduzetnistva-potrebe-prepreke-i-dobre-prakse\/","title":{"rendered":"Analiza eko-dru\u0161tvenog poduzetni\u0161tva: potrebe, prepreke i dobre prakse"},"content":{"rendered":"<p style=\"text-align: left;\">Cilj ovog dokumenta je sagledati eko-dru\u0161tvenu ekonomiju u europskim zemljama i partnerima u projektu u zemljama zapadnog Balkana. Kona\u010dni cilj je potaknuti vi\u0161e mladih ljudi na pokretanje i razvoj eko-dru\u0161tvenih poduze\u0107a te osigurati da imaju pristup odgovaraju\u0107oj pomo\u0107i i podr\u0161ci u svakoj fazi svog poduzetni\u010dkog puta.<\/p>\n<p style=\"text-align: left;\">Diesis Network i CDP \u201cGlobus\u201d su odgovorni partneri za izradu ovog dokumenta i podr\u0161ku svim partnerima na projektu: koordiniraju\u0107i partner CEDRA Split (Hrvatska), Agencija za lokalni razvoj Prozor-Rama (Bosna i Hercegovina), Mladi ambasadori (Srbija), ADP-ZID i CSO (Crna Gora) i Hub Nicosia (Cipar).<br \/>\nOvaj dokument podijeljen je u dva glavna dijela: op\u0107e informacije o dru\u0161tvenom poduzetni\u0161tvu i konceptu eko-dru\u0161tvenog poduzetni\u0161tva te analiza po dr\u017eavama.<br \/>\nZa svaku dr\u017eavu usredoto\u010dili smo se na sljede\u0107e to\u010dke:<\/p>\n<ol style=\"text-align: left;\" type=\"a\">\n<li style=\"text-align: left;\">a.)\u00a0Istra\u017eivanje i analiza postoje\u0107eg stanja eko-dru\u0161tvenog poduzetni\u0161tva u partnerskim zemljama<\/li>\n<li style=\"text-align: left;\">b.)\u00a0Istra\u017eivanje prepreka koje sprje\u010davaju razvoj eko-dru\u0161tvenih projekata i aktivnosti kroz dru\u0161tveno poduzetni\u0161tvo<\/li>\n<li style=\"text-align: left;\">c.)\u00a0Primjeri dobre prakse postoje\u0107ih eko-dru\u0161tvenih poduzetnika u partnerskim zemljama, EU i svijetu<\/li>\n<\/ol>\n<p style=\"text-align: left;\">S obzirom na to da je Zapadni Balkan jedna od regija u Europi koje su najvi\u0161e pogo\u0111ene klimatskim promjenama i da se procjenjuje da \u0107e isti trend biti do kraja stolje\u0107a, aktivnosti predvi\u0111ene Zelenom agendom za Zapadni Balkan u okviru Ekonomskog i investicijskog plana za zapadni Balkan klju\u010dni su \u010dimbenici za postizanje cilja klimatske neutralnosti. Eko-dru\u0161tveno poduzetni\u0161tvo \u010dini zna\u010dajan dio Zelene agende, \u0161to zasigurno mo\u017ee potaknuti regiju da tra\u017ei opcije za smanjenje otiska potro\u0161nje i pove\u0107anje stope kru\u017enog kori\u0161tenja materijala, \u0161to \u0107e zauzvrat potaknuti gospodarski rast.<sup>1<\/sup><\/p>\n<h6 style=\"text-align: left;\"><sup>1<\/sup> Radni dokument osoblja Komisije (2020.), Smjernice za provedbu Zelenog plana za zapadni Balkan koji prati priop\u0107enje Komisije Europskom parlamentu, Vije\u0107u, Europskom gospodarskom i socijalnom odboru i Odboru regija. Ekonomski i investicijski plan za zapadni Balkan, SWD\/2020\/223 final<\/h6>\n","protected":false},"excerpt":{"rendered":"<p>Cilj ovog dokumenta je sagledati eko-dru\u0161tvenu ekonomiju u europskim zemljama i partnerima u projektu u zemljama zapadnog Balkana. Kona\u010dni cilj je potaknuti vi\u0161e mladih ljudi na pokretanje i razvoj eko-dru\u0161tvenih poduze\u0107a te osigurati da imaju pristup odgovaraju\u0107oj pomo\u0107i i podr\u0161ci u svakoj fazi svog poduzetni\u010dkog puta. Diesis Network i CDP \u201cGlobus\u201d su odgovorni partneri za [&hellip;]<\/p>\n","protected":false},"author":1,"featured_media":412,"parent":0,"menu_order":0,"comment_status":"closed","ping_status":"closed","template":"templates\/template-book.php","meta":{"footnotes":""},"class_list":["post-484","page","type-page","status-publish","has-post-thumbnail","hentry"],"acf":[],"yoast_head":"<!-- This site is optimized with the Yoast SEO plugin v20.0 - https:\/\/yoast.com\/wordpress\/plugins\/seo\/ -->\n<title>Analiza eko-dru\u0161tvenog poduzetni\u0161tva: potrebe, prepreke i dobre prakse - BC4ESE<\/title>\n<meta name=\"robots\" content=\"index, follow, max-snippet:-1, max-image-preview:large, max-video-preview:-1\" \/>\n<link rel=\"canonical\" href=\"https:\/\/ecosocent.eu\/hr\/analiza-eko-drustvenog-poduzetnistva-potrebe-prepreke-i-dobre-prakse\/\" \/>\n<meta property=\"og:locale\" content=\"hr_HR\" \/>\n<meta property=\"og:type\" content=\"article\" \/>\n<meta property=\"og:title\" content=\"Analiza eko-dru\u0161tvenog poduzetni\u0161tva: potrebe, prepreke i dobre prakse - BC4ESE\" \/>\n<meta property=\"og:description\" content=\"Cilj ovog dokumenta je sagledati eko-dru\u0161tvenu ekonomiju u europskim zemljama i partnerima u projektu u zemljama zapadnog Balkana. Kona\u010dni cilj je potaknuti vi\u0161e mladih ljudi na pokretanje i razvoj eko-dru\u0161tvenih poduze\u0107a te osigurati da imaju pristup odgovaraju\u0107oj pomo\u0107i i podr\u0161ci u svakoj fazi svog poduzetni\u010dkog puta. Diesis Network i CDP \u201cGlobus\u201d su odgovorni partneri za [&hellip;]\" \/>\n<meta property=\"og:url\" content=\"https:\/\/ecosocent.eu\/hr\/analiza-eko-drustvenog-poduzetnistva-potrebe-prepreke-i-dobre-prakse\/\" \/>\n<meta property=\"og:site_name\" content=\"BC4ESE\" \/>\n<meta property=\"article:modified_time\" content=\"2023-02-23T13:22:18+00:00\" \/>\n<meta property=\"og:image\" content=\"https:\/\/ecosocent.eu\/wp-content\/uploads\/2022\/12\/io1.png\" \/>\n\t<meta property=\"og:image:width\" content=\"624\" \/>\n\t<meta property=\"og:image:height\" content=\"390\" \/>\n\t<meta property=\"og:image:type\" content=\"image\/png\" \/>\n<meta name=\"twitter:card\" content=\"summary_large_image\" \/>\n<meta name=\"twitter:label1\" content=\"Procijenjeno vrijeme \u010ditanja\" \/>\n\t<meta name=\"twitter:data1\" content=\"2 minute\" \/>\n<script type=\"application\/ld+json\" class=\"yoast-schema-graph\">{\"@context\":\"https:\/\/schema.org\",\"@graph\":[{\"@type\":\"WebPage\",\"@id\":\"https:\/\/ecosocent.eu\/hr\/analiza-eko-drustvenog-poduzetnistva-potrebe-prepreke-i-dobre-prakse\/\",\"url\":\"https:\/\/ecosocent.eu\/hr\/analiza-eko-drustvenog-poduzetnistva-potrebe-prepreke-i-dobre-prakse\/\",\"name\":\"Analiza eko-dru\u0161tvenog poduzetni\u0161tva: potrebe, prepreke i dobre prakse - BC4ESE\",\"isPartOf\":{\"@id\":\"https:\/\/ecosocent.eu\/hr\/#website\"},\"datePublished\":\"2022-12-01T14:22:43+00:00\",\"dateModified\":\"2023-02-23T13:22:18+00:00\",\"breadcrumb\":{\"@id\":\"https:\/\/ecosocent.eu\/hr\/analiza-eko-drustvenog-poduzetnistva-potrebe-prepreke-i-dobre-prakse\/#breadcrumb\"},\"inLanguage\":\"hr\",\"potentialAction\":[{\"@type\":\"ReadAction\",\"target\":[\"https:\/\/ecosocent.eu\/hr\/analiza-eko-drustvenog-poduzetnistva-potrebe-prepreke-i-dobre-prakse\/\"]}]},{\"@type\":\"BreadcrumbList\",\"@id\":\"https:\/\/ecosocent.eu\/hr\/analiza-eko-drustvenog-poduzetnistva-potrebe-prepreke-i-dobre-prakse\/#breadcrumb\",\"itemListElement\":[{\"@type\":\"ListItem\",\"position\":1,\"name\":\"Home\",\"item\":\"https:\/\/ecosocent.eu\/hr\/\"},{\"@type\":\"ListItem\",\"position\":2,\"name\":\"Analiza eko-dru\u0161tvenog poduzetni\u0161tva: potrebe, prepreke i dobre prakse\"}]},{\"@type\":\"WebSite\",\"@id\":\"https:\/\/ecosocent.eu\/hr\/#website\",\"url\":\"https:\/\/ecosocent.eu\/hr\/\",\"name\":\"BC4ESE\",\"description\":\"Building capacities for innovation in the eco-social entrepreneurship education\",\"potentialAction\":[{\"@type\":\"SearchAction\",\"target\":{\"@type\":\"EntryPoint\",\"urlTemplate\":\"https:\/\/ecosocent.eu\/hr\/?s={search_term_string}\"},\"query-input\":\"required name=search_term_string\"}],\"inLanguage\":\"hr\"}]}<\/script>\n<!-- \/ Yoast SEO plugin. -->","yoast_head_json":{"title":"Analiza eko-dru\u0161tvenog poduzetni\u0161tva: potrebe, prepreke i dobre prakse - BC4ESE","robots":{"index":"index","follow":"follow","max-snippet":"max-snippet:-1","max-image-preview":"max-image-preview:large","max-video-preview":"max-video-preview:-1"},"canonical":"https:\/\/ecosocent.eu\/hr\/analiza-eko-drustvenog-poduzetnistva-potrebe-prepreke-i-dobre-prakse\/","og_locale":"hr_HR","og_type":"article","og_title":"Analiza eko-dru\u0161tvenog poduzetni\u0161tva: potrebe, prepreke i dobre prakse - BC4ESE","og_description":"Cilj ovog dokumenta je sagledati eko-dru\u0161tvenu ekonomiju u europskim zemljama i partnerima u projektu u zemljama zapadnog Balkana. Kona\u010dni cilj je potaknuti vi\u0161e mladih ljudi na pokretanje i razvoj eko-dru\u0161tvenih poduze\u0107a te osigurati da imaju pristup odgovaraju\u0107oj pomo\u0107i i podr\u0161ci u svakoj fazi svog poduzetni\u010dkog puta. Diesis Network i CDP \u201cGlobus\u201d su odgovorni partneri za [&hellip;]","og_url":"https:\/\/ecosocent.eu\/hr\/analiza-eko-drustvenog-poduzetnistva-potrebe-prepreke-i-dobre-prakse\/","og_site_name":"BC4ESE","article_modified_time":"2023-02-23T13:22:18+00:00","og_image":[{"width":624,"height":390,"url":"https:\/\/ecosocent.eu\/wp-content\/uploads\/2022\/12\/io1.png","type":"image\/png"}],"twitter_card":"summary_large_image","twitter_misc":{"Procijenjeno vrijeme \u010ditanja":"2 minute"},"schema":{"@context":"https:\/\/schema.org","@graph":[{"@type":"WebPage","@id":"https:\/\/ecosocent.eu\/hr\/analiza-eko-drustvenog-poduzetnistva-potrebe-prepreke-i-dobre-prakse\/","url":"https:\/\/ecosocent.eu\/hr\/analiza-eko-drustvenog-poduzetnistva-potrebe-prepreke-i-dobre-prakse\/","name":"Analiza eko-dru\u0161tvenog poduzetni\u0161tva: potrebe, prepreke i dobre prakse - BC4ESE","isPartOf":{"@id":"https:\/\/ecosocent.eu\/hr\/#website"},"datePublished":"2022-12-01T14:22:43+00:00","dateModified":"2023-02-23T13:22:18+00:00","breadcrumb":{"@id":"https:\/\/ecosocent.eu\/hr\/analiza-eko-drustvenog-poduzetnistva-potrebe-prepreke-i-dobre-prakse\/#breadcrumb"},"inLanguage":"hr","potentialAction":[{"@type":"ReadAction","target":["https:\/\/ecosocent.eu\/hr\/analiza-eko-drustvenog-poduzetnistva-potrebe-prepreke-i-dobre-prakse\/"]}]},{"@type":"BreadcrumbList","@id":"https:\/\/ecosocent.eu\/hr\/analiza-eko-drustvenog-poduzetnistva-potrebe-prepreke-i-dobre-prakse\/#breadcrumb","itemListElement":[{"@type":"ListItem","position":1,"name":"Home","item":"https:\/\/ecosocent.eu\/hr\/"},{"@type":"ListItem","position":2,"name":"Analiza eko-dru\u0161tvenog poduzetni\u0161tva: potrebe, prepreke i dobre prakse"}]},{"@type":"WebSite","@id":"https:\/\/ecosocent.eu\/hr\/#website","url":"https:\/\/ecosocent.eu\/hr\/","name":"BC4ESE","description":"Building capacities for innovation in the eco-social entrepreneurship education","potentialAction":[{"@type":"SearchAction","target":{"@type":"EntryPoint","urlTemplate":"https:\/\/ecosocent.eu\/hr\/?s={search_term_string}"},"query-input":"required name=search_term_string"}],"inLanguage":"hr"}]}},"_links":{"self":[{"href":"https:\/\/ecosocent.eu\/hr\/wp-json\/wp\/v2\/pages\/484","targetHints":{"allow":["GET"]}}],"collection":[{"href":"https:\/\/ecosocent.eu\/hr\/wp-json\/wp\/v2\/pages"}],"about":[{"href":"https:\/\/ecosocent.eu\/hr\/wp-json\/wp\/v2\/types\/page"}],"author":[{"embeddable":true,"href":"https:\/\/ecosocent.eu\/hr\/wp-json\/wp\/v2\/users\/1"}],"replies":[{"embeddable":true,"href":"https:\/\/ecosocent.eu\/hr\/wp-json\/wp\/v2\/comments?post=484"}],"version-history":[{"count":7,"href":"https:\/\/ecosocent.eu\/hr\/wp-json\/wp\/v2\/pages\/484\/revisions"}],"predecessor-version":[{"id":802,"href":"https:\/\/ecosocent.eu\/hr\/wp-json\/wp\/v2\/pages\/484\/revisions\/802"}],"wp:featuredmedia":[{"embeddable":true,"href":"https:\/\/ecosocent.eu\/hr\/wp-json\/wp\/v2\/media\/412"}],"wp:attachment":[{"href":"https:\/\/ecosocent.eu\/hr\/wp-json\/wp\/v2\/media?parent=484"}],"curies":[{"name":"wp","href":"https:\/\/api.w.org\/{rel}","templated":true}]}}