{"id":1086,"date":"2023-07-19T13:18:03","date_gmt":"2023-07-19T13:18:03","guid":{"rendered":"https:\/\/ecosocent.eu\/igrifikacija-u-obrazovanju-za-eko-poduzetnistvo\/"},"modified":"2023-09-04T12:08:29","modified_gmt":"2023-09-04T12:08:29","slug":"gejmifikovana-eko-preduzetnicka-edukacija","status":"publish","type":"page","link":"https:\/\/ecosocent.eu\/me\/gejmifikovana-eko-preduzetnicka-edukacija\/","title":{"rendered":"Gejmifikovana eko-preduzetni\u010dka edukacija"},"content":{"rendered":"<p style=\"text-align: left;\">Cilj ovog dokumenta je da sagleda digitalnu gejmifikaciju i metodologiju digitalnog modela obrazovanja u podu\u010davanju tema o preduzetni\u0161tvu mladih u zemljama Evrope i Zapadnog Balkana, \u010dlanicama BC4ESE projektnog konzorcijuma. Jedan od ciljeva ove publikacije je i razvoj gejmifikovanih digitalnih obrazovnih resursa, alata i aktivnosti koje podu\u010davaju i promovi\u0161u socijalno i eko-preduzetni\u0161tvo me\u0111u mladima, dok je krajnji cilj da se podstakne vi\u0161e mladih ljudi da zapo\u010dnu i razviju eko-socijalna preduze\u0107a i da im se osigura pristup odgovaraju\u0107oj pomo\u0107i i podr\u0161ci u svakoj fazi preduzetni\u010dkog puta.<\/p>\n<p style=\"text-align: left;\">ADP-Zid i Hub Nicosia su partneri odgovorni za izradu ovoga rezultata uz podr\u0161ku svih projektnih partnera: koordinator projekta CEDRA Split (Hrvatska), Agencija za lokalni razvoj Prozor-Rama i CDP Globus (Bosna i Hercegovina), Mladi ambasadori (Srbija), Diesis Network (Belgija) i Centar za stru\u010dno obrazovanje (Crna Gora).<\/p>\n<p style=\"text-align: left;\"><span style=\"font-weight: 400;\">Ovaj dokument je podijeljen na dva glavna dijela: op\u0161te osnovne informacije o konceptu gejmifikacije i u\u010denja zasnovanog na igricama i njihovoj primjeni u obrazovanju o preduzetni\u0161tvu, kao i analizu svake zemlje konzorcijuma. <\/span><\/p>\n<p style=\"text-align: left;\"><span style=\"font-weight: 400;\">Za svaku zemlju smo se fokusirali na sljede\u0107e ta\u010dke:\u202f\u202f\u00a0<\/span><\/p>\n<ol style=\"text-align: left;\">\n<li style=\"font-weight: 400;\" aria-level=\"1\">Postoje\u0107e stanje u vezi sa metodologijom digitalne gejmifikacije i metodologijom digitalnog modela obrazovanja u podu\u010davanju tema o preduzetni\u0161tvu mladih;<\/li>\n<li style=\"font-weight: 400;\" aria-level=\"1\"><span style=\"font-weight: 400;\">Primjeri dobre prakse o gejmifikovanim digitalnim obrazovnim resursima, alatima i aktivnostima koje podu\u010davaju i promovi\u0161u socijalno i eko-preduzetni\u0161tvo za mlade u partnerskim zemljama. <\/span><\/li>\n<\/ol>\n","protected":false},"excerpt":{"rendered":"<p>Cilj ovog dokumenta je da sagleda digitalnu gejmifikaciju i metodologiju digitalnog modela obrazovanja u podu\u010davanju tema o preduzetni\u0161tvu mladih u zemljama Evrope i Zapadnog Balkana, \u010dlanicama BC4ESE projektnog konzorcijuma. Jedan od ciljeva ove publikacije je i razvoj gejmifikovanih digitalnih obrazovnih resursa, alata i aktivnosti koje podu\u010davaju i promovi\u0161u socijalno i eko-preduzetni\u0161tvo me\u0111u mladima, dok je [&hellip;]<\/p>\n","protected":false},"author":1,"featured_media":0,"parent":0,"menu_order":0,"comment_status":"closed","ping_status":"closed","template":"templates\/template-book2.php","meta":{"footnotes":""},"class_list":["post-1086","page","type-page","status-publish","hentry"],"acf":[],"yoast_head":"<!-- This site is optimized with the Yoast SEO plugin v20.0 - https:\/\/yoast.com\/wordpress\/plugins\/seo\/ -->\n<title>Gejmifikovana eko-preduzetni\u010dka edukacija - BC4ESE<\/title>\n<meta name=\"robots\" content=\"index, follow, max-snippet:-1, max-image-preview:large, max-video-preview:-1\" \/>\n<link rel=\"canonical\" href=\"https:\/\/ecosocent.eu\/me\/gejmifikovana-eko-preduzetnicka-edukacija\/\" \/>\n<meta property=\"og:locale\" content=\"en_US\" \/>\n<meta property=\"og:type\" content=\"article\" \/>\n<meta property=\"og:title\" content=\"Gejmifikovana eko-preduzetni\u010dka edukacija - BC4ESE\" \/>\n<meta property=\"og:description\" content=\"Cilj ovog dokumenta je da sagleda digitalnu gejmifikaciju i metodologiju digitalnog modela obrazovanja u podu\u010davanju tema o preduzetni\u0161tvu mladih u zemljama Evrope i Zapadnog Balkana, \u010dlanicama BC4ESE projektnog konzorcijuma. Jedan od ciljeva ove publikacije je i razvoj gejmifikovanih digitalnih obrazovnih resursa, alata i aktivnosti koje podu\u010davaju i promovi\u0161u socijalno i eko-preduzetni\u0161tvo me\u0111u mladima, dok je [&hellip;]\" \/>\n<meta property=\"og:url\" content=\"https:\/\/ecosocent.eu\/me\/gejmifikovana-eko-preduzetnicka-edukacija\/\" \/>\n<meta property=\"og:site_name\" content=\"BC4ESE\" \/>\n<meta property=\"article:modified_time\" content=\"2023-09-04T12:08:29+00:00\" \/>\n<meta name=\"twitter:card\" content=\"summary_large_image\" \/>\n<meta name=\"twitter:label1\" content=\"Est. reading time\" \/>\n\t<meta name=\"twitter:data1\" content=\"1 minute\" \/>\n<script type=\"application\/ld+json\" class=\"yoast-schema-graph\">{\"@context\":\"https:\/\/schema.org\",\"@graph\":[{\"@type\":\"WebPage\",\"@id\":\"https:\/\/ecosocent.eu\/me\/gejmifikovana-eko-preduzetnicka-edukacija\/\",\"url\":\"https:\/\/ecosocent.eu\/me\/gejmifikovana-eko-preduzetnicka-edukacija\/\",\"name\":\"Gejmifikovana eko-preduzetni\u010dka edukacija - BC4ESE\",\"isPartOf\":{\"@id\":\"https:\/\/ecosocent.eu\/me\/#website\"},\"datePublished\":\"2023-07-19T13:18:03+00:00\",\"dateModified\":\"2023-09-04T12:08:29+00:00\",\"breadcrumb\":{\"@id\":\"https:\/\/ecosocent.eu\/me\/gejmifikovana-eko-preduzetnicka-edukacija\/#breadcrumb\"},\"inLanguage\":\"me\",\"potentialAction\":[{\"@type\":\"ReadAction\",\"target\":[\"https:\/\/ecosocent.eu\/me\/gejmifikovana-eko-preduzetnicka-edukacija\/\"]}]},{\"@type\":\"BreadcrumbList\",\"@id\":\"https:\/\/ecosocent.eu\/me\/gejmifikovana-eko-preduzetnicka-edukacija\/#breadcrumb\",\"itemListElement\":[{\"@type\":\"ListItem\",\"position\":1,\"name\":\"Home\",\"item\":\"https:\/\/ecosocent.eu\/me\/\"},{\"@type\":\"ListItem\",\"position\":2,\"name\":\"Gejmifikovana eko-preduzetni\u010dka edukacija\"}]},{\"@type\":\"WebSite\",\"@id\":\"https:\/\/ecosocent.eu\/me\/#website\",\"url\":\"https:\/\/ecosocent.eu\/me\/\",\"name\":\"BC4ESE\",\"description\":\"Building capacities for innovation in the eco-social entrepreneurship education\",\"potentialAction\":[{\"@type\":\"SearchAction\",\"target\":{\"@type\":\"EntryPoint\",\"urlTemplate\":\"https:\/\/ecosocent.eu\/me\/?s={search_term_string}\"},\"query-input\":\"required name=search_term_string\"}],\"inLanguage\":\"me\"}]}<\/script>\n<!-- \/ Yoast SEO plugin. -->","yoast_head_json":{"title":"Gejmifikovana eko-preduzetni\u010dka edukacija - BC4ESE","robots":{"index":"index","follow":"follow","max-snippet":"max-snippet:-1","max-image-preview":"max-image-preview:large","max-video-preview":"max-video-preview:-1"},"canonical":"https:\/\/ecosocent.eu\/me\/gejmifikovana-eko-preduzetnicka-edukacija\/","og_locale":"en_US","og_type":"article","og_title":"Gejmifikovana eko-preduzetni\u010dka edukacija - BC4ESE","og_description":"Cilj ovog dokumenta je da sagleda digitalnu gejmifikaciju i metodologiju digitalnog modela obrazovanja u podu\u010davanju tema o preduzetni\u0161tvu mladih u zemljama Evrope i Zapadnog Balkana, \u010dlanicama BC4ESE projektnog konzorcijuma. Jedan od ciljeva ove publikacije je i razvoj gejmifikovanih digitalnih obrazovnih resursa, alata i aktivnosti koje podu\u010davaju i promovi\u0161u socijalno i eko-preduzetni\u0161tvo me\u0111u mladima, dok je [&hellip;]","og_url":"https:\/\/ecosocent.eu\/me\/gejmifikovana-eko-preduzetnicka-edukacija\/","og_site_name":"BC4ESE","article_modified_time":"2023-09-04T12:08:29+00:00","twitter_card":"summary_large_image","twitter_misc":{"Est. reading time":"1 minute"},"schema":{"@context":"https:\/\/schema.org","@graph":[{"@type":"WebPage","@id":"https:\/\/ecosocent.eu\/me\/gejmifikovana-eko-preduzetnicka-edukacija\/","url":"https:\/\/ecosocent.eu\/me\/gejmifikovana-eko-preduzetnicka-edukacija\/","name":"Gejmifikovana eko-preduzetni\u010dka edukacija - BC4ESE","isPartOf":{"@id":"https:\/\/ecosocent.eu\/me\/#website"},"datePublished":"2023-07-19T13:18:03+00:00","dateModified":"2023-09-04T12:08:29+00:00","breadcrumb":{"@id":"https:\/\/ecosocent.eu\/me\/gejmifikovana-eko-preduzetnicka-edukacija\/#breadcrumb"},"inLanguage":"me","potentialAction":[{"@type":"ReadAction","target":["https:\/\/ecosocent.eu\/me\/gejmifikovana-eko-preduzetnicka-edukacija\/"]}]},{"@type":"BreadcrumbList","@id":"https:\/\/ecosocent.eu\/me\/gejmifikovana-eko-preduzetnicka-edukacija\/#breadcrumb","itemListElement":[{"@type":"ListItem","position":1,"name":"Home","item":"https:\/\/ecosocent.eu\/me\/"},{"@type":"ListItem","position":2,"name":"Gejmifikovana eko-preduzetni\u010dka edukacija"}]},{"@type":"WebSite","@id":"https:\/\/ecosocent.eu\/me\/#website","url":"https:\/\/ecosocent.eu\/me\/","name":"BC4ESE","description":"Building capacities for innovation in the eco-social entrepreneurship education","potentialAction":[{"@type":"SearchAction","target":{"@type":"EntryPoint","urlTemplate":"https:\/\/ecosocent.eu\/me\/?s={search_term_string}"},"query-input":"required name=search_term_string"}],"inLanguage":"me"}]}},"_links":{"self":[{"href":"https:\/\/ecosocent.eu\/me\/wp-json\/wp\/v2\/pages\/1086","targetHints":{"allow":["GET"]}}],"collection":[{"href":"https:\/\/ecosocent.eu\/me\/wp-json\/wp\/v2\/pages"}],"about":[{"href":"https:\/\/ecosocent.eu\/me\/wp-json\/wp\/v2\/types\/page"}],"author":[{"embeddable":true,"href":"https:\/\/ecosocent.eu\/me\/wp-json\/wp\/v2\/users\/1"}],"replies":[{"embeddable":true,"href":"https:\/\/ecosocent.eu\/me\/wp-json\/wp\/v2\/comments?post=1086"}],"version-history":[{"count":4,"href":"https:\/\/ecosocent.eu\/me\/wp-json\/wp\/v2\/pages\/1086\/revisions"}],"predecessor-version":[{"id":1153,"href":"https:\/\/ecosocent.eu\/me\/wp-json\/wp\/v2\/pages\/1086\/revisions\/1153"}],"wp:attachment":[{"href":"https:\/\/ecosocent.eu\/me\/wp-json\/wp\/v2\/media?parent=1086"}],"curies":[{"name":"wp","href":"https:\/\/api.w.org\/{rel}","templated":true}]}}