{"id":1703,"date":"2024-02-09T09:48:25","date_gmt":"2024-02-09T09:48:25","guid":{"rendered":"https:\/\/ecosocent.eu\/o3-interactive-web-platform-eco-se-e-lab\/"},"modified":"2025-04-24T09:14:07","modified_gmt":"2025-04-24T09:14:07","slug":"o3-interaktivna-web-platforma-eco-se-e-lab","status":"publish","type":"page","link":"https:\/\/ecosocent.eu\/me\/o3-interaktivna-web-platforma-eco-se-e-lab\/","title":{"rendered":"O3: Interaktivna web platforma \u201cEco-SE-E-lab\u201d"},"content":{"rendered":"<p><span data-sheets-root=\"1\" data-sheets-value=\"{&quot;1&quot;:2,&quot;2&quot;:&quot;Ova interaktivna web platforma sadr\u017ei 18 interaktivnih obrazovnih modula dizajniranih da uvedu mlade u svijet eko-socijalnog preduzetni\u0161tva. Svaki modul je posve\u0107en edukaciji i promociji klju\u010dnih tema i kompetencija iz oblasti eko-socijalnog preduzetni\u0161tva. Kroz razli\u010dite online igre, virtuelne izazove i digitalne aktivnosti, u\u010desnici istra\u017euju puteve stvarnih eko-socijalnih preduzetnika, koriste\u0107i uvide iz e-knjige \u201cAnaliza eko-socijalnog preduzetni\u0161tva: potrebe, prepreke i dobre prakse\u201d.\\r\\nSvako iskustvo igranja nudi narativ koji prikazuje jedno ili vi\u0161e eko-socijalnih preduze\u0107a, pa\u017eljivo odabranih kao najbolji modeli za budu\u0107e eko-socijalne preduzetnike. Ovi moduli su pa\u017eljivo osmi\u0161ljeni na osnovu obrazovnih scenarija navedenih u e-knjizi \\&quot;Gejmifikacija u obrazovanju za eko-preduzetni\u0161tvo\u201d, s ciljem da i edukuju i inspiri\u0161u budu\u0107e preduzetnike.\\r&quot;}\" data-sheets-userformat=\"{&quot;2&quot;:11203,&quot;3&quot;:{&quot;1&quot;:0},&quot;4&quot;:{&quot;1&quot;:2,&quot;2&quot;:16777215},&quot;9&quot;:0,&quot;10&quot;:1,&quot;11&quot;:4,&quot;12&quot;:0,&quot;14&quot;:{&quot;1&quot;:2,&quot;2&quot;:0},&quot;16&quot;:10}\">Ova interaktivna web platforma sadr\u017ei 18 interaktivnih obrazovnih modula dizajniranih da uvedu mlade u svijet eko-socijalnog preduzetni\u0161tva. Svaki modul je posve\u0107en edukaciji i promociji klju\u010dnih tema i kompetencija iz oblasti eko-socijalnog preduzetni\u0161tva. Kroz razli\u010dite online igre, virtuelne izazove i digitalne aktivnosti, u\u010desnici istra\u017euju puteve stvarnih eko-socijalnih preduzetnika, koriste\u0107i uvide iz e-knjige \u201cAnaliza eko-socijalnog preduzetni\u0161tva: potrebe, prepreke i dobre prakse\u201d.<\/span><\/p>\n<p><span data-sheets-root=\"1\" data-sheets-value=\"{&quot;1&quot;:2,&quot;2&quot;:&quot;Ova interaktivna web platforma sadr\u017ei 18 interaktivnih obrazovnih modula dizajniranih da uvedu mlade u svijet eko-socijalnog preduzetni\u0161tva. Svaki modul je posve\u0107en edukaciji i promociji klju\u010dnih tema i kompetencija iz oblasti eko-socijalnog preduzetni\u0161tva. Kroz razli\u010dite online igre, virtuelne izazove i digitalne aktivnosti, u\u010desnici istra\u017euju puteve stvarnih eko-socijalnih preduzetnika, koriste\u0107i uvide iz e-knjige \u201cAnaliza eko-socijalnog preduzetni\u0161tva: potrebe, prepreke i dobre prakse\u201d.\\r\\nSvako iskustvo igranja nudi narativ koji prikazuje jedno ili vi\u0161e eko-socijalnih preduze\u0107a, pa\u017eljivo odabranih kao najbolji modeli za budu\u0107e eko-socijalne preduzetnike. Ovi moduli su pa\u017eljivo osmi\u0161ljeni na osnovu obrazovnih scenarija navedenih u e-knjizi \\&quot;Gejmifikacija u obrazovanju za eko-preduzetni\u0161tvo\u201d, s ciljem da i edukuju i inspiri\u0161u budu\u0107e preduzetnike.\\r&quot;}\" data-sheets-userformat=\"{&quot;2&quot;:11203,&quot;3&quot;:{&quot;1&quot;:0},&quot;4&quot;:{&quot;1&quot;:2,&quot;2&quot;:16777215},&quot;9&quot;:0,&quot;10&quot;:1,&quot;11&quot;:4,&quot;12&quot;:0,&quot;14&quot;:{&quot;1&quot;:2,&quot;2&quot;:0},&quot;16&quot;:10}\">Svako iskustvo igranja nudi narativ koji prikazuje jedno ili vi\u0161e eko-socijalnih preduze\u0107a, pa\u017eljivo odabranih kao najbolji modeli za budu\u0107e eko-socijalne preduzetnike. Ovi moduli su pa\u017eljivo osmi\u0161ljeni na osnovu obrazovnih scenarija navedenih u e-knjizi &#8220;Gejmifikacija u obrazovanju za eko-preduzetni\u0161tvo\u201d, s ciljem da i edukuju i inspiri\u0161u budu\u0107e preduzetnike. <\/span><\/p>\n","protected":false},"excerpt":{"rendered":"<p>Ova interaktivna web platforma sadr\u017ei 18 interaktivnih obrazovnih modula dizajniranih da uvedu mlade u svijet eko-socijalnog preduzetni\u0161tva. Svaki modul je posve\u0107en edukaciji i promociji klju\u010dnih tema i kompetencija iz oblasti eko-socijalnog preduzetni\u0161tva. Kroz razli\u010dite online igre, virtuelne izazove i digitalne aktivnosti, u\u010desnici istra\u017euju puteve stvarnih eko-socijalnih preduzetnika, koriste\u0107i uvide iz e-knjige \u201cAnaliza eko-socijalnog preduzetni\u0161tva: potrebe, [&hellip;]<\/p>\n","protected":false},"author":1,"featured_media":0,"parent":0,"menu_order":0,"comment_status":"closed","ping_status":"closed","template":"templates\/template-book3.php","meta":{"footnotes":""},"class_list":["post-1703","page","type-page","status-publish","hentry"],"acf":[],"yoast_head":"<!-- This site is optimized with the Yoast SEO plugin v20.0 - https:\/\/yoast.com\/wordpress\/plugins\/seo\/ -->\n<title>O3: Interaktivna web platforma \u201cEco-SE-E-lab\u201d - BC4ESE<\/title>\n<meta name=\"robots\" content=\"index, follow, max-snippet:-1, max-image-preview:large, max-video-preview:-1\" \/>\n<link rel=\"canonical\" href=\"https:\/\/ecosocent.eu\/me\/o3-interaktivna-web-platforma-eco-se-e-lab\/\" \/>\n<meta property=\"og:locale\" content=\"en_US\" \/>\n<meta property=\"og:type\" content=\"article\" \/>\n<meta property=\"og:title\" content=\"O3: Interaktivna web platforma \u201cEco-SE-E-lab\u201d - BC4ESE\" \/>\n<meta property=\"og:description\" content=\"Ova interaktivna web platforma sadr\u017ei 18 interaktivnih obrazovnih modula dizajniranih da uvedu mlade u svijet eko-socijalnog preduzetni\u0161tva. Svaki modul je posve\u0107en edukaciji i promociji klju\u010dnih tema i kompetencija iz oblasti eko-socijalnog preduzetni\u0161tva. Kroz razli\u010dite online igre, virtuelne izazove i digitalne aktivnosti, u\u010desnici istra\u017euju puteve stvarnih eko-socijalnih preduzetnika, koriste\u0107i uvide iz e-knjige \u201cAnaliza eko-socijalnog preduzetni\u0161tva: potrebe, [&hellip;]\" \/>\n<meta property=\"og:url\" content=\"https:\/\/ecosocent.eu\/me\/o3-interaktivna-web-platforma-eco-se-e-lab\/\" \/>\n<meta property=\"og:site_name\" content=\"BC4ESE\" \/>\n<meta property=\"article:modified_time\" content=\"2025-04-24T09:14:07+00:00\" \/>\n<meta name=\"twitter:card\" content=\"summary_large_image\" \/>\n<meta name=\"twitter:label1\" content=\"Est. reading time\" \/>\n\t<meta name=\"twitter:data1\" content=\"1 minute\" \/>\n<script type=\"application\/ld+json\" class=\"yoast-schema-graph\">{\"@context\":\"https:\/\/schema.org\",\"@graph\":[{\"@type\":\"WebPage\",\"@id\":\"https:\/\/ecosocent.eu\/me\/o3-interaktivna-web-platforma-eco-se-e-lab\/\",\"url\":\"https:\/\/ecosocent.eu\/me\/o3-interaktivna-web-platforma-eco-se-e-lab\/\",\"name\":\"O3: Interaktivna web platforma \u201cEco-SE-E-lab\u201d - BC4ESE\",\"isPartOf\":{\"@id\":\"https:\/\/ecosocent.eu\/me\/#website\"},\"datePublished\":\"2024-02-09T09:48:25+00:00\",\"dateModified\":\"2025-04-24T09:14:07+00:00\",\"breadcrumb\":{\"@id\":\"https:\/\/ecosocent.eu\/me\/o3-interaktivna-web-platforma-eco-se-e-lab\/#breadcrumb\"},\"inLanguage\":\"me\",\"potentialAction\":[{\"@type\":\"ReadAction\",\"target\":[\"https:\/\/ecosocent.eu\/me\/o3-interaktivna-web-platforma-eco-se-e-lab\/\"]}]},{\"@type\":\"BreadcrumbList\",\"@id\":\"https:\/\/ecosocent.eu\/me\/o3-interaktivna-web-platforma-eco-se-e-lab\/#breadcrumb\",\"itemListElement\":[{\"@type\":\"ListItem\",\"position\":1,\"name\":\"Home\",\"item\":\"https:\/\/ecosocent.eu\/me\/\"},{\"@type\":\"ListItem\",\"position\":2,\"name\":\"O3: Interaktivna web platforma \u201cEco-SE-E-lab\u201d\"}]},{\"@type\":\"WebSite\",\"@id\":\"https:\/\/ecosocent.eu\/me\/#website\",\"url\":\"https:\/\/ecosocent.eu\/me\/\",\"name\":\"BC4ESE\",\"description\":\"Building capacities for innovation in the eco-social entrepreneurship education\",\"potentialAction\":[{\"@type\":\"SearchAction\",\"target\":{\"@type\":\"EntryPoint\",\"urlTemplate\":\"https:\/\/ecosocent.eu\/me\/?s={search_term_string}\"},\"query-input\":\"required name=search_term_string\"}],\"inLanguage\":\"me\"}]}<\/script>\n<!-- \/ Yoast SEO plugin. -->","yoast_head_json":{"title":"O3: Interaktivna web platforma \u201cEco-SE-E-lab\u201d - BC4ESE","robots":{"index":"index","follow":"follow","max-snippet":"max-snippet:-1","max-image-preview":"max-image-preview:large","max-video-preview":"max-video-preview:-1"},"canonical":"https:\/\/ecosocent.eu\/me\/o3-interaktivna-web-platforma-eco-se-e-lab\/","og_locale":"en_US","og_type":"article","og_title":"O3: Interaktivna web platforma \u201cEco-SE-E-lab\u201d - BC4ESE","og_description":"Ova interaktivna web platforma sadr\u017ei 18 interaktivnih obrazovnih modula dizajniranih da uvedu mlade u svijet eko-socijalnog preduzetni\u0161tva. Svaki modul je posve\u0107en edukaciji i promociji klju\u010dnih tema i kompetencija iz oblasti eko-socijalnog preduzetni\u0161tva. Kroz razli\u010dite online igre, virtuelne izazove i digitalne aktivnosti, u\u010desnici istra\u017euju puteve stvarnih eko-socijalnih preduzetnika, koriste\u0107i uvide iz e-knjige \u201cAnaliza eko-socijalnog preduzetni\u0161tva: potrebe, [&hellip;]","og_url":"https:\/\/ecosocent.eu\/me\/o3-interaktivna-web-platforma-eco-se-e-lab\/","og_site_name":"BC4ESE","article_modified_time":"2025-04-24T09:14:07+00:00","twitter_card":"summary_large_image","twitter_misc":{"Est. reading time":"1 minute"},"schema":{"@context":"https:\/\/schema.org","@graph":[{"@type":"WebPage","@id":"https:\/\/ecosocent.eu\/me\/o3-interaktivna-web-platforma-eco-se-e-lab\/","url":"https:\/\/ecosocent.eu\/me\/o3-interaktivna-web-platforma-eco-se-e-lab\/","name":"O3: Interaktivna web platforma \u201cEco-SE-E-lab\u201d - BC4ESE","isPartOf":{"@id":"https:\/\/ecosocent.eu\/me\/#website"},"datePublished":"2024-02-09T09:48:25+00:00","dateModified":"2025-04-24T09:14:07+00:00","breadcrumb":{"@id":"https:\/\/ecosocent.eu\/me\/o3-interaktivna-web-platforma-eco-se-e-lab\/#breadcrumb"},"inLanguage":"me","potentialAction":[{"@type":"ReadAction","target":["https:\/\/ecosocent.eu\/me\/o3-interaktivna-web-platforma-eco-se-e-lab\/"]}]},{"@type":"BreadcrumbList","@id":"https:\/\/ecosocent.eu\/me\/o3-interaktivna-web-platforma-eco-se-e-lab\/#breadcrumb","itemListElement":[{"@type":"ListItem","position":1,"name":"Home","item":"https:\/\/ecosocent.eu\/me\/"},{"@type":"ListItem","position":2,"name":"O3: Interaktivna web platforma \u201cEco-SE-E-lab\u201d"}]},{"@type":"WebSite","@id":"https:\/\/ecosocent.eu\/me\/#website","url":"https:\/\/ecosocent.eu\/me\/","name":"BC4ESE","description":"Building capacities for innovation in the eco-social entrepreneurship education","potentialAction":[{"@type":"SearchAction","target":{"@type":"EntryPoint","urlTemplate":"https:\/\/ecosocent.eu\/me\/?s={search_term_string}"},"query-input":"required name=search_term_string"}],"inLanguage":"me"}]}},"_links":{"self":[{"href":"https:\/\/ecosocent.eu\/me\/wp-json\/wp\/v2\/pages\/1703","targetHints":{"allow":["GET"]}}],"collection":[{"href":"https:\/\/ecosocent.eu\/me\/wp-json\/wp\/v2\/pages"}],"about":[{"href":"https:\/\/ecosocent.eu\/me\/wp-json\/wp\/v2\/types\/page"}],"author":[{"embeddable":true,"href":"https:\/\/ecosocent.eu\/me\/wp-json\/wp\/v2\/users\/1"}],"replies":[{"embeddable":true,"href":"https:\/\/ecosocent.eu\/me\/wp-json\/wp\/v2\/comments?post=1703"}],"version-history":[{"count":4,"href":"https:\/\/ecosocent.eu\/me\/wp-json\/wp\/v2\/pages\/1703\/revisions"}],"predecessor-version":[{"id":2093,"href":"https:\/\/ecosocent.eu\/me\/wp-json\/wp\/v2\/pages\/1703\/revisions\/2093"}],"wp:attachment":[{"href":"https:\/\/ecosocent.eu\/me\/wp-json\/wp\/v2\/media?parent=1703"}],"curies":[{"name":"wp","href":"https:\/\/api.w.org\/{rel}","templated":true}]}}