{"id":1963,"date":"2024-06-28T12:26:32","date_gmt":"2024-06-28T12:26:32","guid":{"rendered":"https:\/\/ecosocent.eu\/o4-online-neformalni-obrazovni-trening-za-radnike-s-mladima-eco-se-e-trening\/"},"modified":"2024-11-29T10:53:01","modified_gmt":"2024-11-29T10:53:01","slug":"o4-online-neformalno-obrazovanje-za-osobe-koje-rade-sa-mladima-eco-se-e-training","status":"publish","type":"page","link":"https:\/\/ecosocent.eu\/me\/o4-online-neformalno-obrazovanje-za-osobe-koje-rade-sa-mladima-eco-se-e-training\/","title":{"rendered":"O4: Online neformalno obrazovanje za osobe koje rade sa mladima \u201cEco-SE E-training\u201d"},"content":{"rendered":"<p>Ovaj e-trening iz oblasti eko-socijalnog preduzetni\u0161tva ima za cilj da motivi\u0161e i pripremi osobe koje rade sa mladima da promovi\u0161u eko-socijalni pristup preduzetni\u0161tvu me\u0111u mladima. Cilj je promovisati odr\u017eivi razvoj i podstaknuti kulturu inovacija me\u0111u mla\u0111om generacijom. Program e-treninga sastoji se od \u0161est e-learning modula koji se sprovode tokom dvodnevnog treninga. Svaki modul je pa\u017eljivo osmi\u0161ljen kako bi obuhvatio razli\u010dite aspekte eko-socijalnog preduzetni\u0161tva, pru\u017eaju\u0107i duboko znanje i prakti\u010dne vje\u0161tine. Program obuhvata sljede\u0107e teme:<\/p>\n<ul>\n<li style=\"font-weight: 400;\" aria-level=\"1\"><strong>Uvod u preduzetni\u0161tvo:<\/strong> Ovaj modul ima za cilj upoznati osobe koje rade sa mladima s osnovnim pojmovima preduzetni\u0161tva, uklju\u010duju\u0107i karakteristike uspje\u0161nih preduzetnika, preduzetni\u010dki na\u010din razmi\u0161ljanja i proces pokretanja i vo\u0111enja poslovanja. Kao rezultat toga, u\u010desnici \u2013 osobe koje rade sa mladima \u2013 ste\u0107i \u0107e znanje i digitalne alate za edukaciju mladih o razli\u010ditim vrstama preduzetni\u0161tva i klju\u010dnim vje\u0161tinama potrebnim za uspjeh.<\/li>\n<li style=\"font-weight: 400;\" aria-level=\"1\"><strong>Uvod u eko-socijalno preduzetni\u0161tvo:<\/strong> Ova sesija za osobe koje rade sa mladima istra\u017euje principe eko-socijalnog preduzetni\u0161tva, fokusiraju\u0107i se na preduze\u0107a koja imaju za cilj rje\u0161avanje socijalnih i ekolo\u0161kih problema. Kao rezultat toga, osobe koje rade sa mladima \u0107e razumjeti eko-socijalni koncept u poslovanju i znati kako da upoznaju mlade sa preduze\u0107ima koja nisu samo profitabilna, ve\u0107 i pozitivno doprinose dru\u0161tvu i \u017eivotnoj sredini.<\/li>\n<li style=\"font-weight: 400;\" aria-level=\"1\"><strong>Odr\u017eivi razvoj i dru\u0161tvena odgovornost:<\/strong> U ovom modulu, osobe koje rade sa mladima \u0107e u\u010diti o va\u017enosti odr\u017eivosti i korporativne dru\u0161tvene odgovornosti (CSR) u poslovanju. Ste\u0107i \u0107e znanje i digitalne alate kako bi mladima predstavili odr\u017eive poslovne prakse, eti\u010dko odlu\u010divanje te na\u010din na koji preduze\u0107a mogu uskladiti profit s pozitivnim dru\u0161tvenim i ekolo\u0161kim uticajem.<\/li>\n<li style=\"font-weight: 400;\" aria-level=\"1\"><strong>Inovacija i kreativnost:<\/strong> Ova sesija nagla\u0161ava ulogu inovacija i kreativnosti u preduzetni\u0161tvu. Osobe koje rade sa mladima, kao u\u010desnici, istra\u017ei\u0107e tehnike za generisanje kreativnih ideja, razvoj inovativnih proizvoda i usluga te podsticanje kulture inovacija u svojim organizacijama. Kao rezultat, ste\u0107i \u0107e znanje i materijale o tome kako podu\u010diti mlade kreativnim vje\u0161tinama u poslovanju.<\/li>\n<li style=\"font-weight: 400;\" aria-level=\"1\"><strong>Planiranje poslovanja i strategija:<\/strong> Ovaj modul obuhvata osnove planiranja poslovanja i razvoja strategije. Osobe koje rade sa mladima vje\u017eba\u0107e izradu poslovnih planova, sprovo\u0111enje istra\u017eivanja tr\u017ei\u0161ta te razvoj strate\u0161kih ciljeva i akcionih planova koji \u0107e usmjeriti njihova preduze\u0107a ka rastu i uspjehu. Kao rezultat, ste\u0107i \u0107e znanje, digitalne alate i materijale (npr. Canvas model) za uvo\u0111enje mladih u planiranje poslovanja i strate\u0161ke pristupe u po\u010detnoj fazi ovog procesa.<\/li>\n<li style=\"font-weight: 400;\" aria-level=\"1\"><strong>Marketing i prodaja:<\/strong> Posljednji modul fokusira se na efektivne strategije marketinga i prodaje. Osobe koje rade sa mladima nau\u010di\u0107e tehnike za razumijevanje potreba kupaca, razvoj marketin\u0161kih kampanja, kori\u0161\u0107enje digitalnih marketin\u0161kih alata i izgradnju sna\u017enih prodajnih tehnika za podsticanje rasta poslovanja. Kao rezultat, ste\u0107i \u0107e osnovno znanje i materijale za upoznavanje mladih sa efikasnim marketingom i planiranjem prodaje.<\/li>\n<\/ul>\n","protected":false},"excerpt":{"rendered":"<p>Ovaj e-trening iz oblasti eko-socijalnog preduzetni\u0161tva ima za cilj da motivi\u0161e i pripremi osobe koje rade sa mladima da promovi\u0161u eko-socijalni pristup preduzetni\u0161tvu me\u0111u mladima. Cilj je promovisati odr\u017eivi razvoj i podstaknuti kulturu inovacija me\u0111u mla\u0111om generacijom. Program e-treninga sastoji se od \u0161est e-learning modula koji se sprovode tokom dvodnevnog treninga. Svaki modul je pa\u017eljivo [&hellip;]<\/p>\n","protected":false},"author":1,"featured_media":0,"parent":0,"menu_order":0,"comment_status":"closed","ping_status":"closed","template":"templates\/template-book4.php","meta":{"footnotes":""},"class_list":["post-1963","page","type-page","status-publish","hentry"],"acf":[],"yoast_head":"<!-- This site is optimized with the Yoast SEO plugin v20.0 - https:\/\/yoast.com\/wordpress\/plugins\/seo\/ -->\n<title>O4: Online neformalno obrazovanje za osobe koje rade sa mladima \u201cEco-SE E-training\u201d - BC4ESE<\/title>\n<meta name=\"robots\" content=\"index, follow, max-snippet:-1, max-image-preview:large, max-video-preview:-1\" \/>\n<link rel=\"canonical\" href=\"https:\/\/ecosocent.eu\/me\/o4-online-neformalno-obrazovanje-za-osobe-koje-rade-sa-mladima-eco-se-e-training\/\" \/>\n<meta property=\"og:locale\" content=\"en_US\" \/>\n<meta property=\"og:type\" content=\"article\" \/>\n<meta property=\"og:title\" content=\"O4: Online neformalno obrazovanje za osobe koje rade sa mladima \u201cEco-SE E-training\u201d - BC4ESE\" \/>\n<meta property=\"og:description\" content=\"Ovaj e-trening iz oblasti eko-socijalnog preduzetni\u0161tva ima za cilj da motivi\u0161e i pripremi osobe koje rade sa mladima da promovi\u0161u eko-socijalni pristup preduzetni\u0161tvu me\u0111u mladima. Cilj je promovisati odr\u017eivi razvoj i podstaknuti kulturu inovacija me\u0111u mla\u0111om generacijom. Program e-treninga sastoji se od \u0161est e-learning modula koji se sprovode tokom dvodnevnog treninga. Svaki modul je pa\u017eljivo [&hellip;]\" \/>\n<meta property=\"og:url\" content=\"https:\/\/ecosocent.eu\/me\/o4-online-neformalno-obrazovanje-za-osobe-koje-rade-sa-mladima-eco-se-e-training\/\" \/>\n<meta property=\"og:site_name\" content=\"BC4ESE\" \/>\n<meta property=\"article:modified_time\" content=\"2024-11-29T10:53:01+00:00\" \/>\n<meta name=\"twitter:card\" content=\"summary_large_image\" \/>\n<meta name=\"twitter:label1\" content=\"Est. reading time\" \/>\n\t<meta name=\"twitter:data1\" content=\"2 minutes\" \/>\n<script type=\"application\/ld+json\" class=\"yoast-schema-graph\">{\"@context\":\"https:\/\/schema.org\",\"@graph\":[{\"@type\":\"WebPage\",\"@id\":\"https:\/\/ecosocent.eu\/me\/o4-online-neformalno-obrazovanje-za-osobe-koje-rade-sa-mladima-eco-se-e-training\/\",\"url\":\"https:\/\/ecosocent.eu\/me\/o4-online-neformalno-obrazovanje-za-osobe-koje-rade-sa-mladima-eco-se-e-training\/\",\"name\":\"O4: Online neformalno obrazovanje za osobe koje rade sa mladima \u201cEco-SE E-training\u201d - BC4ESE\",\"isPartOf\":{\"@id\":\"https:\/\/ecosocent.eu\/me\/#website\"},\"datePublished\":\"2024-06-28T12:26:32+00:00\",\"dateModified\":\"2024-11-29T10:53:01+00:00\",\"breadcrumb\":{\"@id\":\"https:\/\/ecosocent.eu\/me\/o4-online-neformalno-obrazovanje-za-osobe-koje-rade-sa-mladima-eco-se-e-training\/#breadcrumb\"},\"inLanguage\":\"me\",\"potentialAction\":[{\"@type\":\"ReadAction\",\"target\":[\"https:\/\/ecosocent.eu\/me\/o4-online-neformalno-obrazovanje-za-osobe-koje-rade-sa-mladima-eco-se-e-training\/\"]}]},{\"@type\":\"BreadcrumbList\",\"@id\":\"https:\/\/ecosocent.eu\/me\/o4-online-neformalno-obrazovanje-za-osobe-koje-rade-sa-mladima-eco-se-e-training\/#breadcrumb\",\"itemListElement\":[{\"@type\":\"ListItem\",\"position\":1,\"name\":\"Home\",\"item\":\"https:\/\/ecosocent.eu\/me\/\"},{\"@type\":\"ListItem\",\"position\":2,\"name\":\"O4: Online neformalno obrazovanje za osobe koje rade sa mladima \u201cEco-SE E-training\u201d\"}]},{\"@type\":\"WebSite\",\"@id\":\"https:\/\/ecosocent.eu\/me\/#website\",\"url\":\"https:\/\/ecosocent.eu\/me\/\",\"name\":\"BC4ESE\",\"description\":\"Building capacities for innovation in the eco-social entrepreneurship education\",\"potentialAction\":[{\"@type\":\"SearchAction\",\"target\":{\"@type\":\"EntryPoint\",\"urlTemplate\":\"https:\/\/ecosocent.eu\/me\/?s={search_term_string}\"},\"query-input\":\"required name=search_term_string\"}],\"inLanguage\":\"me\"}]}<\/script>\n<!-- \/ Yoast SEO plugin. -->","yoast_head_json":{"title":"O4: Online neformalno obrazovanje za osobe koje rade sa mladima \u201cEco-SE E-training\u201d - BC4ESE","robots":{"index":"index","follow":"follow","max-snippet":"max-snippet:-1","max-image-preview":"max-image-preview:large","max-video-preview":"max-video-preview:-1"},"canonical":"https:\/\/ecosocent.eu\/me\/o4-online-neformalno-obrazovanje-za-osobe-koje-rade-sa-mladima-eco-se-e-training\/","og_locale":"en_US","og_type":"article","og_title":"O4: Online neformalno obrazovanje za osobe koje rade sa mladima \u201cEco-SE E-training\u201d - BC4ESE","og_description":"Ovaj e-trening iz oblasti eko-socijalnog preduzetni\u0161tva ima za cilj da motivi\u0161e i pripremi osobe koje rade sa mladima da promovi\u0161u eko-socijalni pristup preduzetni\u0161tvu me\u0111u mladima. Cilj je promovisati odr\u017eivi razvoj i podstaknuti kulturu inovacija me\u0111u mla\u0111om generacijom. Program e-treninga sastoji se od \u0161est e-learning modula koji se sprovode tokom dvodnevnog treninga. Svaki modul je pa\u017eljivo [&hellip;]","og_url":"https:\/\/ecosocent.eu\/me\/o4-online-neformalno-obrazovanje-za-osobe-koje-rade-sa-mladima-eco-se-e-training\/","og_site_name":"BC4ESE","article_modified_time":"2024-11-29T10:53:01+00:00","twitter_card":"summary_large_image","twitter_misc":{"Est. reading time":"2 minutes"},"schema":{"@context":"https:\/\/schema.org","@graph":[{"@type":"WebPage","@id":"https:\/\/ecosocent.eu\/me\/o4-online-neformalno-obrazovanje-za-osobe-koje-rade-sa-mladima-eco-se-e-training\/","url":"https:\/\/ecosocent.eu\/me\/o4-online-neformalno-obrazovanje-za-osobe-koje-rade-sa-mladima-eco-se-e-training\/","name":"O4: Online neformalno obrazovanje za osobe koje rade sa mladima \u201cEco-SE E-training\u201d - BC4ESE","isPartOf":{"@id":"https:\/\/ecosocent.eu\/me\/#website"},"datePublished":"2024-06-28T12:26:32+00:00","dateModified":"2024-11-29T10:53:01+00:00","breadcrumb":{"@id":"https:\/\/ecosocent.eu\/me\/o4-online-neformalno-obrazovanje-za-osobe-koje-rade-sa-mladima-eco-se-e-training\/#breadcrumb"},"inLanguage":"me","potentialAction":[{"@type":"ReadAction","target":["https:\/\/ecosocent.eu\/me\/o4-online-neformalno-obrazovanje-za-osobe-koje-rade-sa-mladima-eco-se-e-training\/"]}]},{"@type":"BreadcrumbList","@id":"https:\/\/ecosocent.eu\/me\/o4-online-neformalno-obrazovanje-za-osobe-koje-rade-sa-mladima-eco-se-e-training\/#breadcrumb","itemListElement":[{"@type":"ListItem","position":1,"name":"Home","item":"https:\/\/ecosocent.eu\/me\/"},{"@type":"ListItem","position":2,"name":"O4: Online neformalno obrazovanje za osobe koje rade sa mladima \u201cEco-SE E-training\u201d"}]},{"@type":"WebSite","@id":"https:\/\/ecosocent.eu\/me\/#website","url":"https:\/\/ecosocent.eu\/me\/","name":"BC4ESE","description":"Building capacities for innovation in the eco-social entrepreneurship education","potentialAction":[{"@type":"SearchAction","target":{"@type":"EntryPoint","urlTemplate":"https:\/\/ecosocent.eu\/me\/?s={search_term_string}"},"query-input":"required name=search_term_string"}],"inLanguage":"me"}]}},"_links":{"self":[{"href":"https:\/\/ecosocent.eu\/me\/wp-json\/wp\/v2\/pages\/1963","targetHints":{"allow":["GET"]}}],"collection":[{"href":"https:\/\/ecosocent.eu\/me\/wp-json\/wp\/v2\/pages"}],"about":[{"href":"https:\/\/ecosocent.eu\/me\/wp-json\/wp\/v2\/types\/page"}],"author":[{"embeddable":true,"href":"https:\/\/ecosocent.eu\/me\/wp-json\/wp\/v2\/users\/1"}],"replies":[{"embeddable":true,"href":"https:\/\/ecosocent.eu\/me\/wp-json\/wp\/v2\/comments?post=1963"}],"version-history":[{"count":3,"href":"https:\/\/ecosocent.eu\/me\/wp-json\/wp\/v2\/pages\/1963\/revisions"}],"predecessor-version":[{"id":2021,"href":"https:\/\/ecosocent.eu\/me\/wp-json\/wp\/v2\/pages\/1963\/revisions\/2021"}],"wp:attachment":[{"href":"https:\/\/ecosocent.eu\/me\/wp-json\/wp\/v2\/media?parent=1963"}],"curies":[{"name":"wp","href":"https:\/\/api.w.org\/{rel}","templated":true}]}}