{"id":646,"date":"2022-12-01T14:22:43","date_gmt":"2022-12-01T14:22:43","guid":{"rendered":"https:\/\/ecosocent.eu\/eco-social-entrepreneurship-analysis-needs-obstacles-and-good-practices\/"},"modified":"2023-02-09T09:43:55","modified_gmt":"2023-02-09T09:43:55","slug":"analiza-eko-socijalnog-preduzetnistva-potrebe-prepreke-i-dobre-prakse","status":"publish","type":"page","link":"https:\/\/ecosocent.eu\/me\/analiza-eko-socijalnog-preduzetnistva-potrebe-prepreke-i-dobre-prakse\/","title":{"rendered":"Analiza eko-socijalnog preduzetni\u0161tva; potrebe, prepreke i dobre prakse"},"content":{"rendered":"<p style=\"text-align: left;\">Cilj ovog dokumenta je da se sagleda eko-socijalna ekonomija u Evropi i u zemljama Zapadnog Balkana koje su partneri na projektu. Krajnji cilj je podstaknuti mlade ljude na pokretanje i razvoj eko-socijalnih preduze\u0107a i obezbijediti im odgovaraju\u0107u pomo\u0107 i podr\u0161ku u svakoj fazi njihovog preduzetni\u010dkog puta.<\/p>\n<p style=\"text-align: left;\">Diesis Network i CDP \u201cGlobus\u201d su partneri odgovorni za izradu ovog dokumenta i pru\u017eanje podr\u0161ke svim partnerima na projektu: koordinator CEDRA Split (Hrvatska), Agencija za lokalni razvoj Prozor-Rama (Bosna i Hercegovina), Mladi ambasadori (Srbija), Asocijacija za demokratski prosperitet-Zid i Centar za stru\u010dno obrazovanje (Crna Gora) i Hub Nicosia (Kipar).<br \/>\nOvaj dokument je podijeljen na dva glavna dijela: op\u0161te osnovne informacije o socijalnom preduzetni\u0161tvu i koncept eko-socijalnog preduzetni\u0161tva i nacionalne izvje\u0161taje.<br \/>\nZa svaku zemlju smo se fokusirali na sljede\u0107e ta\u010dke:<\/p>\n<ol style=\"text-align: left;\" type=\"a\">\n<li style=\"text-align: left;\">a.) Istra\u017eivanje i analiza postoje\u0107eg stanja eko-socijalnog preduzetni\u0161tva<\/li>\n<li style=\"text-align: left;\">b.) Istra\u017eivanje prepreka koje spre\u010davaju razvoj eko-socijalnih projekata i aktivnosti kroz socijalno preduzetni\u0161tvo<\/li>\n<li style=\"text-align: left;\">c.) Primjeri dobre prakse postoje\u0107ih eko-socijalnih preduzetnika u partnerskim zemljama, Evropskoj uniji i svijetu<\/li>\n<\/ol>\n<p style=\"text-align: left;\">S obzirom na to da je Zapadni Balkan jedan od regiona u Evropi koji je najvi\u0161e pogo\u0111en klimatskim promjenama, te se procjenjuje da \u0107e do kraja vijeka imati isti trend, aktivnosti predvi\u0111ene Zelenom agendom za Zapadni Balkan u okviru Ekonomskog i Investicionog plana za Zapadni Balkan su klju\u010dni faktori za postizanje klimatske neutralnosti. Eko socijalno preduzetni\u0161tvo predstavlja zna\u010dajan dio Zelene agende, \u0161to svakako mo\u017ee podstaknuti regiju da sagleda mogu\u0107nosti za smanjenje potro\u0161a\u010dkog otiska i pove\u0107anje stope upotrebe cirkularnih materijala, \u0161to \u0107e zauzvrat podstaknuti ekonomski rast.<sup>1<\/sup><\/p>\n<h6 style=\"text-align: left;\"><sup>1<\/sup> Radni dokument osoblja Komisije (2020.), Smjernice za sprovo\u0111enje Zelenog plana za zapadni Balkan koji prati saop\u0161tenje Komisije Evropskom parlamentu, Vije\u0107u, Evropskom ekonomskom i socijalnom komitetu i Odboru regija. Ekonomski i investicijski plan za zapadni Balkan, SWD\/2020\/223 final<\/h6>\n","protected":false},"excerpt":{"rendered":"<p>Cilj ovog dokumenta je da se sagleda eko-socijalna ekonomija u Evropi i u zemljama Zapadnog Balkana koje su partneri na projektu. Krajnji cilj je podstaknuti mlade ljude na pokretanje i razvoj eko-socijalnih preduze\u0107a i obezbijediti im odgovaraju\u0107u pomo\u0107 i podr\u0161ku u svakoj fazi njihovog preduzetni\u010dkog puta. Diesis Network i CDP \u201cGlobus\u201d su partneri odgovorni za [&hellip;]<\/p>\n","protected":false},"author":1,"featured_media":647,"parent":0,"menu_order":0,"comment_status":"closed","ping_status":"closed","template":"templates\/template-book.php","meta":{"footnotes":""},"class_list":["post-646","page","type-page","status-publish","has-post-thumbnail","hentry"],"acf":[],"yoast_head":"<!-- This site is optimized with the Yoast SEO plugin v20.0 - https:\/\/yoast.com\/wordpress\/plugins\/seo\/ -->\n<title>Analiza eko-socijalnog preduzetni\u0161tva; potrebe, prepreke i dobre prakse - BC4ESE<\/title>\n<meta name=\"robots\" content=\"index, follow, max-snippet:-1, max-image-preview:large, max-video-preview:-1\" \/>\n<link rel=\"canonical\" href=\"https:\/\/ecosocent.eu\/me\/analiza-eko-socijalnog-preduzetnistva-potrebe-prepreke-i-dobre-prakse\/\" \/>\n<meta property=\"og:locale\" content=\"en_US\" \/>\n<meta property=\"og:type\" content=\"article\" \/>\n<meta property=\"og:title\" content=\"Analiza eko-socijalnog preduzetni\u0161tva; potrebe, prepreke i dobre prakse - BC4ESE\" \/>\n<meta property=\"og:description\" content=\"Cilj ovog dokumenta je da se sagleda eko-socijalna ekonomija u Evropi i u zemljama Zapadnog Balkana koje su partneri na projektu. Krajnji cilj je podstaknuti mlade ljude na pokretanje i razvoj eko-socijalnih preduze\u0107a i obezbijediti im odgovaraju\u0107u pomo\u0107 i podr\u0161ku u svakoj fazi njihovog preduzetni\u010dkog puta. Diesis Network i CDP \u201cGlobus\u201d su partneri odgovorni za [&hellip;]\" \/>\n<meta property=\"og:url\" content=\"https:\/\/ecosocent.eu\/me\/analiza-eko-socijalnog-preduzetnistva-potrebe-prepreke-i-dobre-prakse\/\" \/>\n<meta property=\"og:site_name\" content=\"BC4ESE\" \/>\n<meta property=\"article:modified_time\" content=\"2023-02-09T09:43:55+00:00\" \/>\n<meta property=\"og:image\" content=\"https:\/\/ecosocent.eu\/wp-content\/uploads\/2022\/12\/io1.png\" \/>\n\t<meta property=\"og:image:width\" content=\"624\" \/>\n\t<meta property=\"og:image:height\" content=\"390\" \/>\n\t<meta property=\"og:image:type\" content=\"image\/png\" \/>\n<meta name=\"twitter:card\" content=\"summary_large_image\" \/>\n<meta name=\"twitter:label1\" content=\"Est. reading time\" \/>\n\t<meta name=\"twitter:data1\" content=\"2 minutes\" \/>\n<script type=\"application\/ld+json\" class=\"yoast-schema-graph\">{\"@context\":\"https:\/\/schema.org\",\"@graph\":[{\"@type\":\"WebPage\",\"@id\":\"https:\/\/ecosocent.eu\/me\/analiza-eko-socijalnog-preduzetnistva-potrebe-prepreke-i-dobre-prakse\/\",\"url\":\"https:\/\/ecosocent.eu\/me\/analiza-eko-socijalnog-preduzetnistva-potrebe-prepreke-i-dobre-prakse\/\",\"name\":\"Analiza eko-socijalnog preduzetni\u0161tva; potrebe, prepreke i dobre prakse - BC4ESE\",\"isPartOf\":{\"@id\":\"https:\/\/ecosocent.eu\/me\/#website\"},\"datePublished\":\"2022-12-01T14:22:43+00:00\",\"dateModified\":\"2023-02-09T09:43:55+00:00\",\"breadcrumb\":{\"@id\":\"https:\/\/ecosocent.eu\/me\/analiza-eko-socijalnog-preduzetnistva-potrebe-prepreke-i-dobre-prakse\/#breadcrumb\"},\"inLanguage\":\"me\",\"potentialAction\":[{\"@type\":\"ReadAction\",\"target\":[\"https:\/\/ecosocent.eu\/me\/analiza-eko-socijalnog-preduzetnistva-potrebe-prepreke-i-dobre-prakse\/\"]}]},{\"@type\":\"BreadcrumbList\",\"@id\":\"https:\/\/ecosocent.eu\/me\/analiza-eko-socijalnog-preduzetnistva-potrebe-prepreke-i-dobre-prakse\/#breadcrumb\",\"itemListElement\":[{\"@type\":\"ListItem\",\"position\":1,\"name\":\"Home\",\"item\":\"https:\/\/ecosocent.eu\/me\/\"},{\"@type\":\"ListItem\",\"position\":2,\"name\":\"Analiza eko-socijalnog preduzetni\u0161tva; potrebe, prepreke i dobre prakse\"}]},{\"@type\":\"WebSite\",\"@id\":\"https:\/\/ecosocent.eu\/me\/#website\",\"url\":\"https:\/\/ecosocent.eu\/me\/\",\"name\":\"BC4ESE\",\"description\":\"Building capacities for innovation in the eco-social entrepreneurship education\",\"potentialAction\":[{\"@type\":\"SearchAction\",\"target\":{\"@type\":\"EntryPoint\",\"urlTemplate\":\"https:\/\/ecosocent.eu\/me\/?s={search_term_string}\"},\"query-input\":\"required name=search_term_string\"}],\"inLanguage\":\"me\"}]}<\/script>\n<!-- \/ Yoast SEO plugin. -->","yoast_head_json":{"title":"Analiza eko-socijalnog preduzetni\u0161tva; potrebe, prepreke i dobre prakse - BC4ESE","robots":{"index":"index","follow":"follow","max-snippet":"max-snippet:-1","max-image-preview":"max-image-preview:large","max-video-preview":"max-video-preview:-1"},"canonical":"https:\/\/ecosocent.eu\/me\/analiza-eko-socijalnog-preduzetnistva-potrebe-prepreke-i-dobre-prakse\/","og_locale":"en_US","og_type":"article","og_title":"Analiza eko-socijalnog preduzetni\u0161tva; potrebe, prepreke i dobre prakse - BC4ESE","og_description":"Cilj ovog dokumenta je da se sagleda eko-socijalna ekonomija u Evropi i u zemljama Zapadnog Balkana koje su partneri na projektu. Krajnji cilj je podstaknuti mlade ljude na pokretanje i razvoj eko-socijalnih preduze\u0107a i obezbijediti im odgovaraju\u0107u pomo\u0107 i podr\u0161ku u svakoj fazi njihovog preduzetni\u010dkog puta. Diesis Network i CDP \u201cGlobus\u201d su partneri odgovorni za [&hellip;]","og_url":"https:\/\/ecosocent.eu\/me\/analiza-eko-socijalnog-preduzetnistva-potrebe-prepreke-i-dobre-prakse\/","og_site_name":"BC4ESE","article_modified_time":"2023-02-09T09:43:55+00:00","og_image":[{"width":624,"height":390,"url":"https:\/\/ecosocent.eu\/wp-content\/uploads\/2022\/12\/io1.png","type":"image\/png"}],"twitter_card":"summary_large_image","twitter_misc":{"Est. reading time":"2 minutes"},"schema":{"@context":"https:\/\/schema.org","@graph":[{"@type":"WebPage","@id":"https:\/\/ecosocent.eu\/me\/analiza-eko-socijalnog-preduzetnistva-potrebe-prepreke-i-dobre-prakse\/","url":"https:\/\/ecosocent.eu\/me\/analiza-eko-socijalnog-preduzetnistva-potrebe-prepreke-i-dobre-prakse\/","name":"Analiza eko-socijalnog preduzetni\u0161tva; potrebe, prepreke i dobre prakse - BC4ESE","isPartOf":{"@id":"https:\/\/ecosocent.eu\/me\/#website"},"datePublished":"2022-12-01T14:22:43+00:00","dateModified":"2023-02-09T09:43:55+00:00","breadcrumb":{"@id":"https:\/\/ecosocent.eu\/me\/analiza-eko-socijalnog-preduzetnistva-potrebe-prepreke-i-dobre-prakse\/#breadcrumb"},"inLanguage":"me","potentialAction":[{"@type":"ReadAction","target":["https:\/\/ecosocent.eu\/me\/analiza-eko-socijalnog-preduzetnistva-potrebe-prepreke-i-dobre-prakse\/"]}]},{"@type":"BreadcrumbList","@id":"https:\/\/ecosocent.eu\/me\/analiza-eko-socijalnog-preduzetnistva-potrebe-prepreke-i-dobre-prakse\/#breadcrumb","itemListElement":[{"@type":"ListItem","position":1,"name":"Home","item":"https:\/\/ecosocent.eu\/me\/"},{"@type":"ListItem","position":2,"name":"Analiza eko-socijalnog preduzetni\u0161tva; potrebe, prepreke i dobre prakse"}]},{"@type":"WebSite","@id":"https:\/\/ecosocent.eu\/me\/#website","url":"https:\/\/ecosocent.eu\/me\/","name":"BC4ESE","description":"Building capacities for innovation in the eco-social entrepreneurship education","potentialAction":[{"@type":"SearchAction","target":{"@type":"EntryPoint","urlTemplate":"https:\/\/ecosocent.eu\/me\/?s={search_term_string}"},"query-input":"required name=search_term_string"}],"inLanguage":"me"}]}},"_links":{"self":[{"href":"https:\/\/ecosocent.eu\/me\/wp-json\/wp\/v2\/pages\/646","targetHints":{"allow":["GET"]}}],"collection":[{"href":"https:\/\/ecosocent.eu\/me\/wp-json\/wp\/v2\/pages"}],"about":[{"href":"https:\/\/ecosocent.eu\/me\/wp-json\/wp\/v2\/types\/page"}],"author":[{"embeddable":true,"href":"https:\/\/ecosocent.eu\/me\/wp-json\/wp\/v2\/users\/1"}],"replies":[{"embeddable":true,"href":"https:\/\/ecosocent.eu\/me\/wp-json\/wp\/v2\/comments?post=646"}],"version-history":[{"count":6,"href":"https:\/\/ecosocent.eu\/me\/wp-json\/wp\/v2\/pages\/646\/revisions"}],"predecessor-version":[{"id":799,"href":"https:\/\/ecosocent.eu\/me\/wp-json\/wp\/v2\/pages\/646\/revisions\/799"}],"wp:featuredmedia":[{"embeddable":true,"href":"https:\/\/ecosocent.eu\/me\/wp-json\/wp\/v2\/media\/647"}],"wp:attachment":[{"href":"https:\/\/ecosocent.eu\/me\/wp-json\/wp\/v2\/media?parent=646"}],"curies":[{"name":"wp","href":"https:\/\/api.w.org\/{rel}","templated":true}]}}