{"id":1108,"date":"2023-07-19T13:18:03","date_gmt":"2023-07-19T13:18:03","guid":{"rendered":"https:\/\/ecosocent.eu\/gejmifikacija-u-obrazovanju-za-eko-preduzetnistvo\/"},"modified":"2023-09-04T11:58:36","modified_gmt":"2023-09-04T11:58:36","slug":"gemifikovana-eko-preduzetnicka-edukacija","status":"publish","type":"page","link":"https:\/\/ecosocent.eu\/sr\/gemifikovana-eko-preduzetnicka-edukacija\/","title":{"rendered":"Gemifikovana eko-preduzetni\u010dka edukacija"},"content":{"rendered":"<p style=\"text-align: left;\">Cilj ovog dokumenta je da sagleda digitalnu gejmifikaciju i metodologiju digitalnog modela obrazovanja u podu\u010davanju tema o preduzetni\u0161tvu mladih u zemljama Evrope i Zapadnog Balkana, \u010dlanicama konzorcijuma projekta BC4ESE. Jedan od ciljeva ove publikacije je i razvoj gejmifikovanih digitalnih obrazovnih resursa, alata i aktivnosti koje podu\u010davaju i promovi\u0161u socijalno i eko-preduzetni\u0161tvo me\u0111u mladima, dok je krajnji cilj da podstakne \u0161to vec\u0301i broj mladih da zapo\u010dnu i razvijaju eko-socijalna preduzec\u0301a i obezbediti im se pristup odgovarajuc\u0301oj pomoc\u0301i i podr\u0161ci u svakoj fazi preduzetni\u010dkog puta.<\/p>\n<p style=\"text-align: left;\">ADP-Zid i Hub Nicosia su partneri odgovorni za kreiranje ovog rezultata uz podr\u0161ku svih partnera projekta: koordinatora CEDRA Split (Hrvatska), Agencije za lokalni razvoj Prozor-Rama i CDP Globus (Bosna i Hercegovina) , Mladi ambasadori (Srbija), Diesis Netvork (Belgija) i CSO (Crna Gora).<\/p>\n<p style=\"text-align: left;\">Ovaj dokument je podeljen na dva glavna dela: op\u0161te informacije o konceptu gamifikacije i u\u010denja zasnovanog na igricama i njihovoj primeni u preduzetni\u010dkom obrazovanju i analiza situacije svake zemlje obuhva\u0107ene projektom.<\/p>\n<p style=\"text-align: left;\">Za svaku zemlju, fokus je na slede\u0107im ta\u010dkama:<\/p>\n<ol style=\"text-align: left;\">\n<li style=\"font-weight: 400;\" aria-level=\"1\">Postojec\u0301e stanje u vezi sa metodologijom digitalne gejmifikacije i metodologijom obrazovanja digitalnog modela u obrazovanju mladih o preduzetni\u0161tvu;<\/li>\n<li style=\"font-weight: 400;\" aria-level=\"1\">Primeri dobre prakse o gejmifikovanim digitalnim obrazovnim resursima, alatima i aktivnostima koje podu\u010davaju i promovi\u0161u socijalno i eko-preduzetni\u0161tvo za mlade u partnerskim zemljama.<\/li>\n<\/ol>\n","protected":false},"excerpt":{"rendered":"<p>Cilj ovog dokumenta je da sagleda digitalnu gejmifikaciju i metodologiju digitalnog modela obrazovanja u podu\u010davanju tema o preduzetni\u0161tvu mladih u zemljama Evrope i Zapadnog Balkana, \u010dlanicama konzorcijuma projekta BC4ESE. Jedan od ciljeva ove publikacije je i razvoj gejmifikovanih digitalnih obrazovnih resursa, alata i aktivnosti koje podu\u010davaju i promovi\u0161u socijalno i eko-preduzetni\u0161tvo me\u0111u mladima, dok je [&hellip;]<\/p>\n","protected":false},"author":1,"featured_media":0,"parent":0,"menu_order":0,"comment_status":"closed","ping_status":"closed","template":"templates\/template-book2.php","meta":{"footnotes":""},"class_list":["post-1108","page","type-page","status-publish","hentry"],"acf":[],"yoast_head":"<!-- This site is optimized with the Yoast SEO plugin v20.0 - https:\/\/yoast.com\/wordpress\/plugins\/seo\/ -->\n<title>Gemifikovana eko-preduzetni\u010dka edukacija - BC4ESE<\/title>\n<meta name=\"robots\" content=\"index, follow, max-snippet:-1, max-image-preview:large, max-video-preview:-1\" \/>\n<link rel=\"canonical\" href=\"https:\/\/ecosocent.eu\/sr\/gemifikovana-eko-preduzetnicka-edukacija\/\" \/>\n<meta property=\"og:locale\" content=\"sr_RS\" \/>\n<meta property=\"og:type\" content=\"article\" \/>\n<meta property=\"og:title\" content=\"Gemifikovana eko-preduzetni\u010dka edukacija - BC4ESE\" \/>\n<meta property=\"og:description\" content=\"Cilj ovog dokumenta je da sagleda digitalnu gejmifikaciju i metodologiju digitalnog modela obrazovanja u podu\u010davanju tema o preduzetni\u0161tvu mladih u zemljama Evrope i Zapadnog Balkana, \u010dlanicama konzorcijuma projekta BC4ESE. Jedan od ciljeva ove publikacije je i razvoj gejmifikovanih digitalnih obrazovnih resursa, alata i aktivnosti koje podu\u010davaju i promovi\u0161u socijalno i eko-preduzetni\u0161tvo me\u0111u mladima, dok je [&hellip;]\" \/>\n<meta property=\"og:url\" content=\"https:\/\/ecosocent.eu\/sr\/gemifikovana-eko-preduzetnicka-edukacija\/\" \/>\n<meta property=\"og:site_name\" content=\"BC4ESE\" \/>\n<meta property=\"article:modified_time\" content=\"2023-09-04T11:58:36+00:00\" \/>\n<meta name=\"twitter:card\" content=\"summary_large_image\" \/>\n<meta name=\"twitter:label1\" content=\"\u041f\u0440\u043e\u0446\u0435\u045a\u0435\u043d\u043e \u0432\u0440\u0435\u043c\u0435 \u0447\u0438\u0442\u0430\u045a\u0430\" \/>\n\t<meta name=\"twitter:data1\" content=\"1 \u043c\u0438\u043d\u0443\u0442\" \/>\n<script type=\"application\/ld+json\" class=\"yoast-schema-graph\">{\"@context\":\"https:\/\/schema.org\",\"@graph\":[{\"@type\":\"WebPage\",\"@id\":\"https:\/\/ecosocent.eu\/sr\/gemifikovana-eko-preduzetnicka-edukacija\/\",\"url\":\"https:\/\/ecosocent.eu\/sr\/gemifikovana-eko-preduzetnicka-edukacija\/\",\"name\":\"Gemifikovana eko-preduzetni\u010dka edukacija - BC4ESE\",\"isPartOf\":{\"@id\":\"https:\/\/ecosocent.eu\/sr\/#website\"},\"datePublished\":\"2023-07-19T13:18:03+00:00\",\"dateModified\":\"2023-09-04T11:58:36+00:00\",\"breadcrumb\":{\"@id\":\"https:\/\/ecosocent.eu\/sr\/gemifikovana-eko-preduzetnicka-edukacija\/#breadcrumb\"},\"inLanguage\":\"sr-RS\",\"potentialAction\":[{\"@type\":\"ReadAction\",\"target\":[\"https:\/\/ecosocent.eu\/sr\/gemifikovana-eko-preduzetnicka-edukacija\/\"]}]},{\"@type\":\"BreadcrumbList\",\"@id\":\"https:\/\/ecosocent.eu\/sr\/gemifikovana-eko-preduzetnicka-edukacija\/#breadcrumb\",\"itemListElement\":[{\"@type\":\"ListItem\",\"position\":1,\"name\":\"Home\",\"item\":\"https:\/\/ecosocent.eu\/sr\/\"},{\"@type\":\"ListItem\",\"position\":2,\"name\":\"Gemifikovana eko-preduzetni\u010dka edukacija\"}]},{\"@type\":\"WebSite\",\"@id\":\"https:\/\/ecosocent.eu\/sr\/#website\",\"url\":\"https:\/\/ecosocent.eu\/sr\/\",\"name\":\"BC4ESE\",\"description\":\"Building capacities for innovation in the eco-social entrepreneurship education\",\"potentialAction\":[{\"@type\":\"SearchAction\",\"target\":{\"@type\":\"EntryPoint\",\"urlTemplate\":\"https:\/\/ecosocent.eu\/sr\/?s={search_term_string}\"},\"query-input\":\"required name=search_term_string\"}],\"inLanguage\":\"sr-RS\"}]}<\/script>\n<!-- \/ Yoast SEO plugin. -->","yoast_head_json":{"title":"Gemifikovana eko-preduzetni\u010dka edukacija - BC4ESE","robots":{"index":"index","follow":"follow","max-snippet":"max-snippet:-1","max-image-preview":"max-image-preview:large","max-video-preview":"max-video-preview:-1"},"canonical":"https:\/\/ecosocent.eu\/sr\/gemifikovana-eko-preduzetnicka-edukacija\/","og_locale":"sr_RS","og_type":"article","og_title":"Gemifikovana eko-preduzetni\u010dka edukacija - BC4ESE","og_description":"Cilj ovog dokumenta je da sagleda digitalnu gejmifikaciju i metodologiju digitalnog modela obrazovanja u podu\u010davanju tema o preduzetni\u0161tvu mladih u zemljama Evrope i Zapadnog Balkana, \u010dlanicama konzorcijuma projekta BC4ESE. Jedan od ciljeva ove publikacije je i razvoj gejmifikovanih digitalnih obrazovnih resursa, alata i aktivnosti koje podu\u010davaju i promovi\u0161u socijalno i eko-preduzetni\u0161tvo me\u0111u mladima, dok je [&hellip;]","og_url":"https:\/\/ecosocent.eu\/sr\/gemifikovana-eko-preduzetnicka-edukacija\/","og_site_name":"BC4ESE","article_modified_time":"2023-09-04T11:58:36+00:00","twitter_card":"summary_large_image","twitter_misc":{"\u041f\u0440\u043e\u0446\u0435\u045a\u0435\u043d\u043e \u0432\u0440\u0435\u043c\u0435 \u0447\u0438\u0442\u0430\u045a\u0430":"1 \u043c\u0438\u043d\u0443\u0442"},"schema":{"@context":"https:\/\/schema.org","@graph":[{"@type":"WebPage","@id":"https:\/\/ecosocent.eu\/sr\/gemifikovana-eko-preduzetnicka-edukacija\/","url":"https:\/\/ecosocent.eu\/sr\/gemifikovana-eko-preduzetnicka-edukacija\/","name":"Gemifikovana eko-preduzetni\u010dka edukacija - BC4ESE","isPartOf":{"@id":"https:\/\/ecosocent.eu\/sr\/#website"},"datePublished":"2023-07-19T13:18:03+00:00","dateModified":"2023-09-04T11:58:36+00:00","breadcrumb":{"@id":"https:\/\/ecosocent.eu\/sr\/gemifikovana-eko-preduzetnicka-edukacija\/#breadcrumb"},"inLanguage":"sr-RS","potentialAction":[{"@type":"ReadAction","target":["https:\/\/ecosocent.eu\/sr\/gemifikovana-eko-preduzetnicka-edukacija\/"]}]},{"@type":"BreadcrumbList","@id":"https:\/\/ecosocent.eu\/sr\/gemifikovana-eko-preduzetnicka-edukacija\/#breadcrumb","itemListElement":[{"@type":"ListItem","position":1,"name":"Home","item":"https:\/\/ecosocent.eu\/sr\/"},{"@type":"ListItem","position":2,"name":"Gemifikovana eko-preduzetni\u010dka edukacija"}]},{"@type":"WebSite","@id":"https:\/\/ecosocent.eu\/sr\/#website","url":"https:\/\/ecosocent.eu\/sr\/","name":"BC4ESE","description":"Building capacities for innovation in the eco-social entrepreneurship education","potentialAction":[{"@type":"SearchAction","target":{"@type":"EntryPoint","urlTemplate":"https:\/\/ecosocent.eu\/sr\/?s={search_term_string}"},"query-input":"required name=search_term_string"}],"inLanguage":"sr-RS"}]}},"_links":{"self":[{"href":"https:\/\/ecosocent.eu\/sr\/wp-json\/wp\/v2\/pages\/1108","targetHints":{"allow":["GET"]}}],"collection":[{"href":"https:\/\/ecosocent.eu\/sr\/wp-json\/wp\/v2\/pages"}],"about":[{"href":"https:\/\/ecosocent.eu\/sr\/wp-json\/wp\/v2\/types\/page"}],"author":[{"embeddable":true,"href":"https:\/\/ecosocent.eu\/sr\/wp-json\/wp\/v2\/users\/1"}],"replies":[{"embeddable":true,"href":"https:\/\/ecosocent.eu\/sr\/wp-json\/wp\/v2\/comments?post=1108"}],"version-history":[{"count":4,"href":"https:\/\/ecosocent.eu\/sr\/wp-json\/wp\/v2\/pages\/1108\/revisions"}],"predecessor-version":[{"id":1142,"href":"https:\/\/ecosocent.eu\/sr\/wp-json\/wp\/v2\/pages\/1108\/revisions\/1142"}],"wp:attachment":[{"href":"https:\/\/ecosocent.eu\/sr\/wp-json\/wp\/v2\/media?parent=1108"}],"curies":[{"name":"wp","href":"https:\/\/api.w.org\/{rel}","templated":true}]}}