{"id":1967,"date":"2024-06-28T12:26:32","date_gmt":"2024-06-28T12:26:32","guid":{"rendered":"https:\/\/ecosocent.eu\/o4-online-neformalno-obrazovanje-za-osobe-koje-rade-sa-mladima-eco-se-e-training\/"},"modified":"2024-12-02T12:54:25","modified_gmt":"2024-12-02T12:54:25","slug":"o4-online-neformalno-obrazovanje-za-osobe-koje-rade-sa-mladima-eco-se-e-training","status":"publish","type":"page","link":"https:\/\/ecosocent.eu\/sr\/o4-online-neformalno-obrazovanje-za-osobe-koje-rade-sa-mladima-eco-se-e-training\/","title":{"rendered":"O4: Online neformalno obrazovanje za omladinske radnike \u201eEco-SE E-trening\u201c"},"content":{"rendered":"<p>Ova \u201eEco-SE E-obuka\u201c ima za cilj da motivi\u0161e i pripremi omladinske radnike za promovisanje eko-socijalnog pristupa preduzetni\u0161tvu me\u0111u mladima. Cilj je da se podstakne odr\u017eivi razvoj i neguje kultura inovacija kod mla\u0111e generacije. Program e-obuke je strukturiran u \u0161est modula za e-u\u010denje, koji se realizuju tokom dvodnevne obuke. Svaki modul je pa\u017eljivo osmi\u0161ljen kako bi pokrio razli\u010dite aspekte eko-socijalnog preduzetni\u0161tva, pru\u017eaju\u0107i detaljna znanja i prakti\u010dne ve\u0161tine. Nastavni plan uklju\u010duje slede\u0107e teme:<\/p>\n<ul>\n<li style=\"font-weight: 400;\" aria-level=\"1\"><strong>Uvod u preduzetni\u0161tvo:<\/strong> Ovaj modul ima za cilj da upozna omladinske radnike sa osnovnim pojmovima preduzetni\u0161tva, uklju\u010duju\u0107i karakteristike uspe\u0161nih preduzetnika, preduzetni\u010dki na\u010din razmi\u0161ljanja i proces pokretanja i vo\u0111enja posla. Kao rezultat, u\u010desnici \u2013 omladinski radnici \u2013 ste\u0107i \u0107e znanje i digitalne alate za edukaciju mladih o razli\u010ditim vrstama preduzetni\u0161tva i klju\u010dnim ve\u0161tinama potrebnim za uspeh.<\/li>\n<li style=\"font-weight: 400;\" aria-level=\"1\"><strong>Uvod u eko-socijalno preduzetni\u0161tvo:<\/strong> Ova sesija za omladinske radnike istra\u017euje principe eko-socijalnog preduzetni\u0161tva, fokusiraju\u0107i se na poslovanje koje ima za cilj re\u0161avanje dru\u0161tvenih i ekolo\u0161kih problema. Kao rezultat, omladinski radnici \u0107e razumeti eko-socijalni koncept u poslovanju i nau\u010di\u0107e kako da mladima predstave preduze\u0107a koja nisu samo profitabilna, ve\u0107 i pozitivno doprinose dru\u0161tvu i \u017eivotnoj sredini.<\/li>\n<li style=\"font-weight: 400;\" aria-level=\"1\"><strong>Odr\u017eivost i dru\u0161tvena odgovornost:<\/strong> U ovom modulu, omladinski radnici \u0107e nau\u010diti o va\u017enosti odr\u017eivosti i dru\u0161tvene odgovornosti preduze\u0107a (CSR) u poslovanju. Dobija\u0107e znanja i digitalne alate za upoznavanje mladih sa odr\u017eivim poslovnim praksama, eti\u010dkim odlu\u010divanjem i na\u010dinima na koje kompanije mogu balansirati profit sa pozitivnim dru\u0161tvenim i ekolo\u0161kim uticajem.<\/li>\n<li style=\"font-weight: 400;\" aria-level=\"1\"><strong>Inovacija i kreativnost:<\/strong> Ova sesija nagla\u0161ava ulogu inovacija i kreativnosti u preduzetni\u0161tvu. Omladinski radnici, kao u\u010desnici, istra\u017eiva\u0107e tehnike za generisanje kreativnih ideja, razvijanje inovativnih proizvoda i usluga, kao i negovanje kulture inovacija u svojim organizacijama. Kao rezultat, ste\u0107i \u0107e znanja i materijale kako bi opremili mlade kreativnim ve\u0161tinama u poslovanju.<\/li>\n<li style=\"font-weight: 400;\" aria-level=\"1\"><strong>Planiranje i strategija poslovanja:<\/strong> Ovaj modul pokriva osnove planiranja poslovanja i razvoja strategije. Omladinski radnici \u0107e ve\u017ebati izradu poslovnih planova, sprovo\u0111enje istra\u017eivanja tr\u017ei\u0161ta i razvijanje strate\u0161kih ciljeva i akcijskih planova za vo\u0111enje poslovanja ka rastu i uspehu. Kao rezultat, ima\u0107e znanja, digitalne alate i materijale (npr. Canvas model) kako bi mlade uputili u poslovno planiranje i strate\u0161ke pristupe na po\u010detku ovog procesa.<\/li>\n<li style=\"font-weight: 400;\" aria-level=\"1\"><strong>Marketing i prodaja:<\/strong> Poslednji modul fokusira se na efikasne marketin\u0161ke i prodajne strategije. Omladinski radnici \u0107e nau\u010diti tehnike za razumevanje potreba korisnika, razvoj marketin\u0161kih kampanja, kori\u0161\u0107enje digitalnih marketin\u0161kih alata i usvajanje jakih prodajnih tehnika za unapre\u0111enje rasta poslovanja. Kao rezultat, ima\u0107e osnovna znanja i materijale za upoznavanje mladih sa efikasnim planiranjem marketinga i prodaje.<\/li>\n<\/ul>\n","protected":false},"excerpt":{"rendered":"<p>Ova \u201eEco-SE E-obuka\u201c ima za cilj da motivi\u0161e i pripremi omladinske radnike za promovisanje eko-socijalnog pristupa preduzetni\u0161tvu me\u0111u mladima. Cilj je da se podstakne odr\u017eivi razvoj i neguje kultura inovacija kod mla\u0111e generacije. Program e-obuke je strukturiran u \u0161est modula za e-u\u010denje, koji se realizuju tokom dvodnevne obuke. Svaki modul je pa\u017eljivo osmi\u0161ljen kako bi [&hellip;]<\/p>\n","protected":false},"author":1,"featured_media":0,"parent":0,"menu_order":0,"comment_status":"closed","ping_status":"closed","template":"templates\/template-book4.php","meta":{"footnotes":""},"class_list":["post-1967","page","type-page","status-publish","hentry"],"acf":[],"yoast_head":"<!-- This site is optimized with the Yoast SEO plugin v20.0 - https:\/\/yoast.com\/wordpress\/plugins\/seo\/ -->\n<title>O4: Online neformalno obrazovanje za omladinske radnike \u201eEco-SE E-trening\u201c - BC4ESE<\/title>\n<meta name=\"robots\" content=\"index, follow, max-snippet:-1, max-image-preview:large, max-video-preview:-1\" \/>\n<link rel=\"canonical\" href=\"https:\/\/ecosocent.eu\/sr\/o4-online-neformalno-obrazovanje-za-osobe-koje-rade-sa-mladima-eco-se-e-training\/\" \/>\n<meta property=\"og:locale\" content=\"sr_RS\" \/>\n<meta property=\"og:type\" content=\"article\" \/>\n<meta property=\"og:title\" content=\"O4: Online neformalno obrazovanje za omladinske radnike \u201eEco-SE E-trening\u201c - BC4ESE\" \/>\n<meta property=\"og:description\" content=\"Ova \u201eEco-SE E-obuka\u201c ima za cilj da motivi\u0161e i pripremi omladinske radnike za promovisanje eko-socijalnog pristupa preduzetni\u0161tvu me\u0111u mladima. Cilj je da se podstakne odr\u017eivi razvoj i neguje kultura inovacija kod mla\u0111e generacije. Program e-obuke je strukturiran u \u0161est modula za e-u\u010denje, koji se realizuju tokom dvodnevne obuke. Svaki modul je pa\u017eljivo osmi\u0161ljen kako bi [&hellip;]\" \/>\n<meta property=\"og:url\" content=\"https:\/\/ecosocent.eu\/sr\/o4-online-neformalno-obrazovanje-za-osobe-koje-rade-sa-mladima-eco-se-e-training\/\" \/>\n<meta property=\"og:site_name\" content=\"BC4ESE\" \/>\n<meta property=\"article:modified_time\" content=\"2024-12-02T12:54:25+00:00\" \/>\n<meta name=\"twitter:card\" content=\"summary_large_image\" \/>\n<meta name=\"twitter:label1\" content=\"\u041f\u0440\u043e\u0446\u0435\u045a\u0435\u043d\u043e \u0432\u0440\u0435\u043c\u0435 \u0447\u0438\u0442\u0430\u045a\u0430\" \/>\n\t<meta name=\"twitter:data1\" content=\"2 \u043c\u0438\u043d\u0443\u0442\u0430\" \/>\n<script type=\"application\/ld+json\" class=\"yoast-schema-graph\">{\"@context\":\"https:\/\/schema.org\",\"@graph\":[{\"@type\":\"WebPage\",\"@id\":\"https:\/\/ecosocent.eu\/sr\/o4-online-neformalno-obrazovanje-za-osobe-koje-rade-sa-mladima-eco-se-e-training\/\",\"url\":\"https:\/\/ecosocent.eu\/sr\/o4-online-neformalno-obrazovanje-za-osobe-koje-rade-sa-mladima-eco-se-e-training\/\",\"name\":\"O4: Online neformalno obrazovanje za omladinske radnike \u201eEco-SE E-trening\u201c - BC4ESE\",\"isPartOf\":{\"@id\":\"https:\/\/ecosocent.eu\/sr\/#website\"},\"datePublished\":\"2024-06-28T12:26:32+00:00\",\"dateModified\":\"2024-12-02T12:54:25+00:00\",\"breadcrumb\":{\"@id\":\"https:\/\/ecosocent.eu\/sr\/o4-online-neformalno-obrazovanje-za-osobe-koje-rade-sa-mladima-eco-se-e-training\/#breadcrumb\"},\"inLanguage\":\"sr-RS\",\"potentialAction\":[{\"@type\":\"ReadAction\",\"target\":[\"https:\/\/ecosocent.eu\/sr\/o4-online-neformalno-obrazovanje-za-osobe-koje-rade-sa-mladima-eco-se-e-training\/\"]}]},{\"@type\":\"BreadcrumbList\",\"@id\":\"https:\/\/ecosocent.eu\/sr\/o4-online-neformalno-obrazovanje-za-osobe-koje-rade-sa-mladima-eco-se-e-training\/#breadcrumb\",\"itemListElement\":[{\"@type\":\"ListItem\",\"position\":1,\"name\":\"Home\",\"item\":\"https:\/\/ecosocent.eu\/sr\/\"},{\"@type\":\"ListItem\",\"position\":2,\"name\":\"O4: Online neformalno obrazovanje za omladinske radnike \u201eEco-SE E-trening\u201c\"}]},{\"@type\":\"WebSite\",\"@id\":\"https:\/\/ecosocent.eu\/sr\/#website\",\"url\":\"https:\/\/ecosocent.eu\/sr\/\",\"name\":\"BC4ESE\",\"description\":\"Building capacities for innovation in the eco-social entrepreneurship education\",\"potentialAction\":[{\"@type\":\"SearchAction\",\"target\":{\"@type\":\"EntryPoint\",\"urlTemplate\":\"https:\/\/ecosocent.eu\/sr\/?s={search_term_string}\"},\"query-input\":\"required name=search_term_string\"}],\"inLanguage\":\"sr-RS\"}]}<\/script>\n<!-- \/ Yoast SEO plugin. -->","yoast_head_json":{"title":"O4: Online neformalno obrazovanje za omladinske radnike \u201eEco-SE E-trening\u201c - BC4ESE","robots":{"index":"index","follow":"follow","max-snippet":"max-snippet:-1","max-image-preview":"max-image-preview:large","max-video-preview":"max-video-preview:-1"},"canonical":"https:\/\/ecosocent.eu\/sr\/o4-online-neformalno-obrazovanje-za-osobe-koje-rade-sa-mladima-eco-se-e-training\/","og_locale":"sr_RS","og_type":"article","og_title":"O4: Online neformalno obrazovanje za omladinske radnike \u201eEco-SE E-trening\u201c - BC4ESE","og_description":"Ova \u201eEco-SE E-obuka\u201c ima za cilj da motivi\u0161e i pripremi omladinske radnike za promovisanje eko-socijalnog pristupa preduzetni\u0161tvu me\u0111u mladima. Cilj je da se podstakne odr\u017eivi razvoj i neguje kultura inovacija kod mla\u0111e generacije. Program e-obuke je strukturiran u \u0161est modula za e-u\u010denje, koji se realizuju tokom dvodnevne obuke. Svaki modul je pa\u017eljivo osmi\u0161ljen kako bi [&hellip;]","og_url":"https:\/\/ecosocent.eu\/sr\/o4-online-neformalno-obrazovanje-za-osobe-koje-rade-sa-mladima-eco-se-e-training\/","og_site_name":"BC4ESE","article_modified_time":"2024-12-02T12:54:25+00:00","twitter_card":"summary_large_image","twitter_misc":{"\u041f\u0440\u043e\u0446\u0435\u045a\u0435\u043d\u043e \u0432\u0440\u0435\u043c\u0435 \u0447\u0438\u0442\u0430\u045a\u0430":"2 \u043c\u0438\u043d\u0443\u0442\u0430"},"schema":{"@context":"https:\/\/schema.org","@graph":[{"@type":"WebPage","@id":"https:\/\/ecosocent.eu\/sr\/o4-online-neformalno-obrazovanje-za-osobe-koje-rade-sa-mladima-eco-se-e-training\/","url":"https:\/\/ecosocent.eu\/sr\/o4-online-neformalno-obrazovanje-za-osobe-koje-rade-sa-mladima-eco-se-e-training\/","name":"O4: Online neformalno obrazovanje za omladinske radnike \u201eEco-SE E-trening\u201c - BC4ESE","isPartOf":{"@id":"https:\/\/ecosocent.eu\/sr\/#website"},"datePublished":"2024-06-28T12:26:32+00:00","dateModified":"2024-12-02T12:54:25+00:00","breadcrumb":{"@id":"https:\/\/ecosocent.eu\/sr\/o4-online-neformalno-obrazovanje-za-osobe-koje-rade-sa-mladima-eco-se-e-training\/#breadcrumb"},"inLanguage":"sr-RS","potentialAction":[{"@type":"ReadAction","target":["https:\/\/ecosocent.eu\/sr\/o4-online-neformalno-obrazovanje-za-osobe-koje-rade-sa-mladima-eco-se-e-training\/"]}]},{"@type":"BreadcrumbList","@id":"https:\/\/ecosocent.eu\/sr\/o4-online-neformalno-obrazovanje-za-osobe-koje-rade-sa-mladima-eco-se-e-training\/#breadcrumb","itemListElement":[{"@type":"ListItem","position":1,"name":"Home","item":"https:\/\/ecosocent.eu\/sr\/"},{"@type":"ListItem","position":2,"name":"O4: Online neformalno obrazovanje za omladinske radnike \u201eEco-SE E-trening\u201c"}]},{"@type":"WebSite","@id":"https:\/\/ecosocent.eu\/sr\/#website","url":"https:\/\/ecosocent.eu\/sr\/","name":"BC4ESE","description":"Building capacities for innovation in the eco-social entrepreneurship education","potentialAction":[{"@type":"SearchAction","target":{"@type":"EntryPoint","urlTemplate":"https:\/\/ecosocent.eu\/sr\/?s={search_term_string}"},"query-input":"required name=search_term_string"}],"inLanguage":"sr-RS"}]}},"_links":{"self":[{"href":"https:\/\/ecosocent.eu\/sr\/wp-json\/wp\/v2\/pages\/1967","targetHints":{"allow":["GET"]}}],"collection":[{"href":"https:\/\/ecosocent.eu\/sr\/wp-json\/wp\/v2\/pages"}],"about":[{"href":"https:\/\/ecosocent.eu\/sr\/wp-json\/wp\/v2\/types\/page"}],"author":[{"embeddable":true,"href":"https:\/\/ecosocent.eu\/sr\/wp-json\/wp\/v2\/users\/1"}],"replies":[{"embeddable":true,"href":"https:\/\/ecosocent.eu\/sr\/wp-json\/wp\/v2\/comments?post=1967"}],"version-history":[{"count":4,"href":"https:\/\/ecosocent.eu\/sr\/wp-json\/wp\/v2\/pages\/1967\/revisions"}],"predecessor-version":[{"id":2065,"href":"https:\/\/ecosocent.eu\/sr\/wp-json\/wp\/v2\/pages\/1967\/revisions\/2065"}],"wp:attachment":[{"href":"https:\/\/ecosocent.eu\/sr\/wp-json\/wp\/v2\/media?parent=1967"}],"curies":[{"name":"wp","href":"https:\/\/api.w.org\/{rel}","templated":true}]}}