{"id":480,"date":"2022-12-01T14:22:43","date_gmt":"2022-12-01T14:22:43","guid":{"rendered":"https:\/\/ecosocent.eu\/eco-social-entrepreneurship-analysis-needs-obstacles-and-good-practices\/"},"modified":"2023-02-23T13:23:14","modified_gmt":"2023-02-23T13:23:14","slug":"analiza-eko-socijalnog-preduzetnistva-potrebe-prepreke-i-dobre-prakse","status":"publish","type":"page","link":"https:\/\/ecosocent.eu\/sr\/analiza-eko-socijalnog-preduzetnistva-potrebe-prepreke-i-dobre-prakse\/","title":{"rendered":"Analiza eko-socijalnog preduzetni\u0161tva:  potrebe, prepreke i dobre prakse"},"content":{"rendered":"<p style=\"text-align: left;\">Cilj ovog dokumenta je sagledati eko-socijalnu ekonomiju u evropskim zemljama i partnerskim zemljama Zapadnog Balkana. Kona\u010dni cilj je podsta\u0107i vi\u0161e mladih ljudi na pokretanje i razvoj eko-socijalnih preduze\u0107a i osigurati im pristup odgovaraju\u0107oj pomo\u0107i i podr\u0161ci u svakoj fazi njihovog preduzetni\u010dkog puta<\/p>\n<p style=\"text-align: left;\">Diesis Network i CDP \u201cGlobus\u201d odgovorni su partneri za izradu ovog dokumenta i podr\u0161ku svim partnerima na projektu: vodie\u0107i partner CEDRA Split (Hrvatska), Agencija za lokalni razvoj Prozor-Rama (Bosna i Hercegovina), Mladi ambasadori (Srbija), ADP-Zid i Centar za stru\u010dno obrazovanje (Crna Gora) i Hub Nicosia (Kipar).<br \/>\nOvaj dokument podeljen je u dva glavna dela: op\u0161te informacije o socijalnom\/dru\u0161tvenom preduzetni\u0161tva i konceptu eko-socijalnog preduzetni\u0161tva, te analiza u zemlji.<br \/>\nZa svaku zemlju, fokusirali smo se na slede\u0107e ta\u010dke:<\/p>\n<ol style=\"text-align: left;\" type=\"a\">\n<li style=\"text-align: left;\">a.)\u00a0Istra\u017eivanje i analizu postoje\u0107eg stanja eko-socijalnog preduzetni\u0161tva u partnerskim zemljama<\/li>\n<li style=\"text-align: left;\">b.)\u00a0Istra\u017eivanje prepreka za razvoj eko-socijalnih projekata i aktivnosti kroz socijalno\/dru\u0161tveno preduzetni\u0161tvo<\/li>\n<li style=\"text-align: left;\">c.)\u00a0Primere dobre prakse postoje\u0107ih eko-socijalnih preduzetnika u partnerskim zemljama, EU i svetu.<\/li>\n<\/ol>\n<p style=\"text-align: left;\">S obzirom na to da je Zapadni Balkan jedan od regiona u Evropi koji su najvi\u0161e pogo\u0111eni klimatskim promenama i da se procenjuje da \u0107e isti trend biti do kraja veka, aktivnosti predvi\u0111ene Zelenom agendom za Zapadni Balkan u okviru Ekonomskog i investicionog plana za Zapadni Balkan, klju\u010dni su faktori za postizanje cilja klimatske neutralnosti. Eko-socijalno preduzetni\u0161tvo \u010dini zna\u010dajan dio Zelene agende, \u0161to zasigurno mo\u017ee podsta\u0107i region da tra\u017ei opcije za smanjenje otiska potro\u0161nje i pove\u0107anje stope cirkularne upotrebe materijala, \u0161to \u0107e zauzvrat podsta\u0107i ekonomski rast.<sup>1<\/sup><\/p>\n<h6 style=\"text-align: left;\"><sup>1<\/sup> Radni dokument Komisije (2020), Smernice za implementaciju Zelene agende za Zapadni Balkan koje prati Saop\u0161tenje Komisije Evropskom parlamentu, Savet&lt;, Evropskog ekonomskog i socijalnog odbora i Odbora regiona. Ekonomski i investicioni plan za Zapadni Balkan, SWD\/2020\/223 finalna verzija.<\/h6>\n","protected":false},"excerpt":{"rendered":"<p>Cilj ovog dokumenta je sagledati eko-socijalnu ekonomiju u evropskim zemljama i partnerskim zemljama Zapadnog Balkana. Kona\u010dni cilj je podsta\u0107i vi\u0161e mladih ljudi na pokretanje i razvoj eko-socijalnih preduze\u0107a i osigurati im pristup odgovaraju\u0107oj pomo\u0107i i podr\u0161ci u svakoj fazi njihovog preduzetni\u010dkog puta Diesis Network i CDP \u201cGlobus\u201d odgovorni su partneri za izradu ovog dokumenta i [&hellip;]<\/p>\n","protected":false},"author":1,"featured_media":415,"parent":0,"menu_order":0,"comment_status":"closed","ping_status":"closed","template":"templates\/template-book.php","meta":{"footnotes":""},"class_list":["post-480","page","type-page","status-publish","has-post-thumbnail","hentry"],"acf":[],"yoast_head":"<!-- This site is optimized with the Yoast SEO plugin v20.0 - https:\/\/yoast.com\/wordpress\/plugins\/seo\/ -->\n<title>Analiza eko-socijalnog preduzetni\u0161tva: potrebe, prepreke i dobre prakse - BC4ESE<\/title>\n<meta name=\"robots\" content=\"index, follow, max-snippet:-1, max-image-preview:large, max-video-preview:-1\" \/>\n<link rel=\"canonical\" href=\"https:\/\/ecosocent.eu\/sr\/analiza-eko-socijalnog-preduzetnistva-potrebe-prepreke-i-dobre-prakse\/\" \/>\n<meta property=\"og:locale\" content=\"sr_RS\" \/>\n<meta property=\"og:type\" content=\"article\" \/>\n<meta property=\"og:title\" content=\"Analiza eko-socijalnog preduzetni\u0161tva: potrebe, prepreke i dobre prakse - BC4ESE\" \/>\n<meta property=\"og:description\" content=\"Cilj ovog dokumenta je sagledati eko-socijalnu ekonomiju u evropskim zemljama i partnerskim zemljama Zapadnog Balkana. Kona\u010dni cilj je podsta\u0107i vi\u0161e mladih ljudi na pokretanje i razvoj eko-socijalnih preduze\u0107a i osigurati im pristup odgovaraju\u0107oj pomo\u0107i i podr\u0161ci u svakoj fazi njihovog preduzetni\u010dkog puta Diesis Network i CDP \u201cGlobus\u201d odgovorni su partneri za izradu ovog dokumenta i [&hellip;]\" \/>\n<meta property=\"og:url\" content=\"https:\/\/ecosocent.eu\/sr\/analiza-eko-socijalnog-preduzetnistva-potrebe-prepreke-i-dobre-prakse\/\" \/>\n<meta property=\"og:site_name\" content=\"BC4ESE\" \/>\n<meta property=\"article:modified_time\" content=\"2023-02-23T13:23:14+00:00\" \/>\n<meta property=\"og:image\" content=\"https:\/\/ecosocent.eu\/wp-content\/uploads\/2022\/12\/io1.png\" \/>\n\t<meta property=\"og:image:width\" content=\"624\" \/>\n\t<meta property=\"og:image:height\" content=\"390\" \/>\n\t<meta property=\"og:image:type\" content=\"image\/png\" \/>\n<meta name=\"twitter:card\" content=\"summary_large_image\" \/>\n<meta name=\"twitter:label1\" content=\"\u041f\u0440\u043e\u0446\u0435\u045a\u0435\u043d\u043e \u0432\u0440\u0435\u043c\u0435 \u0447\u0438\u0442\u0430\u045a\u0430\" \/>\n\t<meta name=\"twitter:data1\" content=\"2 \u043c\u0438\u043d\u0443\u0442\u0430\" \/>\n<script type=\"application\/ld+json\" class=\"yoast-schema-graph\">{\"@context\":\"https:\/\/schema.org\",\"@graph\":[{\"@type\":\"WebPage\",\"@id\":\"https:\/\/ecosocent.eu\/sr\/analiza-eko-socijalnog-preduzetnistva-potrebe-prepreke-i-dobre-prakse\/\",\"url\":\"https:\/\/ecosocent.eu\/sr\/analiza-eko-socijalnog-preduzetnistva-potrebe-prepreke-i-dobre-prakse\/\",\"name\":\"Analiza eko-socijalnog preduzetni\u0161tva: potrebe, prepreke i dobre prakse - BC4ESE\",\"isPartOf\":{\"@id\":\"https:\/\/ecosocent.eu\/sr\/#website\"},\"datePublished\":\"2022-12-01T14:22:43+00:00\",\"dateModified\":\"2023-02-23T13:23:14+00:00\",\"breadcrumb\":{\"@id\":\"https:\/\/ecosocent.eu\/sr\/analiza-eko-socijalnog-preduzetnistva-potrebe-prepreke-i-dobre-prakse\/#breadcrumb\"},\"inLanguage\":\"sr-RS\",\"potentialAction\":[{\"@type\":\"ReadAction\",\"target\":[\"https:\/\/ecosocent.eu\/sr\/analiza-eko-socijalnog-preduzetnistva-potrebe-prepreke-i-dobre-prakse\/\"]}]},{\"@type\":\"BreadcrumbList\",\"@id\":\"https:\/\/ecosocent.eu\/sr\/analiza-eko-socijalnog-preduzetnistva-potrebe-prepreke-i-dobre-prakse\/#breadcrumb\",\"itemListElement\":[{\"@type\":\"ListItem\",\"position\":1,\"name\":\"Home\",\"item\":\"https:\/\/ecosocent.eu\/sr\/\"},{\"@type\":\"ListItem\",\"position\":2,\"name\":\"Analiza eko-socijalnog preduzetni\u0161tva: potrebe, prepreke i dobre prakse\"}]},{\"@type\":\"WebSite\",\"@id\":\"https:\/\/ecosocent.eu\/sr\/#website\",\"url\":\"https:\/\/ecosocent.eu\/sr\/\",\"name\":\"BC4ESE\",\"description\":\"Building capacities for innovation in the eco-social entrepreneurship education\",\"potentialAction\":[{\"@type\":\"SearchAction\",\"target\":{\"@type\":\"EntryPoint\",\"urlTemplate\":\"https:\/\/ecosocent.eu\/sr\/?s={search_term_string}\"},\"query-input\":\"required name=search_term_string\"}],\"inLanguage\":\"sr-RS\"}]}<\/script>\n<!-- \/ Yoast SEO plugin. -->","yoast_head_json":{"title":"Analiza eko-socijalnog preduzetni\u0161tva: potrebe, prepreke i dobre prakse - BC4ESE","robots":{"index":"index","follow":"follow","max-snippet":"max-snippet:-1","max-image-preview":"max-image-preview:large","max-video-preview":"max-video-preview:-1"},"canonical":"https:\/\/ecosocent.eu\/sr\/analiza-eko-socijalnog-preduzetnistva-potrebe-prepreke-i-dobre-prakse\/","og_locale":"sr_RS","og_type":"article","og_title":"Analiza eko-socijalnog preduzetni\u0161tva: potrebe, prepreke i dobre prakse - BC4ESE","og_description":"Cilj ovog dokumenta je sagledati eko-socijalnu ekonomiju u evropskim zemljama i partnerskim zemljama Zapadnog Balkana. Kona\u010dni cilj je podsta\u0107i vi\u0161e mladih ljudi na pokretanje i razvoj eko-socijalnih preduze\u0107a i osigurati im pristup odgovaraju\u0107oj pomo\u0107i i podr\u0161ci u svakoj fazi njihovog preduzetni\u010dkog puta Diesis Network i CDP \u201cGlobus\u201d odgovorni su partneri za izradu ovog dokumenta i [&hellip;]","og_url":"https:\/\/ecosocent.eu\/sr\/analiza-eko-socijalnog-preduzetnistva-potrebe-prepreke-i-dobre-prakse\/","og_site_name":"BC4ESE","article_modified_time":"2023-02-23T13:23:14+00:00","og_image":[{"width":624,"height":390,"url":"https:\/\/ecosocent.eu\/wp-content\/uploads\/2022\/12\/io1.png","type":"image\/png"}],"twitter_card":"summary_large_image","twitter_misc":{"\u041f\u0440\u043e\u0446\u0435\u045a\u0435\u043d\u043e \u0432\u0440\u0435\u043c\u0435 \u0447\u0438\u0442\u0430\u045a\u0430":"2 \u043c\u0438\u043d\u0443\u0442\u0430"},"schema":{"@context":"https:\/\/schema.org","@graph":[{"@type":"WebPage","@id":"https:\/\/ecosocent.eu\/sr\/analiza-eko-socijalnog-preduzetnistva-potrebe-prepreke-i-dobre-prakse\/","url":"https:\/\/ecosocent.eu\/sr\/analiza-eko-socijalnog-preduzetnistva-potrebe-prepreke-i-dobre-prakse\/","name":"Analiza eko-socijalnog preduzetni\u0161tva: potrebe, prepreke i dobre prakse - BC4ESE","isPartOf":{"@id":"https:\/\/ecosocent.eu\/sr\/#website"},"datePublished":"2022-12-01T14:22:43+00:00","dateModified":"2023-02-23T13:23:14+00:00","breadcrumb":{"@id":"https:\/\/ecosocent.eu\/sr\/analiza-eko-socijalnog-preduzetnistva-potrebe-prepreke-i-dobre-prakse\/#breadcrumb"},"inLanguage":"sr-RS","potentialAction":[{"@type":"ReadAction","target":["https:\/\/ecosocent.eu\/sr\/analiza-eko-socijalnog-preduzetnistva-potrebe-prepreke-i-dobre-prakse\/"]}]},{"@type":"BreadcrumbList","@id":"https:\/\/ecosocent.eu\/sr\/analiza-eko-socijalnog-preduzetnistva-potrebe-prepreke-i-dobre-prakse\/#breadcrumb","itemListElement":[{"@type":"ListItem","position":1,"name":"Home","item":"https:\/\/ecosocent.eu\/sr\/"},{"@type":"ListItem","position":2,"name":"Analiza eko-socijalnog preduzetni\u0161tva: potrebe, prepreke i dobre prakse"}]},{"@type":"WebSite","@id":"https:\/\/ecosocent.eu\/sr\/#website","url":"https:\/\/ecosocent.eu\/sr\/","name":"BC4ESE","description":"Building capacities for innovation in the eco-social entrepreneurship education","potentialAction":[{"@type":"SearchAction","target":{"@type":"EntryPoint","urlTemplate":"https:\/\/ecosocent.eu\/sr\/?s={search_term_string}"},"query-input":"required name=search_term_string"}],"inLanguage":"sr-RS"}]}},"_links":{"self":[{"href":"https:\/\/ecosocent.eu\/sr\/wp-json\/wp\/v2\/pages\/480","targetHints":{"allow":["GET"]}}],"collection":[{"href":"https:\/\/ecosocent.eu\/sr\/wp-json\/wp\/v2\/pages"}],"about":[{"href":"https:\/\/ecosocent.eu\/sr\/wp-json\/wp\/v2\/types\/page"}],"author":[{"embeddable":true,"href":"https:\/\/ecosocent.eu\/sr\/wp-json\/wp\/v2\/users\/1"}],"replies":[{"embeddable":true,"href":"https:\/\/ecosocent.eu\/sr\/wp-json\/wp\/v2\/comments?post=480"}],"version-history":[{"count":7,"href":"https:\/\/ecosocent.eu\/sr\/wp-json\/wp\/v2\/pages\/480\/revisions"}],"predecessor-version":[{"id":804,"href":"https:\/\/ecosocent.eu\/sr\/wp-json\/wp\/v2\/pages\/480\/revisions\/804"}],"wp:featuredmedia":[{"embeddable":true,"href":"https:\/\/ecosocent.eu\/sr\/wp-json\/wp\/v2\/media\/415"}],"wp:attachment":[{"href":"https:\/\/ecosocent.eu\/sr\/wp-json\/wp\/v2\/media?parent=480"}],"curies":[{"name":"wp","href":"https:\/\/api.w.org\/{rel}","templated":true}]}}